{"id":1806,"date":"2026-02-25T14:01:58","date_gmt":"2026-02-25T13:01:58","guid":{"rendered":"https:\/\/poolsparadise.fr\/?post_type=product&#038;p=1806"},"modified":"2026-02-25T14:03:04","modified_gmt":"2026-02-25T13:03:04","slug":"pompe-ph-peristaltique-15l-h","status":"publish","type":"product","link":"https:\/\/poolsparadise.fr\/?product=pompe-ph-peristaltique-15l-h","title":{"rendered":"Pompe PH p\u00e9ristaltique  1,5L\/H"},"content":{"rendered":"<div class=\"dosage-box\"><strong>USAGE PR\u00c9CONIS\u00c9 :<\/strong><br \/>\nRecommand\u00e9e pour l&rsquo;automatisation de l&rsquo;\u00e9quilibre de l&rsquo;eau en compl\u00e9ment d&rsquo;un syst\u00e8me de d\u00e9sinfection (Chlore liquide ou \u00c9lectrolyseur au sel).<\/div>\n<p>&nbsp;<\/p>\n<p><a style=\"display: inline-block; font-family: 'Montserrat', sans-serif; color: #1c4389; text-decoration: none; font-weight: bold; border: 2px solid #1c4389; padding: 10px 20px; border-radius: 5px;\" href=\"https:\/\/poolsparadise.fr\/?page_id=240\">DEMANDEZ UN PRIX<\/a><\/p>\n","protected":false},"excerpt":{"rendered":"<p><strong>CARACT\u00c9RISTIQUES<\/strong><\/p>\n<ul class=\"feature-list\">\n<li class=\"feature-item\"><strong>D\u00e9bit constant :<\/strong> Capacit\u00e9 d&rsquo;injection de 1,5 L\/h pour une r\u00e9gulation pr\u00e9cise du pH.<\/li>\n<li class=\"feature-item\"><strong>Technologie p\u00e9ristaltique :<\/strong> Syst\u00e8me auto-amor\u00e7ant id\u00e9al pour le dosage de produits chimiques comme le pH moins liquide.<\/li>\n<li class=\"feature-item\"><strong>Maintenance simplifi\u00e9e :<\/strong> Remplacement rapide du tube p\u00e9ristaltique sans outils complexes.<\/li>\n<li class=\"feature-item\"><strong>Fiabilit\u00e9 :<\/strong> M\u00e9canisme con\u00e7u pour \u00e9viter tout contact direct entre le produit chimique et les parties m\u00e9caniques de la pompe.<\/li>\n<\/ul>\n<p>&nbsp;<\/p>\n<p><a style=\"display: inline-block; font-family: 'Montserrat', sans-serif; color: #1c4389; text-decoration: none; font-weight: bold; border: 2px solid #1c4389; padding: 10px 20px; border-radius: 5px;\" href=\"https:\/\/poolsparadise.fr\/?page_id=240\">DEMANDEZ UN PRIX<\/a><\/p>\n","protected":false},"featured_media":1807,"comment_status":"closed","ping_status":"closed","template":"","meta":[],"product_brand":[],"product_cat":[24],"product_tag":[],"class_list":{"0":"post-1806","1":"product","2":"type-product","3":"status-publish","4":"has-post-thumbnail","6":"product_cat-materiel-filtration","8":"first","9":"instock","10":"shipping-taxable","11":"product-type-simple"},"yoast_head":"<!-- This site is optimized with the Yoast SEO plugin v26.8 - https:\/\/yoast.com\/product\/yoast-seo-wordpress\/ -->\n<title>Pompe PH p\u00e9ristaltique 1,5L\/H - Pools Paradise<\/title>\n<meta name=\"robots\" content=\"index, follow, max-snippet:-1, max-image-preview:large, max-video-preview:-1\" \/>\n<link rel=\"canonical\" href=\"https:\/\/poolsparadise.fr\/?product=pompe-ph-peristaltique-15l-h\" \/>\n<meta property=\"og:locale\" content=\"fr_FR\" \/>\n<meta property=\"og:type\" content=\"article\" \/>\n<meta property=\"og:title\" content=\"Pompe PH p\u00e9ristaltique 1,5L\/H - Pools Paradise\" \/>\n<meta property=\"og:description\" content=\"CARACT\u00c9RISTIQUES   D\u00e9bit constant : Capacit\u00e9 d&#039;injection de 1,5 L\/h pour une r\u00e9gulation pr\u00e9cise du pH.  Technologie p\u00e9ristaltique : Syst\u00e8me auto-amor\u00e7ant id\u00e9al pour le dosage de produits chimiques comme le pH moins liquide.  Maintenance simplifi\u00e9e : Remplacement rapide du tube p\u00e9ristaltique sans outils complexes.  Fiabilit\u00e9 : M\u00e9canisme con\u00e7u pour \u00e9viter tout contact direct entre le produit chimique et les parties m\u00e9caniques de la pompe.  &nbsp;  DEMANDEZ UN PRIX\" \/>\n<meta property=\"og:url\" content=\"https:\/\/poolsparadise.fr\/?product=pompe-ph-peristaltique-15l-h\" \/>\n<meta property=\"og:site_name\" content=\"Pools Paradise\" \/>\n<meta property=\"article:modified_time\" content=\"2026-02-25T13:03:04+00:00\" \/>\n<meta property=\"og:image\" content=\"http:\/\/poolsparadise.fr\/wp-content\/uploads\/2026\/02\/33.png\" \/>\n\t<meta property=\"og:image:width\" content=\"940\" \/>\n\t<meta property=\"og:image:height\" content=\"788\" \/>\n\t<meta property=\"og:image:type\" content=\"image\/png\" \/>\n<meta name=\"twitter:card\" content=\"summary_large_image\" \/>\n<meta name=\"twitter:label1\" content=\"Dur\u00e9e de lecture estim\u00e9e\" \/>\n\t<meta name=\"twitter:data1\" content=\"1 minute\" \/>\n<script type=\"application\/ld+json\" class=\"yoast-schema-graph\">{\"@context\":\"https:\/\/schema.org\",\"@graph\":[{\"@type\":\"WebPage\",\"@id\":\"https:\/\/poolsparadise.fr\/?product=pompe-ph-peristaltique-15l-h\",\"url\":\"https:\/\/poolsparadise.fr\/?product=pompe-ph-peristaltique-15l-h\",\"name\":\"Pompe PH p\u00e9ristaltique 1,5L\/H - Pools Paradise\",\"isPartOf\":{\"@id\":\"https:\/\/poolsparadise.fr\/#website\"},\"primaryImageOfPage\":{\"@id\":\"https:\/\/poolsparadise.fr\/?product=pompe-ph-peristaltique-15l-h#primaryimage\"},\"image\":{\"@id\":\"https:\/\/poolsparadise.fr\/?product=pompe-ph-peristaltique-15l-h#primaryimage\"},\"thumbnailUrl\":\"https:\/\/poolsparadise.fr\/wp-content\/uploads\/2026\/02\/33.png\",\"datePublished\":\"2026-02-25T13:01:58+00:00\",\"dateModified\":\"2026-02-25T13:03:04+00:00\",\"breadcrumb\":{\"@id\":\"https:\/\/poolsparadise.fr\/?product=pompe-ph-peristaltique-15l-h#breadcrumb\"},\"inLanguage\":\"fr-FR\",\"potentialAction\":[{\"@type\":\"ReadAction\",\"target\":[\"https:\/\/poolsparadise.fr\/?product=pompe-ph-peristaltique-15l-h\"]}]},{\"@type\":\"ImageObject\",\"inLanguage\":\"fr-FR\",\"@id\":\"https:\/\/poolsparadise.fr\/?product=pompe-ph-peristaltique-15l-h#primaryimage\",\"url\":\"https:\/\/poolsparadise.fr\/wp-content\/uploads\/2026\/02\/33.png\",\"contentUrl\":\"https:\/\/poolsparadise.fr\/wp-content\/uploads\/2026\/02\/33.png\",\"width\":940,\"height\":788},{\"@type\":\"BreadcrumbList\",\"@id\":\"https:\/\/poolsparadise.fr\/?product=pompe-ph-peristaltique-15l-h#breadcrumb\",\"itemListElement\":[{\"@type\":\"ListItem\",\"position\":1,\"name\":\"Accueil\",\"item\":\"https:\/\/poolsparadise.fr\/\"},{\"@type\":\"ListItem\",\"position\":2,\"name\":\"Produits\",\"item\":\"https:\/\/poolsparadise.fr\/?post_type=product\"},{\"@type\":\"ListItem\",\"position\":3,\"name\":\"Pompe PH p\u00e9ristaltique 1,5L\/H\"}]},{\"@type\":\"WebSite\",\"@id\":\"https:\/\/poolsparadise.fr\/#website\",\"url\":\"https:\/\/poolsparadise.fr\/\",\"name\":\"Pools Paradise\",\"description\":\"\",\"publisher\":{\"@id\":\"https:\/\/poolsparadise.fr\/#organization\"},\"potentialAction\":[{\"@type\":\"SearchAction\",\"target\":{\"@type\":\"EntryPoint\",\"urlTemplate\":\"https:\/\/poolsparadise.fr\/?s={search_term_string}\"},\"query-input\":{\"@type\":\"PropertyValueSpecification\",\"valueRequired\":true,\"valueName\":\"search_term_string\"}}],\"inLanguage\":\"fr-FR\"},{\"@type\":\"Organization\",\"@id\":\"https:\/\/poolsparadise.fr\/#organization\",\"name\":\"Pools Paradise\",\"url\":\"https:\/\/poolsparadise.fr\/\",\"logo\":{\"@type\":\"ImageObject\",\"inLanguage\":\"fr-FR\",\"@id\":\"https:\/\/poolsparadise.fr\/#\/schema\/logo\/image\/\",\"url\":\"https:\/\/poolsparadise.fr\/wp-content\/uploads\/2026\/01\/LOGO-HD-TRANSPARENCE-1536x1262-1.png\",\"contentUrl\":\"https:\/\/poolsparadise.fr\/wp-content\/uploads\/2026\/01\/LOGO-HD-TRANSPARENCE-1536x1262-1.png\",\"width\":1536,\"height\":1262,\"caption\":\"Pools Paradise\"},\"image\":{\"@id\":\"https:\/\/poolsparadise.fr\/#\/schema\/logo\/image\/\"}}]}<\/script>\n<!-- \/ Yoast SEO plugin. -->","yoast_head_json":{"title":"Pompe PH p\u00e9ristaltique 1,5L\/H - Pools Paradise","robots":{"index":"index","follow":"follow","max-snippet":"max-snippet:-1","max-image-preview":"max-image-preview:large","max-video-preview":"max-video-preview:-1"},"canonical":"https:\/\/poolsparadise.fr\/?product=pompe-ph-peristaltique-15l-h","og_locale":"fr_FR","og_type":"article","og_title":"Pompe PH p\u00e9ristaltique 1,5L\/H - Pools Paradise","og_description":"CARACT\u00c9RISTIQUES   D\u00e9bit constant : Capacit\u00e9 d'injection de 1,5 L\/h pour une r\u00e9gulation pr\u00e9cise du pH.  Technologie p\u00e9ristaltique : Syst\u00e8me auto-amor\u00e7ant id\u00e9al pour le dosage de produits chimiques comme le pH moins liquide.  Maintenance simplifi\u00e9e : Remplacement rapide du tube p\u00e9ristaltique sans outils complexes.  Fiabilit\u00e9 : M\u00e9canisme con\u00e7u pour \u00e9viter tout contact direct entre le produit chimique et les parties m\u00e9caniques de la pompe.  &nbsp;  DEMANDEZ UN PRIX","og_url":"https:\/\/poolsparadise.fr\/?product=pompe-ph-peristaltique-15l-h","og_site_name":"Pools Paradise","article_modified_time":"2026-02-25T13:03:04+00:00","og_image":[{"width":940,"height":788,"url":"http:\/\/poolsparadise.fr\/wp-content\/uploads\/2026\/02\/33.png","type":"image\/png"}],"twitter_card":"summary_large_image","twitter_misc":{"Dur\u00e9e de lecture estim\u00e9e":"1 minute"},"schema":{"@context":"https:\/\/schema.org","@graph":[{"@type":"WebPage","@id":"https:\/\/poolsparadise.fr\/?product=pompe-ph-peristaltique-15l-h","url":"https:\/\/poolsparadise.fr\/?product=pompe-ph-peristaltique-15l-h","name":"Pompe PH p\u00e9ristaltique 1,5L\/H - Pools Paradise","isPartOf":{"@id":"https:\/\/poolsparadise.fr\/#website"},"primaryImageOfPage":{"@id":"https:\/\/poolsparadise.fr\/?product=pompe-ph-peristaltique-15l-h#primaryimage"},"image":{"@id":"https:\/\/poolsparadise.fr\/?product=pompe-ph-peristaltique-15l-h#primaryimage"},"thumbnailUrl":"https:\/\/poolsparadise.fr\/wp-content\/uploads\/2026\/02\/33.png","datePublished":"2026-02-25T13:01:58+00:00","dateModified":"2026-02-25T13:03:04+00:00","breadcrumb":{"@id":"https:\/\/poolsparadise.fr\/?product=pompe-ph-peristaltique-15l-h#breadcrumb"},"inLanguage":"fr-FR","potentialAction":[{"@type":"ReadAction","target":["https:\/\/poolsparadise.fr\/?product=pompe-ph-peristaltique-15l-h"]}]},{"@type":"ImageObject","inLanguage":"fr-FR","@id":"https:\/\/poolsparadise.fr\/?product=pompe-ph-peristaltique-15l-h#primaryimage","url":"https:\/\/poolsparadise.fr\/wp-content\/uploads\/2026\/02\/33.png","contentUrl":"https:\/\/poolsparadise.fr\/wp-content\/uploads\/2026\/02\/33.png","width":940,"height":788},{"@type":"BreadcrumbList","@id":"https:\/\/poolsparadise.fr\/?product=pompe-ph-peristaltique-15l-h#breadcrumb","itemListElement":[{"@type":"ListItem","position":1,"name":"Accueil","item":"https:\/\/poolsparadise.fr\/"},{"@type":"ListItem","position":2,"name":"Produits","item":"https:\/\/poolsparadise.fr\/?post_type=product"},{"@type":"ListItem","position":3,"name":"Pompe PH p\u00e9ristaltique 1,5L\/H"}]},{"@type":"WebSite","@id":"https:\/\/poolsparadise.fr\/#website","url":"https:\/\/poolsparadise.fr\/","name":"Pools Paradise","description":"","publisher":{"@id":"https:\/\/poolsparadise.fr\/#organization"},"potentialAction":[{"@type":"SearchAction","target":{"@type":"EntryPoint","urlTemplate":"https:\/\/poolsparadise.fr\/?s={search_term_string}"},"query-input":{"@type":"PropertyValueSpecification","valueRequired":true,"valueName":"search_term_string"}}],"inLanguage":"fr-FR"},{"@type":"Organization","@id":"https:\/\/poolsparadise.fr\/#organization","name":"Pools Paradise","url":"https:\/\/poolsparadise.fr\/","logo":{"@type":"ImageObject","inLanguage":"fr-FR","@id":"https:\/\/poolsparadise.fr\/#\/schema\/logo\/image\/","url":"https:\/\/poolsparadise.fr\/wp-content\/uploads\/2026\/01\/LOGO-HD-TRANSPARENCE-1536x1262-1.png","contentUrl":"https:\/\/poolsparadise.fr\/wp-content\/uploads\/2026\/01\/LOGO-HD-TRANSPARENCE-1536x1262-1.png","width":1536,"height":1262,"caption":"Pools Paradise"},"image":{"@id":"https:\/\/poolsparadise.fr\/#\/schema\/logo\/image\/"}}]}},"_links":{"self":[{"href":"https:\/\/poolsparadise.fr\/index.php?rest_route=\/wp\/v2\/product\/1806","targetHints":{"allow":["GET"]}}],"collection":[{"href":"https:\/\/poolsparadise.fr\/index.php?rest_route=\/wp\/v2\/product"}],"about":[{"href":"https:\/\/poolsparadise.fr\/index.php?rest_route=\/wp\/v2\/types\/product"}],"replies":[{"embeddable":true,"href":"https:\/\/poolsparadise.fr\/index.php?rest_route=%2Fwp%2Fv2%2Fcomments&post=1806"}],"wp:featuredmedia":[{"embeddable":true,"href":"https:\/\/poolsparadise.fr\/index.php?rest_route=\/wp\/v2\/media\/1807"}],"wp:attachment":[{"href":"https:\/\/poolsparadise.fr\/index.php?rest_route=%2Fwp%2Fv2%2Fmedia&parent=1806"}],"wp:term":[{"taxonomy":"product_brand","embeddable":true,"href":"https:\/\/poolsparadise.fr\/index.php?rest_route=%2Fwp%2Fv2%2Fproduct_brand&post=1806"},{"taxonomy":"product_cat","embeddable":true,"href":"https:\/\/poolsparadise.fr\/index.php?rest_route=%2Fwp%2Fv2%2Fproduct_cat&post=1806"},{"taxonomy":"product_tag","embeddable":true,"href":"https:\/\/poolsparadise.fr\/index.php?rest_route=%2Fwp%2Fv2%2Fproduct_tag&post=1806"}],"curies":[{"name":"wp","href":"https:\/\/api.w.org\/{rel}","templated":true}]}}