{"id":1798,"date":"2026-02-25T13:47:17","date_gmt":"2026-02-25T12:47:17","guid":{"rendered":"https:\/\/poolsparadise.fr\/?post_type=product&#038;p=1798"},"modified":"2026-02-25T13:47:17","modified_gmt":"2026-02-25T12:47:17","slug":"pompe-de-filtration-riverpump","status":"publish","type":"product","link":"https:\/\/poolsparadise.fr\/?product=pompe-de-filtration-riverpump","title":{"rendered":"Pompe de filtration RIVERPUMP"},"content":{"rendered":"<div class=\"performance-box\"><strong>VOTRE ALLI\u00c9 FILTRATION :<\/strong><br \/>\nUne pompe puissante permettant un renouvellement rapide et efficace de l&rsquo;eau du bassin, garantissant ainsi une clart\u00e9 optimale et une meilleure r\u00e9partition des produits de traitement.<\/div>\n<p>&nbsp;<\/p>\n<p><a style=\"display: inline-block; font-family: 'Montserrat', sans-serif; color: #1c4389; text-decoration: none; font-weight: bold; border: 2px solid #1c4389; padding: 10px 20px; border-radius: 5px;\" href=\"https:\/\/poolsparadise.fr\/?page_id=240\">DEMANDEZ UN PRIX<\/a><\/p>\n","protected":false},"excerpt":{"rendered":"<p><strong>CARACT\u00c9RISTIQUES<\/strong><\/p>\n<ul class=\"feature-list\">\n<li class=\"feature-item\"><strong>Haute Performance :<\/strong> Pompe de filtration robuste con\u00e7ue pour un d\u00e9bit de <strong>11 m\u00b3\/h et plus<\/strong>.<\/li>\n<li class=\"feature-item\"><strong>Fiabilit\u00e9 :<\/strong> Mod\u00e8le RIVERPUMP FLOWDIANS, reconnu pour sa durabilit\u00e9 et son efficacit\u00e9 hydraulique.<\/li>\n<li class=\"feature-item\"><strong>Maintenance optimis\u00e9e :<\/strong> Compatible avec l&rsquo;usage de pr\u00e9-filtres universels pour une pr\u00e9servation accrue du moteur et de l&rsquo;ensemble du mat\u00e9riel.<\/li>\n<\/ul>\n<p>&nbsp;<\/p>\n<p><a style=\"display: inline-block; font-family: 'Montserrat', sans-serif; color: #1c4389; text-decoration: none; font-weight: bold; border: 2px solid #1c4389; padding: 10px 20px; border-radius: 5px;\" href=\"https:\/\/poolsparadise.fr\/?page_id=240\">DEMANDEZ UN PRIX<\/a><\/p>\n","protected":false},"featured_media":1799,"comment_status":"closed","ping_status":"closed","template":"","meta":[],"product_brand":[],"product_cat":[24],"product_tag":[],"class_list":{"0":"post-1798","1":"product","2":"type-product","3":"status-publish","4":"has-post-thumbnail","6":"product_cat-materiel-filtration","8":"first","9":"instock","10":"shipping-taxable","11":"product-type-simple"},"yoast_head":"<!-- This site is optimized with the Yoast SEO plugin v26.8 - https:\/\/yoast.com\/product\/yoast-seo-wordpress\/ -->\n<title>Pompe de filtration RIVERPUMP - Pools Paradise<\/title>\n<meta name=\"robots\" content=\"index, follow, max-snippet:-1, max-image-preview:large, max-video-preview:-1\" \/>\n<link rel=\"canonical\" href=\"https:\/\/poolsparadise.fr\/?product=pompe-de-filtration-riverpump\" \/>\n<meta property=\"og:locale\" content=\"fr_FR\" \/>\n<meta property=\"og:type\" content=\"article\" \/>\n<meta property=\"og:title\" content=\"Pompe de filtration RIVERPUMP - Pools Paradise\" \/>\n<meta property=\"og:description\" content=\"CARACT\u00c9RISTIQUES   Haute Performance : Pompe de filtration robuste con\u00e7ue pour un d\u00e9bit de 11 m\u00b3\/h et plus.  Fiabilit\u00e9 : Mod\u00e8le RIVERPUMP FLOWDIANS, reconnu pour sa durabilit\u00e9 et son efficacit\u00e9 hydraulique.  Maintenance optimis\u00e9e : Compatible avec l&#039;usage de pr\u00e9-filtres universels pour une pr\u00e9servation accrue du moteur et de l&#039;ensemble du mat\u00e9riel.  &nbsp;  DEMANDEZ UN PRIX\" \/>\n<meta property=\"og:url\" content=\"https:\/\/poolsparadise.fr\/?product=pompe-de-filtration-riverpump\" \/>\n<meta property=\"og:site_name\" content=\"Pools Paradise\" \/>\n<meta property=\"og:image\" content=\"http:\/\/poolsparadise.fr\/wp-content\/uploads\/2026\/02\/30.png\" \/>\n\t<meta property=\"og:image:width\" content=\"940\" \/>\n\t<meta property=\"og:image:height\" content=\"788\" \/>\n\t<meta property=\"og:image:type\" content=\"image\/png\" \/>\n<meta name=\"twitter:card\" content=\"summary_large_image\" \/>\n<meta name=\"twitter:label1\" content=\"Dur\u00e9e de lecture estim\u00e9e\" \/>\n\t<meta name=\"twitter:data1\" content=\"1 minute\" \/>\n<script type=\"application\/ld+json\" class=\"yoast-schema-graph\">{\"@context\":\"https:\/\/schema.org\",\"@graph\":[{\"@type\":\"WebPage\",\"@id\":\"https:\/\/poolsparadise.fr\/?product=pompe-de-filtration-riverpump\",\"url\":\"https:\/\/poolsparadise.fr\/?product=pompe-de-filtration-riverpump\",\"name\":\"Pompe de filtration RIVERPUMP - Pools Paradise\",\"isPartOf\":{\"@id\":\"https:\/\/poolsparadise.fr\/#website\"},\"primaryImageOfPage\":{\"@id\":\"https:\/\/poolsparadise.fr\/?product=pompe-de-filtration-riverpump#primaryimage\"},\"image\":{\"@id\":\"https:\/\/poolsparadise.fr\/?product=pompe-de-filtration-riverpump#primaryimage\"},\"thumbnailUrl\":\"https:\/\/poolsparadise.fr\/wp-content\/uploads\/2026\/02\/30.png\",\"datePublished\":\"2026-02-25T12:47:17+00:00\",\"breadcrumb\":{\"@id\":\"https:\/\/poolsparadise.fr\/?product=pompe-de-filtration-riverpump#breadcrumb\"},\"inLanguage\":\"fr-FR\",\"potentialAction\":[{\"@type\":\"ReadAction\",\"target\":[\"https:\/\/poolsparadise.fr\/?product=pompe-de-filtration-riverpump\"]}]},{\"@type\":\"ImageObject\",\"inLanguage\":\"fr-FR\",\"@id\":\"https:\/\/poolsparadise.fr\/?product=pompe-de-filtration-riverpump#primaryimage\",\"url\":\"https:\/\/poolsparadise.fr\/wp-content\/uploads\/2026\/02\/30.png\",\"contentUrl\":\"https:\/\/poolsparadise.fr\/wp-content\/uploads\/2026\/02\/30.png\",\"width\":940,\"height\":788},{\"@type\":\"BreadcrumbList\",\"@id\":\"https:\/\/poolsparadise.fr\/?product=pompe-de-filtration-riverpump#breadcrumb\",\"itemListElement\":[{\"@type\":\"ListItem\",\"position\":1,\"name\":\"Accueil\",\"item\":\"https:\/\/poolsparadise.fr\/\"},{\"@type\":\"ListItem\",\"position\":2,\"name\":\"Produits\",\"item\":\"https:\/\/poolsparadise.fr\/?post_type=product\"},{\"@type\":\"ListItem\",\"position\":3,\"name\":\"Pompe de filtration RIVERPUMP\"}]},{\"@type\":\"WebSite\",\"@id\":\"https:\/\/poolsparadise.fr\/#website\",\"url\":\"https:\/\/poolsparadise.fr\/\",\"name\":\"Pools Paradise\",\"description\":\"\",\"publisher\":{\"@id\":\"https:\/\/poolsparadise.fr\/#organization\"},\"potentialAction\":[{\"@type\":\"SearchAction\",\"target\":{\"@type\":\"EntryPoint\",\"urlTemplate\":\"https:\/\/poolsparadise.fr\/?s={search_term_string}\"},\"query-input\":{\"@type\":\"PropertyValueSpecification\",\"valueRequired\":true,\"valueName\":\"search_term_string\"}}],\"inLanguage\":\"fr-FR\"},{\"@type\":\"Organization\",\"@id\":\"https:\/\/poolsparadise.fr\/#organization\",\"name\":\"Pools Paradise\",\"url\":\"https:\/\/poolsparadise.fr\/\",\"logo\":{\"@type\":\"ImageObject\",\"inLanguage\":\"fr-FR\",\"@id\":\"https:\/\/poolsparadise.fr\/#\/schema\/logo\/image\/\",\"url\":\"https:\/\/poolsparadise.fr\/wp-content\/uploads\/2026\/01\/LOGO-HD-TRANSPARENCE-1536x1262-1.png\",\"contentUrl\":\"https:\/\/poolsparadise.fr\/wp-content\/uploads\/2026\/01\/LOGO-HD-TRANSPARENCE-1536x1262-1.png\",\"width\":1536,\"height\":1262,\"caption\":\"Pools Paradise\"},\"image\":{\"@id\":\"https:\/\/poolsparadise.fr\/#\/schema\/logo\/image\/\"}}]}<\/script>\n<!-- \/ Yoast SEO plugin. -->","yoast_head_json":{"title":"Pompe de filtration RIVERPUMP - Pools Paradise","robots":{"index":"index","follow":"follow","max-snippet":"max-snippet:-1","max-image-preview":"max-image-preview:large","max-video-preview":"max-video-preview:-1"},"canonical":"https:\/\/poolsparadise.fr\/?product=pompe-de-filtration-riverpump","og_locale":"fr_FR","og_type":"article","og_title":"Pompe de filtration RIVERPUMP - Pools Paradise","og_description":"CARACT\u00c9RISTIQUES   Haute Performance : Pompe de filtration robuste con\u00e7ue pour un d\u00e9bit de 11 m\u00b3\/h et plus.  Fiabilit\u00e9 : Mod\u00e8le RIVERPUMP FLOWDIANS, reconnu pour sa durabilit\u00e9 et son efficacit\u00e9 hydraulique.  Maintenance optimis\u00e9e : Compatible avec l'usage de pr\u00e9-filtres universels pour une pr\u00e9servation accrue du moteur et de l'ensemble du mat\u00e9riel.  &nbsp;  DEMANDEZ UN PRIX","og_url":"https:\/\/poolsparadise.fr\/?product=pompe-de-filtration-riverpump","og_site_name":"Pools Paradise","og_image":[{"width":940,"height":788,"url":"http:\/\/poolsparadise.fr\/wp-content\/uploads\/2026\/02\/30.png","type":"image\/png"}],"twitter_card":"summary_large_image","twitter_misc":{"Dur\u00e9e de lecture estim\u00e9e":"1 minute"},"schema":{"@context":"https:\/\/schema.org","@graph":[{"@type":"WebPage","@id":"https:\/\/poolsparadise.fr\/?product=pompe-de-filtration-riverpump","url":"https:\/\/poolsparadise.fr\/?product=pompe-de-filtration-riverpump","name":"Pompe de filtration RIVERPUMP - Pools Paradise","isPartOf":{"@id":"https:\/\/poolsparadise.fr\/#website"},"primaryImageOfPage":{"@id":"https:\/\/poolsparadise.fr\/?product=pompe-de-filtration-riverpump#primaryimage"},"image":{"@id":"https:\/\/poolsparadise.fr\/?product=pompe-de-filtration-riverpump#primaryimage"},"thumbnailUrl":"https:\/\/poolsparadise.fr\/wp-content\/uploads\/2026\/02\/30.png","datePublished":"2026-02-25T12:47:17+00:00","breadcrumb":{"@id":"https:\/\/poolsparadise.fr\/?product=pompe-de-filtration-riverpump#breadcrumb"},"inLanguage":"fr-FR","potentialAction":[{"@type":"ReadAction","target":["https:\/\/poolsparadise.fr\/?product=pompe-de-filtration-riverpump"]}]},{"@type":"ImageObject","inLanguage":"fr-FR","@id":"https:\/\/poolsparadise.fr\/?product=pompe-de-filtration-riverpump#primaryimage","url":"https:\/\/poolsparadise.fr\/wp-content\/uploads\/2026\/02\/30.png","contentUrl":"https:\/\/poolsparadise.fr\/wp-content\/uploads\/2026\/02\/30.png","width":940,"height":788},{"@type":"BreadcrumbList","@id":"https:\/\/poolsparadise.fr\/?product=pompe-de-filtration-riverpump#breadcrumb","itemListElement":[{"@type":"ListItem","position":1,"name":"Accueil","item":"https:\/\/poolsparadise.fr\/"},{"@type":"ListItem","position":2,"name":"Produits","item":"https:\/\/poolsparadise.fr\/?post_type=product"},{"@type":"ListItem","position":3,"name":"Pompe de filtration RIVERPUMP"}]},{"@type":"WebSite","@id":"https:\/\/poolsparadise.fr\/#website","url":"https:\/\/poolsparadise.fr\/","name":"Pools Paradise","description":"","publisher":{"@id":"https:\/\/poolsparadise.fr\/#organization"},"potentialAction":[{"@type":"SearchAction","target":{"@type":"EntryPoint","urlTemplate":"https:\/\/poolsparadise.fr\/?s={search_term_string}"},"query-input":{"@type":"PropertyValueSpecification","valueRequired":true,"valueName":"search_term_string"}}],"inLanguage":"fr-FR"},{"@type":"Organization","@id":"https:\/\/poolsparadise.fr\/#organization","name":"Pools Paradise","url":"https:\/\/poolsparadise.fr\/","logo":{"@type":"ImageObject","inLanguage":"fr-FR","@id":"https:\/\/poolsparadise.fr\/#\/schema\/logo\/image\/","url":"https:\/\/poolsparadise.fr\/wp-content\/uploads\/2026\/01\/LOGO-HD-TRANSPARENCE-1536x1262-1.png","contentUrl":"https:\/\/poolsparadise.fr\/wp-content\/uploads\/2026\/01\/LOGO-HD-TRANSPARENCE-1536x1262-1.png","width":1536,"height":1262,"caption":"Pools Paradise"},"image":{"@id":"https:\/\/poolsparadise.fr\/#\/schema\/logo\/image\/"}}]}},"_links":{"self":[{"href":"https:\/\/poolsparadise.fr\/index.php?rest_route=\/wp\/v2\/product\/1798","targetHints":{"allow":["GET"]}}],"collection":[{"href":"https:\/\/poolsparadise.fr\/index.php?rest_route=\/wp\/v2\/product"}],"about":[{"href":"https:\/\/poolsparadise.fr\/index.php?rest_route=\/wp\/v2\/types\/product"}],"replies":[{"embeddable":true,"href":"https:\/\/poolsparadise.fr\/index.php?rest_route=%2Fwp%2Fv2%2Fcomments&post=1798"}],"wp:featuredmedia":[{"embeddable":true,"href":"https:\/\/poolsparadise.fr\/index.php?rest_route=\/wp\/v2\/media\/1799"}],"wp:attachment":[{"href":"https:\/\/poolsparadise.fr\/index.php?rest_route=%2Fwp%2Fv2%2Fmedia&parent=1798"}],"wp:term":[{"taxonomy":"product_brand","embeddable":true,"href":"https:\/\/poolsparadise.fr\/index.php?rest_route=%2Fwp%2Fv2%2Fproduct_brand&post=1798"},{"taxonomy":"product_cat","embeddable":true,"href":"https:\/\/poolsparadise.fr\/index.php?rest_route=%2Fwp%2Fv2%2Fproduct_cat&post=1798"},{"taxonomy":"product_tag","embeddable":true,"href":"https:\/\/poolsparadise.fr\/index.php?rest_route=%2Fwp%2Fv2%2Fproduct_tag&post=1798"}],"curies":[{"name":"wp","href":"https:\/\/api.w.org\/{rel}","templated":true}]}}