{"id":1796,"date":"2026-02-25T13:41:52","date_gmt":"2026-02-25T12:41:52","guid":{"rendered":"https:\/\/poolsparadise.fr\/?post_type=product&#038;p=1796"},"modified":"2026-02-25T13:43:42","modified_gmt":"2026-02-25T12:43:42","slug":"netskim","status":"publish","type":"product","link":"https:\/\/poolsparadise.fr\/?product=netskim","title":{"rendered":"NET&rsquo;SKIM"},"content":{"rendered":"<p><strong>MODE D\u2019EMPLOI \/ UTILISATION<\/strong><\/p>\n<p><strong>Application :<\/strong><\/p>\n<ul>\n<li>Placer le pr\u00e9-filtre \u00e0 l&rsquo;int\u00e9rieur du panier de skimmer.<\/li>\n<li>S&rsquo;adapte \u00e0 tous les paniers jusqu&rsquo;\u00e0 <strong>24 cm de diam\u00e8tre<\/strong>.<\/li>\n<li>Permet une \u00e9vacuation hygi\u00e9nique des d\u00e9chets \u00ab emball\u00e9s \u00bb dans le pr\u00e9-filtre.<\/li>\n<\/ul>\n<p>&nbsp;<\/p>\n<div class=\"highlight-box\"><strong>B\u00c9N\u00c9FICES :<\/strong><br \/>\nFacilite l&rsquo;entretien du bassin en le rendant moins fr\u00e9quent. Assure une <strong>pr\u00e9servation de la pompe<\/strong> et de l&rsquo;ensemble du mat\u00e9riel de filtration en stoppant les impuret\u00e9s avant qu&rsquo;elles n&rsquo;atteignent le circuit.<\/div>\n<p>&nbsp;<\/p>\n<p><strong>CONDITIONNEMENT<\/strong><\/p>\n<ul>\n<li><strong>Format :<\/strong> Lot de 12 pr\u00e9-filtres universels.<\/li>\n<\/ul>\n<p>&nbsp;<\/p>\n<p><a style=\"display: inline-block; font-family: 'Montserrat', sans-serif; color: #1c4389; text-decoration: none; font-weight: bold; border: 2px solid #1c4389; padding: 10px 20px; border-radius: 5px;\" href=\"https:\/\/poolsparadise.fr\/?page_id=240\">DEMANDEZ UN PRIX<\/a><\/p>\n","protected":false},"excerpt":{"rendered":"<p><strong>CARACT\u00c9RISTIQUES<\/strong><\/p>\n<ul class=\"feature-list\">\n<li class=\"feature-item\"><strong>Conception universelle :<\/strong> S\u2019adapte \u00e0 la majorit\u00e9 des paniers de skimmer du march\u00e9 jusqu&rsquo;\u00e0 un diam\u00e8tre de 24 cm.<\/li>\n<li class=\"feature-item\"><strong>Protection m\u00e9canique :<\/strong> Agit comme un v\u00e9ritable bouclier pour la pompe de filtration en stoppant les d\u00e9bris avant le pr\u00e9-filtre de la pompe.<\/li>\n<li class=\"feature-item\"><strong>Finesse de filtration :<\/strong> Retient les impuret\u00e9s les plus fines (\u00e9pines de pins, pollen, insectes) souvent ignor\u00e9es par le panier standard.<\/li>\n<\/ul>\n<p>&nbsp;<\/p>\n<div class=\"highlight-box\"><strong>AVANTAGE MAINTENANCE :<\/strong><br \/>\nL&rsquo;utilisation de ces pr\u00e9-filtres r\u00e9duit drastiquement la fr\u00e9quence de nettoyage du filtre principal et prolonge la dur\u00e9e de vie de votre syst\u00e8me de filtration.<\/div>\n<p>&nbsp;<\/p>\n<p><a style=\"display: inline-block; font-family: 'Montserrat', sans-serif; color: #1c4389; text-decoration: none; font-weight: bold; border: 2px solid #1c4389; padding: 10px 20px; border-radius: 5px;\" href=\"https:\/\/poolsparadise.fr\/?page_id=240\">DEMANDEZ UN PRIX<\/a><\/p>\n","protected":false},"featured_media":1797,"comment_status":"closed","ping_status":"closed","template":"","meta":[],"product_brand":[],"product_cat":[23],"product_tag":[],"class_list":{"0":"post-1796","1":"product","2":"type-product","3":"status-publish","4":"has-post-thumbnail","6":"product_cat-accessoires-piscines","8":"first","9":"instock","10":"shipping-taxable","11":"product-type-simple"},"yoast_head":"<!-- This site is optimized with the Yoast SEO plugin v26.8 - https:\/\/yoast.com\/product\/yoast-seo-wordpress\/ -->\n<title>NET&#039;SKIM - Pools Paradise<\/title>\n<meta name=\"robots\" content=\"index, follow, max-snippet:-1, max-image-preview:large, max-video-preview:-1\" \/>\n<link rel=\"canonical\" href=\"https:\/\/poolsparadise.fr\/?product=netskim\" \/>\n<meta property=\"og:locale\" content=\"fr_FR\" \/>\n<meta property=\"og:type\" content=\"article\" \/>\n<meta property=\"og:title\" content=\"NET&#039;SKIM - Pools Paradise\" \/>\n<meta property=\"og:description\" content=\"CARACT\u00c9RISTIQUES   Conception universelle : S\u2019adapte \u00e0 la majorit\u00e9 des paniers de skimmer du march\u00e9 jusqu&#039;\u00e0 un diam\u00e8tre de 24 cm.  Protection m\u00e9canique : Agit comme un v\u00e9ritable bouclier pour la pompe de filtration en stoppant les d\u00e9bris avant le pr\u00e9-filtre de la pompe.  Finesse de filtration : Retient les impuret\u00e9s les plus fines (\u00e9pines de pins, pollen, insectes) souvent ignor\u00e9es par le panier standard.  &nbsp; AVANTAGE MAINTENANCE : L&#039;utilisation de ces pr\u00e9-filtres r\u00e9duit drastiquement la fr\u00e9quence de nettoyage du filtre principal et prolonge la dur\u00e9e de vie de votre syst\u00e8me de filtration. &nbsp;  DEMANDEZ UN PRIX\" \/>\n<meta property=\"og:url\" content=\"https:\/\/poolsparadise.fr\/?product=netskim\" \/>\n<meta property=\"og:site_name\" content=\"Pools Paradise\" \/>\n<meta property=\"article:modified_time\" content=\"2026-02-25T12:43:42+00:00\" \/>\n<meta property=\"og:image\" content=\"http:\/\/poolsparadise.fr\/wp-content\/uploads\/2026\/02\/29.png\" \/>\n\t<meta property=\"og:image:width\" content=\"940\" \/>\n\t<meta property=\"og:image:height\" content=\"788\" \/>\n\t<meta property=\"og:image:type\" content=\"image\/png\" \/>\n<meta name=\"twitter:card\" content=\"summary_large_image\" \/>\n<meta name=\"twitter:label1\" content=\"Dur\u00e9e de lecture estim\u00e9e\" \/>\n\t<meta name=\"twitter:data1\" content=\"1 minute\" \/>\n<script type=\"application\/ld+json\" class=\"yoast-schema-graph\">{\"@context\":\"https:\/\/schema.org\",\"@graph\":[{\"@type\":\"WebPage\",\"@id\":\"https:\/\/poolsparadise.fr\/?product=netskim\",\"url\":\"https:\/\/poolsparadise.fr\/?product=netskim\",\"name\":\"NET'SKIM - Pools Paradise\",\"isPartOf\":{\"@id\":\"https:\/\/poolsparadise.fr\/#website\"},\"primaryImageOfPage\":{\"@id\":\"https:\/\/poolsparadise.fr\/?product=netskim#primaryimage\"},\"image\":{\"@id\":\"https:\/\/poolsparadise.fr\/?product=netskim#primaryimage\"},\"thumbnailUrl\":\"https:\/\/poolsparadise.fr\/wp-content\/uploads\/2026\/02\/29.png\",\"datePublished\":\"2026-02-25T12:41:52+00:00\",\"dateModified\":\"2026-02-25T12:43:42+00:00\",\"breadcrumb\":{\"@id\":\"https:\/\/poolsparadise.fr\/?product=netskim#breadcrumb\"},\"inLanguage\":\"fr-FR\",\"potentialAction\":[{\"@type\":\"ReadAction\",\"target\":[\"https:\/\/poolsparadise.fr\/?product=netskim\"]}]},{\"@type\":\"ImageObject\",\"inLanguage\":\"fr-FR\",\"@id\":\"https:\/\/poolsparadise.fr\/?product=netskim#primaryimage\",\"url\":\"https:\/\/poolsparadise.fr\/wp-content\/uploads\/2026\/02\/29.png\",\"contentUrl\":\"https:\/\/poolsparadise.fr\/wp-content\/uploads\/2026\/02\/29.png\",\"width\":940,\"height\":788},{\"@type\":\"BreadcrumbList\",\"@id\":\"https:\/\/poolsparadise.fr\/?product=netskim#breadcrumb\",\"itemListElement\":[{\"@type\":\"ListItem\",\"position\":1,\"name\":\"Accueil\",\"item\":\"https:\/\/poolsparadise.fr\/\"},{\"@type\":\"ListItem\",\"position\":2,\"name\":\"Produits\",\"item\":\"https:\/\/poolsparadise.fr\/?post_type=product\"},{\"@type\":\"ListItem\",\"position\":3,\"name\":\"NET&rsquo;SKIM\"}]},{\"@type\":\"WebSite\",\"@id\":\"https:\/\/poolsparadise.fr\/#website\",\"url\":\"https:\/\/poolsparadise.fr\/\",\"name\":\"Pools Paradise\",\"description\":\"\",\"publisher\":{\"@id\":\"https:\/\/poolsparadise.fr\/#organization\"},\"potentialAction\":[{\"@type\":\"SearchAction\",\"target\":{\"@type\":\"EntryPoint\",\"urlTemplate\":\"https:\/\/poolsparadise.fr\/?s={search_term_string}\"},\"query-input\":{\"@type\":\"PropertyValueSpecification\",\"valueRequired\":true,\"valueName\":\"search_term_string\"}}],\"inLanguage\":\"fr-FR\"},{\"@type\":\"Organization\",\"@id\":\"https:\/\/poolsparadise.fr\/#organization\",\"name\":\"Pools Paradise\",\"url\":\"https:\/\/poolsparadise.fr\/\",\"logo\":{\"@type\":\"ImageObject\",\"inLanguage\":\"fr-FR\",\"@id\":\"https:\/\/poolsparadise.fr\/#\/schema\/logo\/image\/\",\"url\":\"https:\/\/poolsparadise.fr\/wp-content\/uploads\/2026\/01\/LOGO-HD-TRANSPARENCE-1536x1262-1.png\",\"contentUrl\":\"https:\/\/poolsparadise.fr\/wp-content\/uploads\/2026\/01\/LOGO-HD-TRANSPARENCE-1536x1262-1.png\",\"width\":1536,\"height\":1262,\"caption\":\"Pools Paradise\"},\"image\":{\"@id\":\"https:\/\/poolsparadise.fr\/#\/schema\/logo\/image\/\"}}]}<\/script>\n<!-- \/ Yoast SEO plugin. -->","yoast_head_json":{"title":"NET'SKIM - Pools Paradise","robots":{"index":"index","follow":"follow","max-snippet":"max-snippet:-1","max-image-preview":"max-image-preview:large","max-video-preview":"max-video-preview:-1"},"canonical":"https:\/\/poolsparadise.fr\/?product=netskim","og_locale":"fr_FR","og_type":"article","og_title":"NET'SKIM - Pools Paradise","og_description":"CARACT\u00c9RISTIQUES   Conception universelle : S\u2019adapte \u00e0 la majorit\u00e9 des paniers de skimmer du march\u00e9 jusqu'\u00e0 un diam\u00e8tre de 24 cm.  Protection m\u00e9canique : Agit comme un v\u00e9ritable bouclier pour la pompe de filtration en stoppant les d\u00e9bris avant le pr\u00e9-filtre de la pompe.  Finesse de filtration : Retient les impuret\u00e9s les plus fines (\u00e9pines de pins, pollen, insectes) souvent ignor\u00e9es par le panier standard.  &nbsp; AVANTAGE MAINTENANCE : L'utilisation de ces pr\u00e9-filtres r\u00e9duit drastiquement la fr\u00e9quence de nettoyage du filtre principal et prolonge la dur\u00e9e de vie de votre syst\u00e8me de filtration. &nbsp;  DEMANDEZ UN PRIX","og_url":"https:\/\/poolsparadise.fr\/?product=netskim","og_site_name":"Pools Paradise","article_modified_time":"2026-02-25T12:43:42+00:00","og_image":[{"width":940,"height":788,"url":"http:\/\/poolsparadise.fr\/wp-content\/uploads\/2026\/02\/29.png","type":"image\/png"}],"twitter_card":"summary_large_image","twitter_misc":{"Dur\u00e9e de lecture estim\u00e9e":"1 minute"},"schema":{"@context":"https:\/\/schema.org","@graph":[{"@type":"WebPage","@id":"https:\/\/poolsparadise.fr\/?product=netskim","url":"https:\/\/poolsparadise.fr\/?product=netskim","name":"NET'SKIM - Pools Paradise","isPartOf":{"@id":"https:\/\/poolsparadise.fr\/#website"},"primaryImageOfPage":{"@id":"https:\/\/poolsparadise.fr\/?product=netskim#primaryimage"},"image":{"@id":"https:\/\/poolsparadise.fr\/?product=netskim#primaryimage"},"thumbnailUrl":"https:\/\/poolsparadise.fr\/wp-content\/uploads\/2026\/02\/29.png","datePublished":"2026-02-25T12:41:52+00:00","dateModified":"2026-02-25T12:43:42+00:00","breadcrumb":{"@id":"https:\/\/poolsparadise.fr\/?product=netskim#breadcrumb"},"inLanguage":"fr-FR","potentialAction":[{"@type":"ReadAction","target":["https:\/\/poolsparadise.fr\/?product=netskim"]}]},{"@type":"ImageObject","inLanguage":"fr-FR","@id":"https:\/\/poolsparadise.fr\/?product=netskim#primaryimage","url":"https:\/\/poolsparadise.fr\/wp-content\/uploads\/2026\/02\/29.png","contentUrl":"https:\/\/poolsparadise.fr\/wp-content\/uploads\/2026\/02\/29.png","width":940,"height":788},{"@type":"BreadcrumbList","@id":"https:\/\/poolsparadise.fr\/?product=netskim#breadcrumb","itemListElement":[{"@type":"ListItem","position":1,"name":"Accueil","item":"https:\/\/poolsparadise.fr\/"},{"@type":"ListItem","position":2,"name":"Produits","item":"https:\/\/poolsparadise.fr\/?post_type=product"},{"@type":"ListItem","position":3,"name":"NET&rsquo;SKIM"}]},{"@type":"WebSite","@id":"https:\/\/poolsparadise.fr\/#website","url":"https:\/\/poolsparadise.fr\/","name":"Pools Paradise","description":"","publisher":{"@id":"https:\/\/poolsparadise.fr\/#organization"},"potentialAction":[{"@type":"SearchAction","target":{"@type":"EntryPoint","urlTemplate":"https:\/\/poolsparadise.fr\/?s={search_term_string}"},"query-input":{"@type":"PropertyValueSpecification","valueRequired":true,"valueName":"search_term_string"}}],"inLanguage":"fr-FR"},{"@type":"Organization","@id":"https:\/\/poolsparadise.fr\/#organization","name":"Pools Paradise","url":"https:\/\/poolsparadise.fr\/","logo":{"@type":"ImageObject","inLanguage":"fr-FR","@id":"https:\/\/poolsparadise.fr\/#\/schema\/logo\/image\/","url":"https:\/\/poolsparadise.fr\/wp-content\/uploads\/2026\/01\/LOGO-HD-TRANSPARENCE-1536x1262-1.png","contentUrl":"https:\/\/poolsparadise.fr\/wp-content\/uploads\/2026\/01\/LOGO-HD-TRANSPARENCE-1536x1262-1.png","width":1536,"height":1262,"caption":"Pools Paradise"},"image":{"@id":"https:\/\/poolsparadise.fr\/#\/schema\/logo\/image\/"}}]}},"_links":{"self":[{"href":"https:\/\/poolsparadise.fr\/index.php?rest_route=\/wp\/v2\/product\/1796","targetHints":{"allow":["GET"]}}],"collection":[{"href":"https:\/\/poolsparadise.fr\/index.php?rest_route=\/wp\/v2\/product"}],"about":[{"href":"https:\/\/poolsparadise.fr\/index.php?rest_route=\/wp\/v2\/types\/product"}],"replies":[{"embeddable":true,"href":"https:\/\/poolsparadise.fr\/index.php?rest_route=%2Fwp%2Fv2%2Fcomments&post=1796"}],"wp:featuredmedia":[{"embeddable":true,"href":"https:\/\/poolsparadise.fr\/index.php?rest_route=\/wp\/v2\/media\/1797"}],"wp:attachment":[{"href":"https:\/\/poolsparadise.fr\/index.php?rest_route=%2Fwp%2Fv2%2Fmedia&parent=1796"}],"wp:term":[{"taxonomy":"product_brand","embeddable":true,"href":"https:\/\/poolsparadise.fr\/index.php?rest_route=%2Fwp%2Fv2%2Fproduct_brand&post=1796"},{"taxonomy":"product_cat","embeddable":true,"href":"https:\/\/poolsparadise.fr\/index.php?rest_route=%2Fwp%2Fv2%2Fproduct_cat&post=1796"},{"taxonomy":"product_tag","embeddable":true,"href":"https:\/\/poolsparadise.fr\/index.php?rest_route=%2Fwp%2Fv2%2Fproduct_tag&post=1796"}],"curies":[{"name":"wp","href":"https:\/\/api.w.org\/{rel}","templated":true}]}}