{"id":1788,"date":"2026-02-25T13:25:00","date_gmt":"2026-02-25T12:25:00","guid":{"rendered":"https:\/\/poolsparadise.fr\/?post_type=product&#038;p=1788"},"modified":"2026-02-25T13:27:10","modified_gmt":"2026-02-25T12:27:10","slug":"produit-dhivernage-5l","status":"publish","type":"product","link":"https:\/\/poolsparadise.fr\/?product=produit-dhivernage-5l","title":{"rendered":"Produit d&rsquo;hivernage (5L)"},"content":{"rendered":"<p><strong>MODE D\u2019EMPLOI \/ DOSAGE<\/strong><\/p>\n<p><strong>Conditions d&rsquo;application :<\/strong><br \/>\n\u00c0 effectuer imp\u00e9rativement en fin de saison, lorsque la temp\u00e9rature de l\u2019eau est <strong>inf\u00e9rieure \u00e0 15\u00b0C<\/strong>.<\/p>\n<ul class=\"step-list\">\n<li><strong>\u00c9tape 1 :<\/strong> Effectuer un traitement choc pr\u00e9alable afin d\u2019\u00e9liminer la totalit\u00e9 des germes pr\u00e9sents dans le bassin.<\/li>\n<li><strong>\u00c9tape 2 :<\/strong> 2 \u00e0 3 jours apr\u00e8s (et hors p\u00e9riode de chloration), verser le produit directement dans le skimmer ou le r\u00e9partir sur toute la surface, filtration en marche.<\/li>\n<li><strong>\u00c9tape 3 :<\/strong> Laisser le produit en contact pendant 2 \u00e0 3 heures, puis relancer la filtration en continu pendant 48 heures.<\/li>\n<\/ul>\n<p>&nbsp;<\/p>\n<div><\/div>\n<div class=\"dosage-box\"><strong>DOSAGE DE R\u00c9F\u00c9RENCE :<\/strong><br \/>\n<strong>3 \u00e0 4 litres<\/strong> de GAROPOOL NON MOUSSANT pour <strong>100 m\u00b3<\/strong> d\u2019eau.<\/div>\n<p>&nbsp;<\/p>\n<p><strong>CONDITIONNEMENT<\/strong><\/p>\n<ul>\n<li><strong>Bidon de 5 L :<\/strong> Carton de 4 un (Palette de 128 bidons)<\/li>\n<li><strong>Bidon de 20 L :<\/strong> Palette de 28 un<\/li>\n<\/ul>\n<p>&nbsp;<\/p>\n<div class=\"footer-info\"><strong>COMPOSITION &amp; S\u00c9CURIT\u00c9<\/strong><br \/>\n9% de mati\u00e8re active (Chlorure de N,N-dim\u00e9thyl-2-hyroxypropylammonium polym\u00e8re).<br \/>\nContient un <strong>agent anti-calcaire<\/strong> int\u00e9gr\u00e9. <strong>Biocide TP2<\/strong>.<\/div>\n<p>&nbsp;<\/p>\n<p><strong>S\u00c9CURIT\u00c9<\/strong><\/p>\n<p>Avant toute utilisation, lisez l\u2019\u00e9tiquette et les informations concernant le produit.<\/p>\n<p>D\u00e9pos\u00e9 au <strong>centre antipoison de Toulouse<\/strong> T\u00e9l : <strong>05.61.49.33.33<\/strong><\/p>\n<div class=\"warning-box\">\n<p class=\"danger-mention\">Mention d\u2019avertissement : DANGER !<\/p>\n<p><strong>Mentions de danger :<\/strong><br \/>\nPeut aggraver un incendie ; comburant. Nocif en cas d\u2019ingestion. Provoque une s\u00e9v\u00e8re irritation des yeux. Peut irriter les voies respiratoires. Tr\u00e8s toxique pour les organismes aquatiques, entra\u00eene des effets n\u00e9fastes \u00e0 long terme. Au contact d\u2019un acide, d\u00e9gage un gaz toxique.<\/p>\n<p><strong>Conseils de prudence :<\/strong><br \/>\nTenir hors de port\u00e9e des enfants. Tenir\/stocker \u00e0 l\u2019\u00e9cart des v\u00eatements\/mati\u00e8res combustibles. \u00c9viter de respirer les poussi\u00e8res\/fum\u00e9es\/gaz\/brouillards\/vapeurs\/a\u00e9rosols. \u00c9viter le rejet dans l\u2019environnement. Porter des gants de protection et un \u00e9quipement de protection des yeux.<\/p>\n<\/div>\n<p><span class=\"urgent\">EN CAS D\u2019INGESTION :<\/span> appeler un CENTRE ANTIPOISON ou un m\u00e9decin en cas de malaise.<br \/>\n<span class=\"urgent\">EN CAS D\u2019INHALATION :<\/span> transporter la victime \u00e0 l\u2019ext\u00e9rieur et la maintenir au repos dans une position o\u00f9 elle peut confortablement respirer.<br \/>\n<span class=\"urgent\">EN CAS DE CONTACT AVEC LES YEUX :<\/span> rincer avec pr\u00e9caution \u00e0 l\u2019eau pendant plusieurs minutes. Enlever les lentilles de contact si la victime en porte et si elles peuvent \u00eatre facilement enlev\u00e9es. Continuer \u00e0 rincer.<\/p>\n<p><strong>Pour le grand public :<\/strong> \u00c9liminer l\u2019emballage vide et\/ou les produits non utilis\u00e9s conform\u00e9ment aux prescriptions du r\u00e8glement municipal d\u2019\u00e9limination de ces d\u00e9chets, par exemple par apport en d\u00e9chetterie.<\/p>\n<p><strong>ATTENTION !<\/strong> Ne pas mettre en contact avec d\u2019autres produits, des gaz dangereux (chlore) peuvent se lib\u00e9rer.<\/p>\n<p><em>Produit homologu\u00e9 par le minist\u00e8re de la sant\u00e9 pour l\u2019ajustement de l\u2019\u00e9quilibre des eaux des piscines publiques.<\/em><\/p>\n<p><a style=\"display: inline-block; font-family: 'Montserrat', sans-serif; color: #1c4389; text-decoration: none; font-weight: bold; border: 2px solid #1c4389; padding: 10px 20px; border-radius: 5px;\" href=\"https:\/\/poolsparadise.fr\/?page_id=240\">DEMANDEZ UN PRIX<\/a><\/p>\n","protected":false},"excerpt":{"rendered":"<p><em>Produit homologu\u00e9 par le minist\u00e8re de la sant\u00e9 pour l\u2019ajustement de l\u2019\u00e9quilibre des eaux des piscines publiques.<\/em><\/p>\n<p><strong>CARACT\u00c9RISTIQUES<\/strong><\/p>\n<ul class=\"feature-list\">\n<li class=\"feature-item\"><strong>Triple Action :<\/strong> Produit d&rsquo;hivernage liquide formul\u00e9 pour \u00e9viter le d\u00e9veloppement des algues, emp\u00eacher ou r\u00e9duire les d\u00e9p\u00f4ts calcaires et faciliter le nettoyage lors de la remise en eau.<\/li>\n<li class=\"feature-item\"><strong>Haute Performance :<\/strong> Formule fortement concentr\u00e9e pour une protection durable durant toute la p\u00e9riode hivernale.<\/li>\n<li class=\"feature-item\"><strong>Confort d&rsquo;utilisation :<\/strong> Produit totalement non moussant, compatible avec tous les types de rev\u00eatements et de filtrations.<\/li>\n<\/ul>\n<p>&nbsp;<\/p>\n<div class=\"benefit-box\"><strong>AVANTAGE MISE EN ROUTE :<\/strong><br \/>\nEn limitant l&rsquo;incrustation des impuret\u00e9s et du tartre sur les parois durant l&rsquo;hiver, ce produit r\u00e9duit consid\u00e9rablement le temps et les efforts n\u00e9cessaires \u00e0 la remise en service du bassin au printemps.<\/div>\n<p>&nbsp;<\/p>\n<p><a style=\"display: inline-block; font-family: 'Montserrat', sans-serif; color: #1c4389; text-decoration: none; font-weight: bold; border: 2px solid #1c4389; padding: 10px 20px; border-radius: 5px;\" href=\"https:\/\/poolsparadise.fr\/?page_id=240\">DEMANDEZ UN PRIX<\/a><\/p>\n","protected":false},"featured_media":1789,"comment_status":"closed","ping_status":"closed","template":"","meta":[],"product_brand":[],"product_cat":[21],"product_tag":[],"class_list":{"0":"post-1788","1":"product","2":"type-product","3":"status-publish","4":"has-post-thumbnail","6":"product_cat-non-classe","8":"first","9":"instock","10":"shipping-taxable","11":"product-type-simple"},"yoast_head":"<!-- This site is optimized with the Yoast SEO plugin v26.8 - https:\/\/yoast.com\/product\/yoast-seo-wordpress\/ -->\n<title>Produit d&#039;hivernage (5L) - Pools Paradise<\/title>\n<meta name=\"robots\" content=\"index, follow, max-snippet:-1, max-image-preview:large, max-video-preview:-1\" \/>\n<link rel=\"canonical\" href=\"https:\/\/poolsparadise.fr\/?product=produit-dhivernage-5l\" \/>\n<meta property=\"og:locale\" content=\"fr_FR\" \/>\n<meta property=\"og:type\" content=\"article\" \/>\n<meta property=\"og:title\" content=\"Produit d&#039;hivernage (5L) - Pools Paradise\" \/>\n<meta property=\"og:description\" content=\"Produit homologu\u00e9 par le minist\u00e8re de la sant\u00e9 pour l\u2019ajustement de l\u2019\u00e9quilibre des eaux des piscines publiques.  CARACT\u00c9RISTIQUES   Triple Action : Produit d&#039;hivernage liquide formul\u00e9 pour \u00e9viter le d\u00e9veloppement des algues, emp\u00eacher ou r\u00e9duire les d\u00e9p\u00f4ts calcaires et faciliter le nettoyage lors de la remise en eau.  Haute Performance : Formule fortement concentr\u00e9e pour une protection durable durant toute la p\u00e9riode hivernale.  Confort d&#039;utilisation : Produit totalement non moussant, compatible avec tous les types de rev\u00eatements et de filtrations.  &nbsp; AVANTAGE MISE EN ROUTE : En limitant l&#039;incrustation des impuret\u00e9s et du tartre sur les parois durant l&#039;hiver, ce produit r\u00e9duit consid\u00e9rablement le temps et les efforts n\u00e9cessaires \u00e0 la remise en service du bassin au printemps. &nbsp;  DEMANDEZ UN PRIX\" \/>\n<meta property=\"og:url\" content=\"https:\/\/poolsparadise.fr\/?product=produit-dhivernage-5l\" \/>\n<meta property=\"og:site_name\" content=\"Pools Paradise\" \/>\n<meta property=\"article:modified_time\" content=\"2026-02-25T12:27:10+00:00\" \/>\n<meta property=\"og:image\" content=\"http:\/\/poolsparadise.fr\/wp-content\/uploads\/2026\/02\/25.png\" \/>\n\t<meta property=\"og:image:width\" content=\"940\" \/>\n\t<meta property=\"og:image:height\" content=\"788\" \/>\n\t<meta property=\"og:image:type\" content=\"image\/png\" \/>\n<meta name=\"twitter:card\" content=\"summary_large_image\" \/>\n<meta name=\"twitter:label1\" content=\"Dur\u00e9e de lecture estim\u00e9e\" \/>\n\t<meta name=\"twitter:data1\" content=\"3 minutes\" \/>\n<script type=\"application\/ld+json\" class=\"yoast-schema-graph\">{\"@context\":\"https:\/\/schema.org\",\"@graph\":[{\"@type\":\"WebPage\",\"@id\":\"https:\/\/poolsparadise.fr\/?product=produit-dhivernage-5l\",\"url\":\"https:\/\/poolsparadise.fr\/?product=produit-dhivernage-5l\",\"name\":\"Produit d'hivernage (5L) - Pools Paradise\",\"isPartOf\":{\"@id\":\"https:\/\/poolsparadise.fr\/#website\"},\"primaryImageOfPage\":{\"@id\":\"https:\/\/poolsparadise.fr\/?product=produit-dhivernage-5l#primaryimage\"},\"image\":{\"@id\":\"https:\/\/poolsparadise.fr\/?product=produit-dhivernage-5l#primaryimage\"},\"thumbnailUrl\":\"https:\/\/poolsparadise.fr\/wp-content\/uploads\/2026\/02\/25.png\",\"datePublished\":\"2026-02-25T12:25:00+00:00\",\"dateModified\":\"2026-02-25T12:27:10+00:00\",\"breadcrumb\":{\"@id\":\"https:\/\/poolsparadise.fr\/?product=produit-dhivernage-5l#breadcrumb\"},\"inLanguage\":\"fr-FR\",\"potentialAction\":[{\"@type\":\"ReadAction\",\"target\":[\"https:\/\/poolsparadise.fr\/?product=produit-dhivernage-5l\"]}]},{\"@type\":\"ImageObject\",\"inLanguage\":\"fr-FR\",\"@id\":\"https:\/\/poolsparadise.fr\/?product=produit-dhivernage-5l#primaryimage\",\"url\":\"https:\/\/poolsparadise.fr\/wp-content\/uploads\/2026\/02\/25.png\",\"contentUrl\":\"https:\/\/poolsparadise.fr\/wp-content\/uploads\/2026\/02\/25.png\",\"width\":940,\"height\":788},{\"@type\":\"BreadcrumbList\",\"@id\":\"https:\/\/poolsparadise.fr\/?product=produit-dhivernage-5l#breadcrumb\",\"itemListElement\":[{\"@type\":\"ListItem\",\"position\":1,\"name\":\"Accueil\",\"item\":\"https:\/\/poolsparadise.fr\/\"},{\"@type\":\"ListItem\",\"position\":2,\"name\":\"Produits\",\"item\":\"https:\/\/poolsparadise.fr\/?post_type=product\"},{\"@type\":\"ListItem\",\"position\":3,\"name\":\"Produit d&rsquo;hivernage (5L)\"}]},{\"@type\":\"WebSite\",\"@id\":\"https:\/\/poolsparadise.fr\/#website\",\"url\":\"https:\/\/poolsparadise.fr\/\",\"name\":\"Pools Paradise\",\"description\":\"\",\"publisher\":{\"@id\":\"https:\/\/poolsparadise.fr\/#organization\"},\"potentialAction\":[{\"@type\":\"SearchAction\",\"target\":{\"@type\":\"EntryPoint\",\"urlTemplate\":\"https:\/\/poolsparadise.fr\/?s={search_term_string}\"},\"query-input\":{\"@type\":\"PropertyValueSpecification\",\"valueRequired\":true,\"valueName\":\"search_term_string\"}}],\"inLanguage\":\"fr-FR\"},{\"@type\":\"Organization\",\"@id\":\"https:\/\/poolsparadise.fr\/#organization\",\"name\":\"Pools Paradise\",\"url\":\"https:\/\/poolsparadise.fr\/\",\"logo\":{\"@type\":\"ImageObject\",\"inLanguage\":\"fr-FR\",\"@id\":\"https:\/\/poolsparadise.fr\/#\/schema\/logo\/image\/\",\"url\":\"https:\/\/poolsparadise.fr\/wp-content\/uploads\/2026\/01\/LOGO-HD-TRANSPARENCE-1536x1262-1.png\",\"contentUrl\":\"https:\/\/poolsparadise.fr\/wp-content\/uploads\/2026\/01\/LOGO-HD-TRANSPARENCE-1536x1262-1.png\",\"width\":1536,\"height\":1262,\"caption\":\"Pools Paradise\"},\"image\":{\"@id\":\"https:\/\/poolsparadise.fr\/#\/schema\/logo\/image\/\"}}]}<\/script>\n<!-- \/ Yoast SEO plugin. -->","yoast_head_json":{"title":"Produit d'hivernage (5L) - Pools Paradise","robots":{"index":"index","follow":"follow","max-snippet":"max-snippet:-1","max-image-preview":"max-image-preview:large","max-video-preview":"max-video-preview:-1"},"canonical":"https:\/\/poolsparadise.fr\/?product=produit-dhivernage-5l","og_locale":"fr_FR","og_type":"article","og_title":"Produit d'hivernage (5L) - Pools Paradise","og_description":"Produit homologu\u00e9 par le minist\u00e8re de la sant\u00e9 pour l\u2019ajustement de l\u2019\u00e9quilibre des eaux des piscines publiques.  CARACT\u00c9RISTIQUES   Triple Action : Produit d'hivernage liquide formul\u00e9 pour \u00e9viter le d\u00e9veloppement des algues, emp\u00eacher ou r\u00e9duire les d\u00e9p\u00f4ts calcaires et faciliter le nettoyage lors de la remise en eau.  Haute Performance : Formule fortement concentr\u00e9e pour une protection durable durant toute la p\u00e9riode hivernale.  Confort d'utilisation : Produit totalement non moussant, compatible avec tous les types de rev\u00eatements et de filtrations.  &nbsp; AVANTAGE MISE EN ROUTE : En limitant l'incrustation des impuret\u00e9s et du tartre sur les parois durant l'hiver, ce produit r\u00e9duit consid\u00e9rablement le temps et les efforts n\u00e9cessaires \u00e0 la remise en service du bassin au printemps. &nbsp;  DEMANDEZ UN PRIX","og_url":"https:\/\/poolsparadise.fr\/?product=produit-dhivernage-5l","og_site_name":"Pools Paradise","article_modified_time":"2026-02-25T12:27:10+00:00","og_image":[{"width":940,"height":788,"url":"http:\/\/poolsparadise.fr\/wp-content\/uploads\/2026\/02\/25.png","type":"image\/png"}],"twitter_card":"summary_large_image","twitter_misc":{"Dur\u00e9e de lecture estim\u00e9e":"3 minutes"},"schema":{"@context":"https:\/\/schema.org","@graph":[{"@type":"WebPage","@id":"https:\/\/poolsparadise.fr\/?product=produit-dhivernage-5l","url":"https:\/\/poolsparadise.fr\/?product=produit-dhivernage-5l","name":"Produit d'hivernage (5L) - Pools Paradise","isPartOf":{"@id":"https:\/\/poolsparadise.fr\/#website"},"primaryImageOfPage":{"@id":"https:\/\/poolsparadise.fr\/?product=produit-dhivernage-5l#primaryimage"},"image":{"@id":"https:\/\/poolsparadise.fr\/?product=produit-dhivernage-5l#primaryimage"},"thumbnailUrl":"https:\/\/poolsparadise.fr\/wp-content\/uploads\/2026\/02\/25.png","datePublished":"2026-02-25T12:25:00+00:00","dateModified":"2026-02-25T12:27:10+00:00","breadcrumb":{"@id":"https:\/\/poolsparadise.fr\/?product=produit-dhivernage-5l#breadcrumb"},"inLanguage":"fr-FR","potentialAction":[{"@type":"ReadAction","target":["https:\/\/poolsparadise.fr\/?product=produit-dhivernage-5l"]}]},{"@type":"ImageObject","inLanguage":"fr-FR","@id":"https:\/\/poolsparadise.fr\/?product=produit-dhivernage-5l#primaryimage","url":"https:\/\/poolsparadise.fr\/wp-content\/uploads\/2026\/02\/25.png","contentUrl":"https:\/\/poolsparadise.fr\/wp-content\/uploads\/2026\/02\/25.png","width":940,"height":788},{"@type":"BreadcrumbList","@id":"https:\/\/poolsparadise.fr\/?product=produit-dhivernage-5l#breadcrumb","itemListElement":[{"@type":"ListItem","position":1,"name":"Accueil","item":"https:\/\/poolsparadise.fr\/"},{"@type":"ListItem","position":2,"name":"Produits","item":"https:\/\/poolsparadise.fr\/?post_type=product"},{"@type":"ListItem","position":3,"name":"Produit d&rsquo;hivernage (5L)"}]},{"@type":"WebSite","@id":"https:\/\/poolsparadise.fr\/#website","url":"https:\/\/poolsparadise.fr\/","name":"Pools Paradise","description":"","publisher":{"@id":"https:\/\/poolsparadise.fr\/#organization"},"potentialAction":[{"@type":"SearchAction","target":{"@type":"EntryPoint","urlTemplate":"https:\/\/poolsparadise.fr\/?s={search_term_string}"},"query-input":{"@type":"PropertyValueSpecification","valueRequired":true,"valueName":"search_term_string"}}],"inLanguage":"fr-FR"},{"@type":"Organization","@id":"https:\/\/poolsparadise.fr\/#organization","name":"Pools Paradise","url":"https:\/\/poolsparadise.fr\/","logo":{"@type":"ImageObject","inLanguage":"fr-FR","@id":"https:\/\/poolsparadise.fr\/#\/schema\/logo\/image\/","url":"https:\/\/poolsparadise.fr\/wp-content\/uploads\/2026\/01\/LOGO-HD-TRANSPARENCE-1536x1262-1.png","contentUrl":"https:\/\/poolsparadise.fr\/wp-content\/uploads\/2026\/01\/LOGO-HD-TRANSPARENCE-1536x1262-1.png","width":1536,"height":1262,"caption":"Pools Paradise"},"image":{"@id":"https:\/\/poolsparadise.fr\/#\/schema\/logo\/image\/"}}]}},"_links":{"self":[{"href":"https:\/\/poolsparadise.fr\/index.php?rest_route=\/wp\/v2\/product\/1788","targetHints":{"allow":["GET"]}}],"collection":[{"href":"https:\/\/poolsparadise.fr\/index.php?rest_route=\/wp\/v2\/product"}],"about":[{"href":"https:\/\/poolsparadise.fr\/index.php?rest_route=\/wp\/v2\/types\/product"}],"replies":[{"embeddable":true,"href":"https:\/\/poolsparadise.fr\/index.php?rest_route=%2Fwp%2Fv2%2Fcomments&post=1788"}],"wp:featuredmedia":[{"embeddable":true,"href":"https:\/\/poolsparadise.fr\/index.php?rest_route=\/wp\/v2\/media\/1789"}],"wp:attachment":[{"href":"https:\/\/poolsparadise.fr\/index.php?rest_route=%2Fwp%2Fv2%2Fmedia&parent=1788"}],"wp:term":[{"taxonomy":"product_brand","embeddable":true,"href":"https:\/\/poolsparadise.fr\/index.php?rest_route=%2Fwp%2Fv2%2Fproduct_brand&post=1788"},{"taxonomy":"product_cat","embeddable":true,"href":"https:\/\/poolsparadise.fr\/index.php?rest_route=%2Fwp%2Fv2%2Fproduct_cat&post=1788"},{"taxonomy":"product_tag","embeddable":true,"href":"https:\/\/poolsparadise.fr\/index.php?rest_route=%2Fwp%2Fv2%2Fproduct_tag&post=1788"}],"curies":[{"name":"wp","href":"https:\/\/api.w.org\/{rel}","templated":true}]}}