{"id":1786,"date":"2026-02-25T13:18:03","date_gmt":"2026-02-25T12:18:03","guid":{"rendered":"https:\/\/poolsparadise.fr\/?post_type=product&#038;p=1786"},"modified":"2026-02-25T13:20:15","modified_gmt":"2026-02-25T12:20:15","slug":"poolsgom-3-pieces","status":"publish","type":"product","link":"https:\/\/poolsparadise.fr\/?product=poolsgom-3-pieces","title":{"rendered":"POOLS&rsquo;GOM &#8211; 3 pi\u00e8ces"},"content":{"rendered":"<p><strong>MODE D\u2019EMPLOI \/ UTILISATION<\/strong><\/p>\n<p><strong>Application :<\/strong><\/p>\n<ul>\n<li>Humidifier l\u00e9g\u00e8rement le bout de la gomme avec de l&rsquo;eau.<\/li>\n<li>Gommer les taches et traces sur la ligne d&rsquo;eau ou les surfaces plastiques par un mouvement de va-et-vient.<\/li>\n<li><strong>Efficacit\u00e9 :<\/strong> Nettoie en profondeur sans aucun produit d\u00e9tergent ni apport de produit chimique.<\/li>\n<\/ul>\n<p>&nbsp;<\/p>\n<div class=\"highlight-box\"><strong>POLYVALENCE :<\/strong><br \/>\nId\u00e9al pour le nettoyage de la ligne d&rsquo;eau et de toutes les mati\u00e8res plastiques de l&rsquo;environnement des piscines et spas : skimmers, volets, couvertures rigides, escaliers, mobilier de jardin&#8230;<\/div>\n<p>&nbsp;<\/p>\n<p><strong>CONDITIONNEMENT<\/strong><\/p>\n<table class=\"ref-table\">\n<tbody>\n<tr>\n<td><strong>D\u00e9signation<\/strong><\/td>\n<td><strong>R\u00e9f\u00e9rence<\/strong><\/td>\n<td><strong>Colisage<\/strong><\/td>\n<\/tr>\n<tr>\n<td>POOL\u2019GOM\u00ae (Bo\u00eete de 3 gommes)<\/td>\n<td>POOLGOM3<\/td>\n<td>Bo\u00eete individuelle<\/td>\n<\/tr>\n<tr>\n<td>PACK GRANDE SURFACE<\/td>\n<td>POOLGOMXL<\/td>\n<td>3 grandes gommes<\/td>\n<\/tr>\n<\/tbody>\n<\/table>\n<p>&nbsp;<\/p>\n<p><a style=\"display: inline-block; font-family: 'Montserrat', sans-serif; color: #1c4389; text-decoration: none; font-weight: bold; border: 2px solid #1c4389; padding: 10px 20px; border-radius: 5px;\" href=\"https:\/\/poolsparadise.fr\/?page_id=240\">DEMANDEZ UN PRIX<\/a><\/p>\n","protected":false},"excerpt":{"rendered":"<p><strong>CARACT\u00c9RISTIQUES<\/strong><\/p>\n<p><strong>Innovation<\/strong> : Gomme en mati\u00e8re plastique brevet\u00e9e agissant par micro-abrasion.<br \/>\n<strong>\u00c9cologique<\/strong> : Nettoyage m\u00e9canique simple et efficace, respectueux de l&rsquo;\u00e9quilibre de l&rsquo;eau.<br \/>\n<strong>Performance<\/strong> : 3 grandes gommes sp\u00e9cialement con\u00e7ues pour le nettoyage de grandes surfaces ou longueurs importantes.<\/p>\n<p>&nbsp;<\/p>\n<p><a style=\"display: inline-block; font-family: 'Montserrat', sans-serif; color: #1c4389; text-decoration: none; font-weight: bold; border: 2px solid #1c4389; padding: 10px 20px; border-radius: 5px;\" href=\"https:\/\/poolsparadise.fr\/?page_id=240\">DEMANDEZ UN PRIX<\/a><\/p>\n","protected":false},"featured_media":1787,"comment_status":"closed","ping_status":"closed","template":"","meta":[],"product_brand":[],"product_cat":[21],"product_tag":[],"class_list":{"0":"post-1786","1":"product","2":"type-product","3":"status-publish","4":"has-post-thumbnail","6":"product_cat-non-classe","8":"first","9":"instock","10":"shipping-taxable","11":"product-type-simple"},"yoast_head":"<!-- This site is optimized with the Yoast SEO plugin v26.8 - https:\/\/yoast.com\/product\/yoast-seo-wordpress\/ -->\n<title>POOLS&#039;GOM - 3 pi\u00e8ces - Pools Paradise<\/title>\n<meta name=\"robots\" content=\"index, follow, max-snippet:-1, max-image-preview:large, max-video-preview:-1\" \/>\n<link rel=\"canonical\" href=\"https:\/\/poolsparadise.fr\/?product=poolsgom-3-pieces\" \/>\n<meta property=\"og:locale\" content=\"fr_FR\" \/>\n<meta property=\"og:type\" content=\"article\" \/>\n<meta property=\"og:title\" content=\"POOLS&#039;GOM - 3 pi\u00e8ces - Pools Paradise\" \/>\n<meta property=\"og:description\" content=\"CARACT\u00c9RISTIQUES  Innovation : Gomme en mati\u00e8re plastique brevet\u00e9e agissant par micro-abrasion. \u00c9cologique : Nettoyage m\u00e9canique simple et efficace, respectueux de l&#039;\u00e9quilibre de l&#039;eau. Performance : 3 grandes gommes sp\u00e9cialement con\u00e7ues pour le nettoyage de grandes surfaces ou longueurs importantes.  &nbsp;  DEMANDEZ UN PRIX\" \/>\n<meta property=\"og:url\" content=\"https:\/\/poolsparadise.fr\/?product=poolsgom-3-pieces\" \/>\n<meta property=\"og:site_name\" content=\"Pools Paradise\" \/>\n<meta property=\"article:modified_time\" content=\"2026-02-25T12:20:15+00:00\" \/>\n<meta property=\"og:image\" content=\"http:\/\/poolsparadise.fr\/wp-content\/uploads\/2026\/02\/24.png\" \/>\n\t<meta property=\"og:image:width\" content=\"940\" \/>\n\t<meta property=\"og:image:height\" content=\"788\" \/>\n\t<meta property=\"og:image:type\" content=\"image\/png\" \/>\n<meta name=\"twitter:card\" content=\"summary_large_image\" \/>\n<meta name=\"twitter:label1\" content=\"Dur\u00e9e de lecture estim\u00e9e\" \/>\n\t<meta name=\"twitter:data1\" content=\"1 minute\" \/>\n<script type=\"application\/ld+json\" class=\"yoast-schema-graph\">{\"@context\":\"https:\/\/schema.org\",\"@graph\":[{\"@type\":\"WebPage\",\"@id\":\"https:\/\/poolsparadise.fr\/?product=poolsgom-3-pieces\",\"url\":\"https:\/\/poolsparadise.fr\/?product=poolsgom-3-pieces\",\"name\":\"POOLS'GOM - 3 pi\u00e8ces - Pools Paradise\",\"isPartOf\":{\"@id\":\"https:\/\/poolsparadise.fr\/#website\"},\"primaryImageOfPage\":{\"@id\":\"https:\/\/poolsparadise.fr\/?product=poolsgom-3-pieces#primaryimage\"},\"image\":{\"@id\":\"https:\/\/poolsparadise.fr\/?product=poolsgom-3-pieces#primaryimage\"},\"thumbnailUrl\":\"https:\/\/poolsparadise.fr\/wp-content\/uploads\/2026\/02\/24.png\",\"datePublished\":\"2026-02-25T12:18:03+00:00\",\"dateModified\":\"2026-02-25T12:20:15+00:00\",\"breadcrumb\":{\"@id\":\"https:\/\/poolsparadise.fr\/?product=poolsgom-3-pieces#breadcrumb\"},\"inLanguage\":\"fr-FR\",\"potentialAction\":[{\"@type\":\"ReadAction\",\"target\":[\"https:\/\/poolsparadise.fr\/?product=poolsgom-3-pieces\"]}]},{\"@type\":\"ImageObject\",\"inLanguage\":\"fr-FR\",\"@id\":\"https:\/\/poolsparadise.fr\/?product=poolsgom-3-pieces#primaryimage\",\"url\":\"https:\/\/poolsparadise.fr\/wp-content\/uploads\/2026\/02\/24.png\",\"contentUrl\":\"https:\/\/poolsparadise.fr\/wp-content\/uploads\/2026\/02\/24.png\",\"width\":940,\"height\":788},{\"@type\":\"BreadcrumbList\",\"@id\":\"https:\/\/poolsparadise.fr\/?product=poolsgom-3-pieces#breadcrumb\",\"itemListElement\":[{\"@type\":\"ListItem\",\"position\":1,\"name\":\"Accueil\",\"item\":\"https:\/\/poolsparadise.fr\/\"},{\"@type\":\"ListItem\",\"position\":2,\"name\":\"Produits\",\"item\":\"https:\/\/poolsparadise.fr\/?post_type=product\"},{\"@type\":\"ListItem\",\"position\":3,\"name\":\"POOLS&rsquo;GOM &#8211; 3 pi\u00e8ces\"}]},{\"@type\":\"WebSite\",\"@id\":\"https:\/\/poolsparadise.fr\/#website\",\"url\":\"https:\/\/poolsparadise.fr\/\",\"name\":\"Pools Paradise\",\"description\":\"\",\"publisher\":{\"@id\":\"https:\/\/poolsparadise.fr\/#organization\"},\"potentialAction\":[{\"@type\":\"SearchAction\",\"target\":{\"@type\":\"EntryPoint\",\"urlTemplate\":\"https:\/\/poolsparadise.fr\/?s={search_term_string}\"},\"query-input\":{\"@type\":\"PropertyValueSpecification\",\"valueRequired\":true,\"valueName\":\"search_term_string\"}}],\"inLanguage\":\"fr-FR\"},{\"@type\":\"Organization\",\"@id\":\"https:\/\/poolsparadise.fr\/#organization\",\"name\":\"Pools Paradise\",\"url\":\"https:\/\/poolsparadise.fr\/\",\"logo\":{\"@type\":\"ImageObject\",\"inLanguage\":\"fr-FR\",\"@id\":\"https:\/\/poolsparadise.fr\/#\/schema\/logo\/image\/\",\"url\":\"https:\/\/poolsparadise.fr\/wp-content\/uploads\/2026\/01\/LOGO-HD-TRANSPARENCE-1536x1262-1.png\",\"contentUrl\":\"https:\/\/poolsparadise.fr\/wp-content\/uploads\/2026\/01\/LOGO-HD-TRANSPARENCE-1536x1262-1.png\",\"width\":1536,\"height\":1262,\"caption\":\"Pools Paradise\"},\"image\":{\"@id\":\"https:\/\/poolsparadise.fr\/#\/schema\/logo\/image\/\"}}]}<\/script>\n<!-- \/ Yoast SEO plugin. -->","yoast_head_json":{"title":"POOLS'GOM - 3 pi\u00e8ces - Pools Paradise","robots":{"index":"index","follow":"follow","max-snippet":"max-snippet:-1","max-image-preview":"max-image-preview:large","max-video-preview":"max-video-preview:-1"},"canonical":"https:\/\/poolsparadise.fr\/?product=poolsgom-3-pieces","og_locale":"fr_FR","og_type":"article","og_title":"POOLS'GOM - 3 pi\u00e8ces - Pools Paradise","og_description":"CARACT\u00c9RISTIQUES  Innovation : Gomme en mati\u00e8re plastique brevet\u00e9e agissant par micro-abrasion. \u00c9cologique : Nettoyage m\u00e9canique simple et efficace, respectueux de l'\u00e9quilibre de l'eau. Performance : 3 grandes gommes sp\u00e9cialement con\u00e7ues pour le nettoyage de grandes surfaces ou longueurs importantes.  &nbsp;  DEMANDEZ UN PRIX","og_url":"https:\/\/poolsparadise.fr\/?product=poolsgom-3-pieces","og_site_name":"Pools Paradise","article_modified_time":"2026-02-25T12:20:15+00:00","og_image":[{"width":940,"height":788,"url":"http:\/\/poolsparadise.fr\/wp-content\/uploads\/2026\/02\/24.png","type":"image\/png"}],"twitter_card":"summary_large_image","twitter_misc":{"Dur\u00e9e de lecture estim\u00e9e":"1 minute"},"schema":{"@context":"https:\/\/schema.org","@graph":[{"@type":"WebPage","@id":"https:\/\/poolsparadise.fr\/?product=poolsgom-3-pieces","url":"https:\/\/poolsparadise.fr\/?product=poolsgom-3-pieces","name":"POOLS'GOM - 3 pi\u00e8ces - Pools Paradise","isPartOf":{"@id":"https:\/\/poolsparadise.fr\/#website"},"primaryImageOfPage":{"@id":"https:\/\/poolsparadise.fr\/?product=poolsgom-3-pieces#primaryimage"},"image":{"@id":"https:\/\/poolsparadise.fr\/?product=poolsgom-3-pieces#primaryimage"},"thumbnailUrl":"https:\/\/poolsparadise.fr\/wp-content\/uploads\/2026\/02\/24.png","datePublished":"2026-02-25T12:18:03+00:00","dateModified":"2026-02-25T12:20:15+00:00","breadcrumb":{"@id":"https:\/\/poolsparadise.fr\/?product=poolsgom-3-pieces#breadcrumb"},"inLanguage":"fr-FR","potentialAction":[{"@type":"ReadAction","target":["https:\/\/poolsparadise.fr\/?product=poolsgom-3-pieces"]}]},{"@type":"ImageObject","inLanguage":"fr-FR","@id":"https:\/\/poolsparadise.fr\/?product=poolsgom-3-pieces#primaryimage","url":"https:\/\/poolsparadise.fr\/wp-content\/uploads\/2026\/02\/24.png","contentUrl":"https:\/\/poolsparadise.fr\/wp-content\/uploads\/2026\/02\/24.png","width":940,"height":788},{"@type":"BreadcrumbList","@id":"https:\/\/poolsparadise.fr\/?product=poolsgom-3-pieces#breadcrumb","itemListElement":[{"@type":"ListItem","position":1,"name":"Accueil","item":"https:\/\/poolsparadise.fr\/"},{"@type":"ListItem","position":2,"name":"Produits","item":"https:\/\/poolsparadise.fr\/?post_type=product"},{"@type":"ListItem","position":3,"name":"POOLS&rsquo;GOM &#8211; 3 pi\u00e8ces"}]},{"@type":"WebSite","@id":"https:\/\/poolsparadise.fr\/#website","url":"https:\/\/poolsparadise.fr\/","name":"Pools Paradise","description":"","publisher":{"@id":"https:\/\/poolsparadise.fr\/#organization"},"potentialAction":[{"@type":"SearchAction","target":{"@type":"EntryPoint","urlTemplate":"https:\/\/poolsparadise.fr\/?s={search_term_string}"},"query-input":{"@type":"PropertyValueSpecification","valueRequired":true,"valueName":"search_term_string"}}],"inLanguage":"fr-FR"},{"@type":"Organization","@id":"https:\/\/poolsparadise.fr\/#organization","name":"Pools Paradise","url":"https:\/\/poolsparadise.fr\/","logo":{"@type":"ImageObject","inLanguage":"fr-FR","@id":"https:\/\/poolsparadise.fr\/#\/schema\/logo\/image\/","url":"https:\/\/poolsparadise.fr\/wp-content\/uploads\/2026\/01\/LOGO-HD-TRANSPARENCE-1536x1262-1.png","contentUrl":"https:\/\/poolsparadise.fr\/wp-content\/uploads\/2026\/01\/LOGO-HD-TRANSPARENCE-1536x1262-1.png","width":1536,"height":1262,"caption":"Pools Paradise"},"image":{"@id":"https:\/\/poolsparadise.fr\/#\/schema\/logo\/image\/"}}]}},"_links":{"self":[{"href":"https:\/\/poolsparadise.fr\/index.php?rest_route=\/wp\/v2\/product\/1786","targetHints":{"allow":["GET"]}}],"collection":[{"href":"https:\/\/poolsparadise.fr\/index.php?rest_route=\/wp\/v2\/product"}],"about":[{"href":"https:\/\/poolsparadise.fr\/index.php?rest_route=\/wp\/v2\/types\/product"}],"replies":[{"embeddable":true,"href":"https:\/\/poolsparadise.fr\/index.php?rest_route=%2Fwp%2Fv2%2Fcomments&post=1786"}],"wp:featuredmedia":[{"embeddable":true,"href":"https:\/\/poolsparadise.fr\/index.php?rest_route=\/wp\/v2\/media\/1787"}],"wp:attachment":[{"href":"https:\/\/poolsparadise.fr\/index.php?rest_route=%2Fwp%2Fv2%2Fmedia&parent=1786"}],"wp:term":[{"taxonomy":"product_brand","embeddable":true,"href":"https:\/\/poolsparadise.fr\/index.php?rest_route=%2Fwp%2Fv2%2Fproduct_brand&post=1786"},{"taxonomy":"product_cat","embeddable":true,"href":"https:\/\/poolsparadise.fr\/index.php?rest_route=%2Fwp%2Fv2%2Fproduct_cat&post=1786"},{"taxonomy":"product_tag","embeddable":true,"href":"https:\/\/poolsparadise.fr\/index.php?rest_route=%2Fwp%2Fv2%2Fproduct_tag&post=1786"}],"curies":[{"name":"wp","href":"https:\/\/api.w.org\/{rel}","templated":true}]}}