{"id":1778,"date":"2026-02-25T11:48:11","date_gmt":"2026-02-25T10:48:11","guid":{"rendered":"https:\/\/poolsparadise.fr\/?post_type=product&#038;p=1778"},"modified":"2026-02-25T11:51:58","modified_gmt":"2026-02-25T10:51:58","slug":"chlore-liquide-20l","status":"publish","type":"product","link":"https:\/\/poolsparadise.fr\/?product=chlore-liquide-20l","title":{"rendered":"Chlore liquide (20L)"},"content":{"rendered":"<p><strong>MODE D\u2019EMPLOI \/ DOSAGE<\/strong><\/p>\n<p><strong>Chloration permanente :<\/strong><\/p>\n<ul>\n<li style=\"list-style-type: none;\">\n<ul>\n<li>Conseil : Ajouter 0,2 \u00e0 0,3 kg de stabilisant pour 10 m\u00b3 en d\u00e9but de saison pour limiter l&rsquo;\u00e9vaporation du chlore.<\/li>\n<li>Entretien : Verser <strong>0,1 \u00e0 0,2 L pour 10 m\u00b3<\/strong> par jour devant les refoulements ou via pompe doseuse.<\/li>\n<\/ul>\n<\/li>\n<\/ul>\n<p><strong>Chloration choc :<\/strong><\/p>\n<ul>\n<li style=\"list-style-type: none;\">\n<ul>\n<li>D\u00e9part d\u2019algues : Verser <strong>0,3 L pour 10 m\u00b3<\/strong> devant les buses de refoulement.<\/li>\n<li>Mise en eau \/ Eau verte : Verser <strong>0,8 L pour 10 m\u00b3<\/strong> devant les buses de refoulement.<\/li>\n<\/ul>\n<\/li>\n<\/ul>\n<p>&nbsp;<\/p>\n<p>&nbsp;<\/p>\n<div class=\"dosage-section\"><strong>CONTR\u00d4LE ET AJUSTEMENT :<\/strong><br \/>\nMaintenir le pH entre <strong>7.0 et 7.6<\/strong>. Contr\u00f4ler le chlore libre 2 fois par semaine (cible : 0.5 \u00e0 1.5 mg\/L).<br \/>\n<em>Appoint : Rajouter 0,1 L pour 10 m\u00b3 pour augmenter le taux de 1,5 mg\/L de chlore manquant.<\/em><\/div>\n<p>&nbsp;<\/p>\n<div class=\"important-box\">\n<p><strong>IMPORTANT :<\/strong><\/p>\n<ul>\n<li>Le chlore liquide vieillit pr\u00e9matur\u00e9ment s&rsquo;il est mal stock\u00e9 (formation de soude et chlorure de sodium).<\/li>\n<li>L&rsquo;hypochlorite de sodium fait monter fortement le pH : <strong>l&rsquo;utilisation d&rsquo;une r\u00e9gulation pH automatique est imp\u00e9rative.<\/strong><\/li>\n<\/ul>\n<\/div>\n<p>&nbsp;<\/p>\n<p><strong>CONDITIONNEMENT<\/strong><\/p>\n<table class=\"ref-table\">\n<tbody>\n<tr>\n<td><strong>Bidon 20 L \/ 24 kg<\/strong><\/td>\n<td>Palette de 28 un (Consign\u00e9 ou perdu avec bouchon d\u00e9gazeur)<\/td>\n<\/tr>\n<tr>\n<td><strong>F\u00fbt 200 L \/ Container 1000 L<\/strong><\/td>\n<td>Disponible pour stockage gros volume<\/td>\n<\/tr>\n<tr>\n<td><strong>Vrac<\/strong><\/td>\n<td>Livraison par camion citerne de 1000 L \u00e0 24 T<\/td>\n<\/tr>\n<\/tbody>\n<\/table>\n<p>&nbsp;<\/p>\n<p><strong>COMPOSITION<\/strong><\/p>\n<p>Hypochlorite de Sodium (12,5% de chlore actif \/ 47-50\u00b0 chlorom\u00e9triques).<br \/>\nCE 231-668-3. <strong>Biocide TP2<\/strong>.<br \/>\nGAROCIDE SHC 55 &#8211; 02P \/ PRO.<\/p>\n<p>&nbsp;<\/p>\n<p><strong>S\u00c9CURIT\u00c9<\/strong><\/p>\n<p>Avant toute utilisation, lisez l\u2019\u00e9tiquette et les informations concernant le produit.<\/p>\n<p>D\u00e9pos\u00e9 au <strong>centre antipoison de Toulouse<\/strong> T\u00e9l : <strong>05.61.49.33.33<\/strong><\/p>\n<div class=\"warning-box\">\n<p class=\"danger-mention\">Mention d\u2019avertissement : DANGER !<\/p>\n<p><strong>Mentions de danger :<\/strong><br \/>\nPeut aggraver un incendie ; comburant. Nocif en cas d\u2019ingestion. Provoque une s\u00e9v\u00e8re irritation des yeux. Peut irriter les voies respiratoires. Tr\u00e8s toxique pour les organismes aquatiques, entra\u00eene des effets n\u00e9fastes \u00e0 long terme. Au contact d\u2019un acide, d\u00e9gage un gaz toxique.<\/p>\n<p><strong>Conseils de prudence :<\/strong><br \/>\nTenir hors de port\u00e9e des enfants. Tenir\/stocker \u00e0 l\u2019\u00e9cart des v\u00eatements\/mati\u00e8res combustibles. \u00c9viter de respirer les poussi\u00e8res\/fum\u00e9es\/gaz\/brouillards\/vapeurs\/a\u00e9rosols. \u00c9viter le rejet dans l\u2019environnement. Porter des gants de protection et un \u00e9quipement de protection des yeux.<\/p>\n<\/div>\n<p><span class=\"urgent\">EN CAS D\u2019INGESTION :<\/span> appeler un CENTRE ANTIPOISON ou un m\u00e9decin en cas de malaise.<br \/>\n<span class=\"urgent\">EN CAS D\u2019INHALATION :<\/span> transporter la victime \u00e0 l\u2019ext\u00e9rieur et la maintenir au repos dans une position o\u00f9 elle peut confortablement respirer.<br \/>\n<span class=\"urgent\">EN CAS DE CONTACT AVEC LES YEUX :<\/span> rincer avec pr\u00e9caution \u00e0 l\u2019eau pendant plusieurs minutes. Enlever les lentilles de contact si la victime en porte et si elles peuvent \u00eatre facilement enlev\u00e9es. Continuer \u00e0 rincer.<\/p>\n<p><strong>Pour le grand public :<\/strong> \u00c9liminer l\u2019emballage vide et\/ou les produits non utilis\u00e9s conform\u00e9ment aux prescriptions du r\u00e8glement municipal d\u2019\u00e9limination de ces d\u00e9chets, par exemple par apport en d\u00e9chetterie.<\/p>\n<p><strong>ATTENTION !<\/strong> Ne pas mettre en contact avec d\u2019autres produits, des gaz dangereux (chlore) peuvent se lib\u00e9rer.<\/p>\n<p><em>Produit homologu\u00e9 par le minist\u00e8re de la sant\u00e9 pour l\u2019ajustement de l\u2019\u00e9quilibre des eaux des piscines publiques.<\/em><\/p>\n<p><a style=\"display: inline-block; font-family: 'Montserrat', sans-serif; color: #1c4389; text-decoration: none; font-weight: bold; border: 2px solid #1c4389; padding: 10px 20px; border-radius: 5px;\" href=\"https:\/\/poolsparadise.fr\/?page_id=240\">DEMANDEZ UN PRIX<\/a><\/p>\n","protected":false},"excerpt":{"rendered":"<p><strong><em>Produit homologu\u00e9 par le minist\u00e8re de la sant\u00e9 pour l\u2019ajustement de l\u2019\u00e9quilibre des eaux des piscines publiques.<\/em><\/strong><\/p>\n<p><strong>CARACT\u00c9RISTIQUES<\/strong><\/p>\n<ul class=\"feature-list\">\n<li class=\"feature-item\"><strong>Haute Puret\u00e9 :<\/strong> Javel haut titre (12,5 % chlore actif \/ 47-50\u00b0 chlorom\u00e9triques) n&rsquo;entra\u00eenant pas de cristallisation.<\/li>\n<li class=\"feature-item\"><strong>Maintenance facilit\u00e9e :<\/strong> Sa formulation sp\u00e9cifique prot\u00e8ge les pompes doseuses et \u00e9vite l&rsquo;encrassement des circuits d&rsquo;injection.<\/li>\n<li class=\"feature-item\"><strong>Flexibilit\u00e9 :<\/strong> Possibilit\u00e9 de stabiliser l&rsquo;eau du bassin de mani\u00e8re ind\u00e9pendante par l&rsquo;ajout d&rsquo;un stabilisant s\u00e9par\u00e9.<\/li>\n<\/ul>\n<div class=\"app-box\">\n<p>&nbsp;<\/p>\n<p><strong>MODES D&rsquo;INJECTION :<\/strong><\/p>\n<ul>\n<li><strong>Traitement Continu :<\/strong> Injection automatis\u00e9e par le biais de pompes doseuses r\u00e9gul\u00e9es.<\/li>\n<li><strong>Traitement Choc :<\/strong> Injection directe dans le skimmer ou dans le bassin devant les buses de refoulement.<\/li>\n<\/ul>\n<\/div>\n<p>&nbsp;<\/p>\n<p><a style=\"display: inline-block; font-family: 'Montserrat', sans-serif; color: #1c4389; text-decoration: none; font-weight: bold; border: 2px solid #1c4389; padding: 10px 20px; border-radius: 5px;\" href=\"https:\/\/poolsparadise.fr\/?page_id=240\">DEMANDEZ UN PRIX<\/a><\/p>\n","protected":false},"featured_media":1779,"comment_status":"closed","ping_status":"closed","template":"","meta":[],"product_brand":[],"product_cat":[21],"product_tag":[],"class_list":{"0":"post-1778","1":"product","2":"type-product","3":"status-publish","4":"has-post-thumbnail","6":"product_cat-non-classe","8":"first","9":"instock","10":"shipping-taxable","11":"product-type-simple"},"yoast_head":"<!-- This site is optimized with the Yoast SEO plugin v26.8 - https:\/\/yoast.com\/product\/yoast-seo-wordpress\/ -->\n<title>Chlore liquide (20L) - Pools Paradise<\/title>\n<meta name=\"robots\" content=\"index, follow, max-snippet:-1, max-image-preview:large, max-video-preview:-1\" \/>\n<link rel=\"canonical\" href=\"https:\/\/poolsparadise.fr\/?product=chlore-liquide-20l\" \/>\n<meta property=\"og:locale\" content=\"fr_FR\" \/>\n<meta property=\"og:type\" content=\"article\" \/>\n<meta property=\"og:title\" content=\"Chlore liquide (20L) - Pools Paradise\" \/>\n<meta property=\"og:description\" content=\"Produit homologu\u00e9 par le minist\u00e8re de la sant\u00e9 pour l\u2019ajustement de l\u2019\u00e9quilibre des eaux des piscines publiques.  CARACT\u00c9RISTIQUES   Haute Puret\u00e9 : Javel haut titre (12,5 % chlore actif \/ 47-50\u00b0 chlorom\u00e9triques) n&#039;entra\u00eenant pas de cristallisation.  Maintenance facilit\u00e9e : Sa formulation sp\u00e9cifique prot\u00e8ge les pompes doseuses et \u00e9vite l&#039;encrassement des circuits d&#039;injection.  Flexibilit\u00e9 : Possibilit\u00e9 de stabiliser l&#039;eau du bassin de mani\u00e8re ind\u00e9pendante par l&#039;ajout d&#039;un stabilisant s\u00e9par\u00e9.    &nbsp;   MODES D&#039;INJECTION :   Traitement Continu : Injection automatis\u00e9e par le biais de pompes doseuses r\u00e9gul\u00e9es.  Traitement Choc : Injection directe dans le skimmer ou dans le bassin devant les buses de refoulement.   &nbsp;  DEMANDEZ UN PRIX\" \/>\n<meta property=\"og:url\" content=\"https:\/\/poolsparadise.fr\/?product=chlore-liquide-20l\" \/>\n<meta property=\"og:site_name\" content=\"Pools Paradise\" \/>\n<meta property=\"article:modified_time\" content=\"2026-02-25T10:51:58+00:00\" \/>\n<meta property=\"og:image\" content=\"http:\/\/poolsparadise.fr\/wp-content\/uploads\/2026\/02\/22.png\" \/>\n\t<meta property=\"og:image:width\" content=\"940\" \/>\n\t<meta property=\"og:image:height\" content=\"788\" \/>\n\t<meta property=\"og:image:type\" content=\"image\/png\" \/>\n<meta name=\"twitter:card\" content=\"summary_large_image\" \/>\n<meta name=\"twitter:label1\" content=\"Dur\u00e9e de lecture estim\u00e9e\" \/>\n\t<meta name=\"twitter:data1\" content=\"3 minutes\" \/>\n<script type=\"application\/ld+json\" class=\"yoast-schema-graph\">{\"@context\":\"https:\/\/schema.org\",\"@graph\":[{\"@type\":\"WebPage\",\"@id\":\"https:\/\/poolsparadise.fr\/?product=chlore-liquide-20l\",\"url\":\"https:\/\/poolsparadise.fr\/?product=chlore-liquide-20l\",\"name\":\"Chlore liquide (20L) - Pools Paradise\",\"isPartOf\":{\"@id\":\"https:\/\/poolsparadise.fr\/#website\"},\"primaryImageOfPage\":{\"@id\":\"https:\/\/poolsparadise.fr\/?product=chlore-liquide-20l#primaryimage\"},\"image\":{\"@id\":\"https:\/\/poolsparadise.fr\/?product=chlore-liquide-20l#primaryimage\"},\"thumbnailUrl\":\"https:\/\/poolsparadise.fr\/wp-content\/uploads\/2026\/02\/22.png\",\"datePublished\":\"2026-02-25T10:48:11+00:00\",\"dateModified\":\"2026-02-25T10:51:58+00:00\",\"breadcrumb\":{\"@id\":\"https:\/\/poolsparadise.fr\/?product=chlore-liquide-20l#breadcrumb\"},\"inLanguage\":\"fr-FR\",\"potentialAction\":[{\"@type\":\"ReadAction\",\"target\":[\"https:\/\/poolsparadise.fr\/?product=chlore-liquide-20l\"]}]},{\"@type\":\"ImageObject\",\"inLanguage\":\"fr-FR\",\"@id\":\"https:\/\/poolsparadise.fr\/?product=chlore-liquide-20l#primaryimage\",\"url\":\"https:\/\/poolsparadise.fr\/wp-content\/uploads\/2026\/02\/22.png\",\"contentUrl\":\"https:\/\/poolsparadise.fr\/wp-content\/uploads\/2026\/02\/22.png\",\"width\":940,\"height\":788},{\"@type\":\"BreadcrumbList\",\"@id\":\"https:\/\/poolsparadise.fr\/?product=chlore-liquide-20l#breadcrumb\",\"itemListElement\":[{\"@type\":\"ListItem\",\"position\":1,\"name\":\"Accueil\",\"item\":\"https:\/\/poolsparadise.fr\/\"},{\"@type\":\"ListItem\",\"position\":2,\"name\":\"Produits\",\"item\":\"https:\/\/poolsparadise.fr\/?post_type=product\"},{\"@type\":\"ListItem\",\"position\":3,\"name\":\"Chlore liquide (20L)\"}]},{\"@type\":\"WebSite\",\"@id\":\"https:\/\/poolsparadise.fr\/#website\",\"url\":\"https:\/\/poolsparadise.fr\/\",\"name\":\"Pools Paradise\",\"description\":\"\",\"publisher\":{\"@id\":\"https:\/\/poolsparadise.fr\/#organization\"},\"potentialAction\":[{\"@type\":\"SearchAction\",\"target\":{\"@type\":\"EntryPoint\",\"urlTemplate\":\"https:\/\/poolsparadise.fr\/?s={search_term_string}\"},\"query-input\":{\"@type\":\"PropertyValueSpecification\",\"valueRequired\":true,\"valueName\":\"search_term_string\"}}],\"inLanguage\":\"fr-FR\"},{\"@type\":\"Organization\",\"@id\":\"https:\/\/poolsparadise.fr\/#organization\",\"name\":\"Pools Paradise\",\"url\":\"https:\/\/poolsparadise.fr\/\",\"logo\":{\"@type\":\"ImageObject\",\"inLanguage\":\"fr-FR\",\"@id\":\"https:\/\/poolsparadise.fr\/#\/schema\/logo\/image\/\",\"url\":\"https:\/\/poolsparadise.fr\/wp-content\/uploads\/2026\/01\/LOGO-HD-TRANSPARENCE-1536x1262-1.png\",\"contentUrl\":\"https:\/\/poolsparadise.fr\/wp-content\/uploads\/2026\/01\/LOGO-HD-TRANSPARENCE-1536x1262-1.png\",\"width\":1536,\"height\":1262,\"caption\":\"Pools Paradise\"},\"image\":{\"@id\":\"https:\/\/poolsparadise.fr\/#\/schema\/logo\/image\/\"}}]}<\/script>\n<!-- \/ Yoast SEO plugin. -->","yoast_head_json":{"title":"Chlore liquide (20L) - Pools Paradise","robots":{"index":"index","follow":"follow","max-snippet":"max-snippet:-1","max-image-preview":"max-image-preview:large","max-video-preview":"max-video-preview:-1"},"canonical":"https:\/\/poolsparadise.fr\/?product=chlore-liquide-20l","og_locale":"fr_FR","og_type":"article","og_title":"Chlore liquide (20L) - Pools Paradise","og_description":"Produit homologu\u00e9 par le minist\u00e8re de la sant\u00e9 pour l\u2019ajustement de l\u2019\u00e9quilibre des eaux des piscines publiques.  CARACT\u00c9RISTIQUES   Haute Puret\u00e9 : Javel haut titre (12,5 % chlore actif \/ 47-50\u00b0 chlorom\u00e9triques) n'entra\u00eenant pas de cristallisation.  Maintenance facilit\u00e9e : Sa formulation sp\u00e9cifique prot\u00e8ge les pompes doseuses et \u00e9vite l'encrassement des circuits d'injection.  Flexibilit\u00e9 : Possibilit\u00e9 de stabiliser l'eau du bassin de mani\u00e8re ind\u00e9pendante par l'ajout d'un stabilisant s\u00e9par\u00e9.    &nbsp;   MODES D'INJECTION :   Traitement Continu : Injection automatis\u00e9e par le biais de pompes doseuses r\u00e9gul\u00e9es.  Traitement Choc : Injection directe dans le skimmer ou dans le bassin devant les buses de refoulement.   &nbsp;  DEMANDEZ UN PRIX","og_url":"https:\/\/poolsparadise.fr\/?product=chlore-liquide-20l","og_site_name":"Pools Paradise","article_modified_time":"2026-02-25T10:51:58+00:00","og_image":[{"width":940,"height":788,"url":"http:\/\/poolsparadise.fr\/wp-content\/uploads\/2026\/02\/22.png","type":"image\/png"}],"twitter_card":"summary_large_image","twitter_misc":{"Dur\u00e9e de lecture estim\u00e9e":"3 minutes"},"schema":{"@context":"https:\/\/schema.org","@graph":[{"@type":"WebPage","@id":"https:\/\/poolsparadise.fr\/?product=chlore-liquide-20l","url":"https:\/\/poolsparadise.fr\/?product=chlore-liquide-20l","name":"Chlore liquide (20L) - Pools Paradise","isPartOf":{"@id":"https:\/\/poolsparadise.fr\/#website"},"primaryImageOfPage":{"@id":"https:\/\/poolsparadise.fr\/?product=chlore-liquide-20l#primaryimage"},"image":{"@id":"https:\/\/poolsparadise.fr\/?product=chlore-liquide-20l#primaryimage"},"thumbnailUrl":"https:\/\/poolsparadise.fr\/wp-content\/uploads\/2026\/02\/22.png","datePublished":"2026-02-25T10:48:11+00:00","dateModified":"2026-02-25T10:51:58+00:00","breadcrumb":{"@id":"https:\/\/poolsparadise.fr\/?product=chlore-liquide-20l#breadcrumb"},"inLanguage":"fr-FR","potentialAction":[{"@type":"ReadAction","target":["https:\/\/poolsparadise.fr\/?product=chlore-liquide-20l"]}]},{"@type":"ImageObject","inLanguage":"fr-FR","@id":"https:\/\/poolsparadise.fr\/?product=chlore-liquide-20l#primaryimage","url":"https:\/\/poolsparadise.fr\/wp-content\/uploads\/2026\/02\/22.png","contentUrl":"https:\/\/poolsparadise.fr\/wp-content\/uploads\/2026\/02\/22.png","width":940,"height":788},{"@type":"BreadcrumbList","@id":"https:\/\/poolsparadise.fr\/?product=chlore-liquide-20l#breadcrumb","itemListElement":[{"@type":"ListItem","position":1,"name":"Accueil","item":"https:\/\/poolsparadise.fr\/"},{"@type":"ListItem","position":2,"name":"Produits","item":"https:\/\/poolsparadise.fr\/?post_type=product"},{"@type":"ListItem","position":3,"name":"Chlore liquide (20L)"}]},{"@type":"WebSite","@id":"https:\/\/poolsparadise.fr\/#website","url":"https:\/\/poolsparadise.fr\/","name":"Pools Paradise","description":"","publisher":{"@id":"https:\/\/poolsparadise.fr\/#organization"},"potentialAction":[{"@type":"SearchAction","target":{"@type":"EntryPoint","urlTemplate":"https:\/\/poolsparadise.fr\/?s={search_term_string}"},"query-input":{"@type":"PropertyValueSpecification","valueRequired":true,"valueName":"search_term_string"}}],"inLanguage":"fr-FR"},{"@type":"Organization","@id":"https:\/\/poolsparadise.fr\/#organization","name":"Pools Paradise","url":"https:\/\/poolsparadise.fr\/","logo":{"@type":"ImageObject","inLanguage":"fr-FR","@id":"https:\/\/poolsparadise.fr\/#\/schema\/logo\/image\/","url":"https:\/\/poolsparadise.fr\/wp-content\/uploads\/2026\/01\/LOGO-HD-TRANSPARENCE-1536x1262-1.png","contentUrl":"https:\/\/poolsparadise.fr\/wp-content\/uploads\/2026\/01\/LOGO-HD-TRANSPARENCE-1536x1262-1.png","width":1536,"height":1262,"caption":"Pools Paradise"},"image":{"@id":"https:\/\/poolsparadise.fr\/#\/schema\/logo\/image\/"}}]}},"_links":{"self":[{"href":"https:\/\/poolsparadise.fr\/index.php?rest_route=\/wp\/v2\/product\/1778","targetHints":{"allow":["GET"]}}],"collection":[{"href":"https:\/\/poolsparadise.fr\/index.php?rest_route=\/wp\/v2\/product"}],"about":[{"href":"https:\/\/poolsparadise.fr\/index.php?rest_route=\/wp\/v2\/types\/product"}],"replies":[{"embeddable":true,"href":"https:\/\/poolsparadise.fr\/index.php?rest_route=%2Fwp%2Fv2%2Fcomments&post=1778"}],"wp:featuredmedia":[{"embeddable":true,"href":"https:\/\/poolsparadise.fr\/index.php?rest_route=\/wp\/v2\/media\/1779"}],"wp:attachment":[{"href":"https:\/\/poolsparadise.fr\/index.php?rest_route=%2Fwp%2Fv2%2Fmedia&parent=1778"}],"wp:term":[{"taxonomy":"product_brand","embeddable":true,"href":"https:\/\/poolsparadise.fr\/index.php?rest_route=%2Fwp%2Fv2%2Fproduct_brand&post=1778"},{"taxonomy":"product_cat","embeddable":true,"href":"https:\/\/poolsparadise.fr\/index.php?rest_route=%2Fwp%2Fv2%2Fproduct_cat&post=1778"},{"taxonomy":"product_tag","embeddable":true,"href":"https:\/\/poolsparadise.fr\/index.php?rest_route=%2Fwp%2Fv2%2Fproduct_tag&post=1778"}],"curies":[{"name":"wp","href":"https:\/\/api.w.org\/{rel}","templated":true}]}}