{"id":1746,"date":"2026-02-25T10:23:57","date_gmt":"2026-02-25T09:23:57","guid":{"rendered":"https:\/\/poolsparadise.fr\/?post_type=product&#038;p=1746"},"modified":"2026-02-25T10:26:48","modified_gmt":"2026-02-25T09:26:48","slug":"anti-phosphates-1l-ou-5l","status":"publish","type":"product","link":"https:\/\/poolsparadise.fr\/?product=anti-phosphates-1l-ou-5l","title":{"rendered":"Anti-phosphates (1L) ou (5L)"},"content":{"rendered":"<p><strong>MODE D\u2019EMPLOI \/ DOSAGE<\/strong><\/p>\n<p><strong>Condition pr\u00e9alable :<\/strong> Si des algues sont pr\u00e9sentes, elles doivent \u00eatre imp\u00e9rativement \u00e9limin\u00e9es avant de traiter les phosphates.<\/p>\n<p><strong>Traitement Curatif :<\/strong><\/p>\n<ul>\n<li>Effectuer un lavage de filtre et mesurer la teneur en phosphates (en <strong>ppb<\/strong>).<\/li>\n<li>Verser le produit \u00e0 la surface du bassin, filtration en marche forc\u00e9e (continu).<\/li>\n<li>Apr\u00e8s 24h, effectuer un nouveau lavage de filtre et contr\u00f4ler \u00e0 nouveau le taux de phosphates.<\/li>\n<\/ul>\n<p>&nbsp;<\/p>\n<div class=\"formula-box\"><strong>FORMULE DE CALCUL<\/strong><br \/>\nQuantit\u00e9 (en mL) = 0,012 x Volume du bassin (m\u00b3) x Teneur en phosphates (ppb)<br \/>\n<small><em>Exemple : Pour 200 ppb dans 50 m\u00b3 : 0,012 x 50 x 200 = <strong>120 mL<\/strong><\/em><\/small><\/div>\n<p><strong>Traitement Pr\u00e9ventif :<\/strong> Renouveler l&rsquo;op\u00e9ration une fois par mois pour maintenir un taux de phosphates minimal.<\/p>\n<div class=\"note-box\"><strong>NB :<\/strong> L\u2019utilisation de GAROPHOSPHATES peut entra\u00eener une turbidit\u00e9 (aspect trouble) temporaire de l\u2019eau pendant la r\u00e9action.<\/div>\n<p>&nbsp;<\/p>\n<p><strong>CONDITIONNEMENT<\/strong><\/p>\n<ul>\n<li>Bouteille de 1L (Carton de 12 unit\u00e9s)<\/li>\n<li>Bidon de 5L (Carton de 4 unit\u00e9s)<\/li>\n<\/ul>\n<div><\/div>\n<div><\/div>\n<p>&nbsp;<\/p>\n<div class=\"footer-info\"><strong>COMPOSITION<\/strong><br \/>\nPolychlorosulfate basique d\u2019aluminium (CE : 254-400-7).<\/div>\n<p>&nbsp;<\/p>\n<p><strong>S\u00c9CURIT\u00c9<\/strong><\/p>\n<p>Avant toute utilisation, lisez l\u2019\u00e9tiquette et les informations concernant le produit.<\/p>\n<p>D\u00e9pos\u00e9 au <strong>centre antipoison de Toulouse<\/strong> T\u00e9l : <strong>05.61.49.33.33<\/strong><\/p>\n<div class=\"warning-box\">\n<p class=\"danger-mention\">Mention d\u2019avertissement : DANGER !<\/p>\n<p><strong>Mentions de danger :<\/strong><br \/>\nPeut aggraver un incendie ; comburant. Nocif en cas d\u2019ingestion. Provoque une s\u00e9v\u00e8re irritation des yeux. Peut irriter les voies respiratoires. Tr\u00e8s toxique pour les organismes aquatiques, entra\u00eene des effets n\u00e9fastes \u00e0 long terme. Au contact d\u2019un acide, d\u00e9gage un gaz toxique.<\/p>\n<p><strong>Conseils de prudence :<\/strong><br \/>\nTenir hors de port\u00e9e des enfants. Tenir\/stocker \u00e0 l\u2019\u00e9cart des v\u00eatements\/mati\u00e8res combustibles. \u00c9viter de respirer les poussi\u00e8res\/fum\u00e9es\/gaz\/brouillards\/vapeurs\/a\u00e9rosols. \u00c9viter le rejet dans l\u2019environnement. Porter des gants de protection et un \u00e9quipement de protection des yeux.<\/p>\n<\/div>\n<p><span class=\"urgent\">EN CAS D\u2019INGESTION :<\/span> appeler un CENTRE ANTIPOISON ou un m\u00e9decin en cas de malaise.<br \/>\n<span class=\"urgent\">EN CAS D\u2019INHALATION :<\/span> transporter la victime \u00e0 l\u2019ext\u00e9rieur et la maintenir au repos dans une position o\u00f9 elle peut confortablement respirer.<br \/>\n<span class=\"urgent\">EN CAS DE CONTACT AVEC LES YEUX :<\/span> rincer avec pr\u00e9caution \u00e0 l\u2019eau pendant plusieurs minutes. Enlever les lentilles de contact si la victime en porte et si elles peuvent \u00eatre facilement enlev\u00e9es. Continuer \u00e0 rincer.<\/p>\n<p><strong>Pour le grand public :<\/strong> \u00c9liminer l\u2019emballage vide et\/ou les produits non utilis\u00e9s conform\u00e9ment aux prescriptions du r\u00e8glement municipal d\u2019\u00e9limination de ces d\u00e9chets, par exemple par apport en d\u00e9chetterie.<\/p>\n<p><strong>ATTENTION !<\/strong> Ne pas mettre en contact avec d\u2019autres produits, des gaz dangereux (chlore) peuvent se lib\u00e9rer.<\/p>\n<p><em>Produit homologu\u00e9 par le minist\u00e8re de la sant\u00e9 pour l\u2019ajustement de l\u2019\u00e9quilibre des eaux des piscines publiques.<\/em><\/p>\n<p><a style=\"display: inline-block; font-family: 'Montserrat', sans-serif; color: #1c4389; text-decoration: none; font-weight: bold; border: 2px solid #1c4389; padding: 10px 20px; border-radius: 5px;\" href=\"https:\/\/poolsparadise.fr\/?page_id=240\">DEMANDEZ UN PRIX<\/a><\/p>\n","protected":false},"excerpt":{"rendered":"<p><strong><em>Produit homologu\u00e9 par le minist\u00e8re de la sant\u00e9 pour l\u2019ajustement de l\u2019\u00e9quilibre des eaux des piscines publiques.<\/em><\/strong><\/p>\n<p><strong>CARACT\u00c9RISTIQUES<\/strong><\/p>\n<ul class=\"feature-list\">\n<li class=\"feature-item\"><strong>Action cibl\u00e9e :<\/strong> \u00c9limine radicalement les phosphates, nourriture principale et source de d\u00e9veloppement des algues.<\/li>\n<li class=\"feature-item\"><strong>Haute Concentration :<\/strong> Formule fortement concentr\u00e9e pour une efficacit\u00e9 maximale avec un faible litrage.<\/li>\n<li class=\"feature-item\"><strong>\u00c9conomique :<\/strong> En supprimant les phosphates, il limite consid\u00e9rablement l\u2019utilisation de produits anti-algues curatifs.<\/li>\n<li class=\"feature-item\"><strong>Confort :<\/strong> Garanti totalement non moussant.<\/li>\n<\/ul>\n<p>&nbsp;<\/p>\n<div class=\"benefit-box\"><strong>Pourquoi traiter les phosphates ?<\/strong><br \/>\nLes phosphates agissent comme un engrais pour les algues. Les supprimer, c&rsquo;est couper leur source d&rsquo;alimentation et garantir une eau saine plus facilement.<\/div>\n<p>&nbsp;<\/p>\n<p><a style=\"display: inline-block; font-family: 'Montserrat', sans-serif; color: #1c4389; text-decoration: none; font-weight: bold; border: 2px solid #1c4389; padding: 10px 20px; border-radius: 5px;\" href=\"https:\/\/poolsparadise.fr\/?page_id=240\">DEMANDEZ UN PRIX<\/a><\/p>\n","protected":false},"featured_media":1747,"comment_status":"closed","ping_status":"closed","template":"","meta":[],"product_brand":[],"product_cat":[21],"product_tag":[],"class_list":{"0":"post-1746","1":"product","2":"type-product","3":"status-publish","4":"has-post-thumbnail","6":"product_cat-non-classe","8":"first","9":"instock","10":"shipping-taxable","11":"product-type-simple"},"yoast_head":"<!-- This site is optimized with the Yoast SEO plugin v26.8 - https:\/\/yoast.com\/product\/yoast-seo-wordpress\/ -->\n<title>Anti-phosphates (1L) ou (5L) - Pools Paradise<\/title>\n<meta name=\"robots\" content=\"index, follow, max-snippet:-1, max-image-preview:large, max-video-preview:-1\" \/>\n<link rel=\"canonical\" href=\"https:\/\/poolsparadise.fr\/?product=anti-phosphates-1l-ou-5l\" \/>\n<meta property=\"og:locale\" content=\"fr_FR\" \/>\n<meta property=\"og:type\" content=\"article\" \/>\n<meta property=\"og:title\" content=\"Anti-phosphates (1L) ou (5L) - Pools Paradise\" \/>\n<meta property=\"og:description\" content=\"Produit homologu\u00e9 par le minist\u00e8re de la sant\u00e9 pour l\u2019ajustement de l\u2019\u00e9quilibre des eaux des piscines publiques.  CARACT\u00c9RISTIQUES   Action cibl\u00e9e : \u00c9limine radicalement les phosphates, nourriture principale et source de d\u00e9veloppement des algues.  Haute Concentration : Formule fortement concentr\u00e9e pour une efficacit\u00e9 maximale avec un faible litrage.  \u00c9conomique : En supprimant les phosphates, il limite consid\u00e9rablement l\u2019utilisation de produits anti-algues curatifs.  Confort : Garanti totalement non moussant.  &nbsp; Pourquoi traiter les phosphates ? Les phosphates agissent comme un engrais pour les algues. Les supprimer, c&#039;est couper leur source d&#039;alimentation et garantir une eau saine plus facilement. &nbsp;  DEMANDEZ UN PRIX\" \/>\n<meta property=\"og:url\" content=\"https:\/\/poolsparadise.fr\/?product=anti-phosphates-1l-ou-5l\" \/>\n<meta property=\"og:site_name\" content=\"Pools Paradise\" \/>\n<meta property=\"article:modified_time\" content=\"2026-02-25T09:26:48+00:00\" \/>\n<meta property=\"og:image\" content=\"http:\/\/poolsparadise.fr\/wp-content\/uploads\/2026\/02\/6.png\" \/>\n\t<meta property=\"og:image:width\" content=\"940\" \/>\n\t<meta property=\"og:image:height\" content=\"788\" \/>\n\t<meta property=\"og:image:type\" content=\"image\/png\" \/>\n<meta name=\"twitter:card\" content=\"summary_large_image\" \/>\n<meta name=\"twitter:label1\" content=\"Dur\u00e9e de lecture estim\u00e9e\" \/>\n\t<meta name=\"twitter:data1\" content=\"3 minutes\" \/>\n<script type=\"application\/ld+json\" class=\"yoast-schema-graph\">{\"@context\":\"https:\/\/schema.org\",\"@graph\":[{\"@type\":\"WebPage\",\"@id\":\"https:\/\/poolsparadise.fr\/?product=anti-phosphates-1l-ou-5l\",\"url\":\"https:\/\/poolsparadise.fr\/?product=anti-phosphates-1l-ou-5l\",\"name\":\"Anti-phosphates (1L) ou (5L) - Pools Paradise\",\"isPartOf\":{\"@id\":\"https:\/\/poolsparadise.fr\/#website\"},\"primaryImageOfPage\":{\"@id\":\"https:\/\/poolsparadise.fr\/?product=anti-phosphates-1l-ou-5l#primaryimage\"},\"image\":{\"@id\":\"https:\/\/poolsparadise.fr\/?product=anti-phosphates-1l-ou-5l#primaryimage\"},\"thumbnailUrl\":\"https:\/\/poolsparadise.fr\/wp-content\/uploads\/2026\/02\/6.png\",\"datePublished\":\"2026-02-25T09:23:57+00:00\",\"dateModified\":\"2026-02-25T09:26:48+00:00\",\"breadcrumb\":{\"@id\":\"https:\/\/poolsparadise.fr\/?product=anti-phosphates-1l-ou-5l#breadcrumb\"},\"inLanguage\":\"fr-FR\",\"potentialAction\":[{\"@type\":\"ReadAction\",\"target\":[\"https:\/\/poolsparadise.fr\/?product=anti-phosphates-1l-ou-5l\"]}]},{\"@type\":\"ImageObject\",\"inLanguage\":\"fr-FR\",\"@id\":\"https:\/\/poolsparadise.fr\/?product=anti-phosphates-1l-ou-5l#primaryimage\",\"url\":\"https:\/\/poolsparadise.fr\/wp-content\/uploads\/2026\/02\/6.png\",\"contentUrl\":\"https:\/\/poolsparadise.fr\/wp-content\/uploads\/2026\/02\/6.png\",\"width\":940,\"height\":788},{\"@type\":\"BreadcrumbList\",\"@id\":\"https:\/\/poolsparadise.fr\/?product=anti-phosphates-1l-ou-5l#breadcrumb\",\"itemListElement\":[{\"@type\":\"ListItem\",\"position\":1,\"name\":\"Accueil\",\"item\":\"https:\/\/poolsparadise.fr\/\"},{\"@type\":\"ListItem\",\"position\":2,\"name\":\"Produits\",\"item\":\"https:\/\/poolsparadise.fr\/?post_type=product\"},{\"@type\":\"ListItem\",\"position\":3,\"name\":\"Anti-phosphates (1L) ou (5L)\"}]},{\"@type\":\"WebSite\",\"@id\":\"https:\/\/poolsparadise.fr\/#website\",\"url\":\"https:\/\/poolsparadise.fr\/\",\"name\":\"Pools Paradise\",\"description\":\"\",\"publisher\":{\"@id\":\"https:\/\/poolsparadise.fr\/#organization\"},\"potentialAction\":[{\"@type\":\"SearchAction\",\"target\":{\"@type\":\"EntryPoint\",\"urlTemplate\":\"https:\/\/poolsparadise.fr\/?s={search_term_string}\"},\"query-input\":{\"@type\":\"PropertyValueSpecification\",\"valueRequired\":true,\"valueName\":\"search_term_string\"}}],\"inLanguage\":\"fr-FR\"},{\"@type\":\"Organization\",\"@id\":\"https:\/\/poolsparadise.fr\/#organization\",\"name\":\"Pools Paradise\",\"url\":\"https:\/\/poolsparadise.fr\/\",\"logo\":{\"@type\":\"ImageObject\",\"inLanguage\":\"fr-FR\",\"@id\":\"https:\/\/poolsparadise.fr\/#\/schema\/logo\/image\/\",\"url\":\"https:\/\/poolsparadise.fr\/wp-content\/uploads\/2026\/01\/LOGO-HD-TRANSPARENCE-1536x1262-1.png\",\"contentUrl\":\"https:\/\/poolsparadise.fr\/wp-content\/uploads\/2026\/01\/LOGO-HD-TRANSPARENCE-1536x1262-1.png\",\"width\":1536,\"height\":1262,\"caption\":\"Pools Paradise\"},\"image\":{\"@id\":\"https:\/\/poolsparadise.fr\/#\/schema\/logo\/image\/\"}}]}<\/script>\n<!-- \/ Yoast SEO plugin. -->","yoast_head_json":{"title":"Anti-phosphates (1L) ou (5L) - Pools Paradise","robots":{"index":"index","follow":"follow","max-snippet":"max-snippet:-1","max-image-preview":"max-image-preview:large","max-video-preview":"max-video-preview:-1"},"canonical":"https:\/\/poolsparadise.fr\/?product=anti-phosphates-1l-ou-5l","og_locale":"fr_FR","og_type":"article","og_title":"Anti-phosphates (1L) ou (5L) - Pools Paradise","og_description":"Produit homologu\u00e9 par le minist\u00e8re de la sant\u00e9 pour l\u2019ajustement de l\u2019\u00e9quilibre des eaux des piscines publiques.  CARACT\u00c9RISTIQUES   Action cibl\u00e9e : \u00c9limine radicalement les phosphates, nourriture principale et source de d\u00e9veloppement des algues.  Haute Concentration : Formule fortement concentr\u00e9e pour une efficacit\u00e9 maximale avec un faible litrage.  \u00c9conomique : En supprimant les phosphates, il limite consid\u00e9rablement l\u2019utilisation de produits anti-algues curatifs.  Confort : Garanti totalement non moussant.  &nbsp; Pourquoi traiter les phosphates ? Les phosphates agissent comme un engrais pour les algues. Les supprimer, c'est couper leur source d'alimentation et garantir une eau saine plus facilement. &nbsp;  DEMANDEZ UN PRIX","og_url":"https:\/\/poolsparadise.fr\/?product=anti-phosphates-1l-ou-5l","og_site_name":"Pools Paradise","article_modified_time":"2026-02-25T09:26:48+00:00","og_image":[{"width":940,"height":788,"url":"http:\/\/poolsparadise.fr\/wp-content\/uploads\/2026\/02\/6.png","type":"image\/png"}],"twitter_card":"summary_large_image","twitter_misc":{"Dur\u00e9e de lecture estim\u00e9e":"3 minutes"},"schema":{"@context":"https:\/\/schema.org","@graph":[{"@type":"WebPage","@id":"https:\/\/poolsparadise.fr\/?product=anti-phosphates-1l-ou-5l","url":"https:\/\/poolsparadise.fr\/?product=anti-phosphates-1l-ou-5l","name":"Anti-phosphates (1L) ou (5L) - Pools Paradise","isPartOf":{"@id":"https:\/\/poolsparadise.fr\/#website"},"primaryImageOfPage":{"@id":"https:\/\/poolsparadise.fr\/?product=anti-phosphates-1l-ou-5l#primaryimage"},"image":{"@id":"https:\/\/poolsparadise.fr\/?product=anti-phosphates-1l-ou-5l#primaryimage"},"thumbnailUrl":"https:\/\/poolsparadise.fr\/wp-content\/uploads\/2026\/02\/6.png","datePublished":"2026-02-25T09:23:57+00:00","dateModified":"2026-02-25T09:26:48+00:00","breadcrumb":{"@id":"https:\/\/poolsparadise.fr\/?product=anti-phosphates-1l-ou-5l#breadcrumb"},"inLanguage":"fr-FR","potentialAction":[{"@type":"ReadAction","target":["https:\/\/poolsparadise.fr\/?product=anti-phosphates-1l-ou-5l"]}]},{"@type":"ImageObject","inLanguage":"fr-FR","@id":"https:\/\/poolsparadise.fr\/?product=anti-phosphates-1l-ou-5l#primaryimage","url":"https:\/\/poolsparadise.fr\/wp-content\/uploads\/2026\/02\/6.png","contentUrl":"https:\/\/poolsparadise.fr\/wp-content\/uploads\/2026\/02\/6.png","width":940,"height":788},{"@type":"BreadcrumbList","@id":"https:\/\/poolsparadise.fr\/?product=anti-phosphates-1l-ou-5l#breadcrumb","itemListElement":[{"@type":"ListItem","position":1,"name":"Accueil","item":"https:\/\/poolsparadise.fr\/"},{"@type":"ListItem","position":2,"name":"Produits","item":"https:\/\/poolsparadise.fr\/?post_type=product"},{"@type":"ListItem","position":3,"name":"Anti-phosphates (1L) ou (5L)"}]},{"@type":"WebSite","@id":"https:\/\/poolsparadise.fr\/#website","url":"https:\/\/poolsparadise.fr\/","name":"Pools Paradise","description":"","publisher":{"@id":"https:\/\/poolsparadise.fr\/#organization"},"potentialAction":[{"@type":"SearchAction","target":{"@type":"EntryPoint","urlTemplate":"https:\/\/poolsparadise.fr\/?s={search_term_string}"},"query-input":{"@type":"PropertyValueSpecification","valueRequired":true,"valueName":"search_term_string"}}],"inLanguage":"fr-FR"},{"@type":"Organization","@id":"https:\/\/poolsparadise.fr\/#organization","name":"Pools Paradise","url":"https:\/\/poolsparadise.fr\/","logo":{"@type":"ImageObject","inLanguage":"fr-FR","@id":"https:\/\/poolsparadise.fr\/#\/schema\/logo\/image\/","url":"https:\/\/poolsparadise.fr\/wp-content\/uploads\/2026\/01\/LOGO-HD-TRANSPARENCE-1536x1262-1.png","contentUrl":"https:\/\/poolsparadise.fr\/wp-content\/uploads\/2026\/01\/LOGO-HD-TRANSPARENCE-1536x1262-1.png","width":1536,"height":1262,"caption":"Pools Paradise"},"image":{"@id":"https:\/\/poolsparadise.fr\/#\/schema\/logo\/image\/"}}]}},"_links":{"self":[{"href":"https:\/\/poolsparadise.fr\/index.php?rest_route=\/wp\/v2\/product\/1746","targetHints":{"allow":["GET"]}}],"collection":[{"href":"https:\/\/poolsparadise.fr\/index.php?rest_route=\/wp\/v2\/product"}],"about":[{"href":"https:\/\/poolsparadise.fr\/index.php?rest_route=\/wp\/v2\/types\/product"}],"replies":[{"embeddable":true,"href":"https:\/\/poolsparadise.fr\/index.php?rest_route=%2Fwp%2Fv2%2Fcomments&post=1746"}],"wp:featuredmedia":[{"embeddable":true,"href":"https:\/\/poolsparadise.fr\/index.php?rest_route=\/wp\/v2\/media\/1747"}],"wp:attachment":[{"href":"https:\/\/poolsparadise.fr\/index.php?rest_route=%2Fwp%2Fv2%2Fmedia&parent=1746"}],"wp:term":[{"taxonomy":"product_brand","embeddable":true,"href":"https:\/\/poolsparadise.fr\/index.php?rest_route=%2Fwp%2Fv2%2Fproduct_brand&post=1746"},{"taxonomy":"product_cat","embeddable":true,"href":"https:\/\/poolsparadise.fr\/index.php?rest_route=%2Fwp%2Fv2%2Fproduct_cat&post=1746"},{"taxonomy":"product_tag","embeddable":true,"href":"https:\/\/poolsparadise.fr\/index.php?rest_route=%2Fwp%2Fv2%2Fproduct_tag&post=1746"}],"curies":[{"name":"wp","href":"https:\/\/api.w.org\/{rel}","templated":true}]}}