{"id":1731,"date":"2026-02-25T09:47:16","date_gmt":"2026-02-25T08:47:16","guid":{"rendered":"https:\/\/poolsparadise.fr\/?post_type=product&#038;p=1731"},"modified":"2026-02-25T09:50:01","modified_gmt":"2026-02-25T08:50:01","slug":"sac-de-sel-en-pastille-25-kg","status":"publish","type":"product","link":"https:\/\/poolsparadise.fr\/?product=sac-de-sel-en-pastille-25-kg","title":{"rendered":"Sac de sel en pastille (25 KG)"},"content":{"rendered":"<p><strong>MODE D\u2019EMPLOI \/ DOSAGE<\/strong><\/p>\n<p><strong>Application :<\/strong><\/p>\n<ul>\n<li><strong>Utilisation en Piscine :<\/strong> Se r\u00e9f\u00e9rer imp\u00e9rativement aux instructions du fabricant de l\u2019\u00e9lectrolyseur avant de verser le sel dans le bassin pour garantir une dissolution optimale et prot\u00e9ger les \u00e9lectrodes.<\/li>\n<li><strong>Utilisation en Adoucisseur :<\/strong> Compatible avec tout type d\u2019adoucisseur d&rsquo;eau domestique ou industriel.<\/li>\n<\/ul>\n<p><strong>Composition :<\/strong> Chlorure de Sodium (CAS 7647-14-5). Pr\u00e9curseur d\u2019acide Hypochloreux (CAS 7790-92-3). Biocide TP2, type de formulation TB.<\/p>\n<div class=\"highlight\"><strong>CONSEIL :<\/strong> Pour une efficacit\u00e9 maximale de votre \u00e9lectrolyseur, maintenez un taux de stabilisant adapt\u00e9 et v\u00e9rifiez r\u00e9guli\u00e8rement la propret\u00e9 de votre cellule.<\/div>\n<p>&nbsp;<\/p>\n<p><strong>CONDITIONNEMENT<\/strong><\/p>\n<ul>\n<li>Sac de 25 kg (Palette de 40 unit\u00e9s)<\/li>\n<\/ul>\n<p>&nbsp;<\/p>\n<p><strong>S\u00c9CURIT\u00c9<\/strong><\/p>\n<p>Avant toute utilisation, lisez l\u2019\u00e9tiquette et les informations concernant le produit.<\/p>\n<p>D\u00e9pos\u00e9 au <strong>centre antipoison de Toulouse<\/strong> T\u00e9l : <strong>05.61.49.33.33<\/strong><\/p>\n<div class=\"warning-box\">\n<p class=\"danger-mention\">Mention d\u2019avertissement : DANGER !<\/p>\n<p><strong>Mentions de danger :<\/strong><br \/>\nPeut aggraver un incendie ; comburant. Nocif en cas d\u2019ingestion. Provoque une s\u00e9v\u00e8re irritation des yeux. Peut irriter les voies respiratoires. Tr\u00e8s toxique pour les organismes aquatiques, entra\u00eene des effets n\u00e9fastes \u00e0 long terme. Au contact d\u2019un acide, d\u00e9gage un gaz toxique.<\/p>\n<p><strong>Conseils de prudence :<\/strong><br \/>\nTenir hors de port\u00e9e des enfants. Tenir\/stocker \u00e0 l\u2019\u00e9cart des v\u00eatements\/mati\u00e8res combustibles. \u00c9viter de respirer les poussi\u00e8res\/fum\u00e9es\/gaz\/brouillards\/vapeurs\/a\u00e9rosols. \u00c9viter le rejet dans l\u2019environnement. Porter des gants de protection et un \u00e9quipement de protection des yeux.<\/p>\n<\/div>\n<p><span class=\"urgent\">EN CAS D\u2019INGESTION :<\/span> appeler un CENTRE ANTIPOISON ou un m\u00e9decin en cas de malaise.<br \/>\n<span class=\"urgent\">EN CAS D\u2019INHALATION :<\/span> transporter la victime \u00e0 l\u2019ext\u00e9rieur et la maintenir au repos dans une position o\u00f9 elle peut confortablement respirer.<br \/>\n<span class=\"urgent\">EN CAS DE CONTACT AVEC LES YEUX :<\/span> rincer avec pr\u00e9caution \u00e0 l\u2019eau pendant plusieurs minutes. Enlever les lentilles de contact si la victime en porte et si elles peuvent \u00eatre facilement enlev\u00e9es. Continuer \u00e0 rincer.<\/p>\n<p><strong>Pour le grand public :<\/strong> \u00c9liminer l\u2019emballage vide et\/ou les produits non utilis\u00e9s conform\u00e9ment aux prescriptions du r\u00e8glement municipal d\u2019\u00e9limination de ces d\u00e9chets, par exemple par apport en d\u00e9chetterie.<\/p>\n<p><strong>ATTENTION !<\/strong> Ne pas mettre en contact avec d\u2019autres produits, des gaz dangereux (chlore) peuvent se lib\u00e9rer.<\/p>\n<p><em>Produit homologu\u00e9 par le minist\u00e8re de la sant\u00e9 pour l\u2019ajustement de l\u2019\u00e9quilibre des eaux des piscines publiques.<\/em><\/p>\n<p><a style=\"display: inline-block; font-family: 'Montserrat', sans-serif; color: #1c4389; text-decoration: none; font-weight: bold; border: 2px solid #1c4389; padding: 10px 20px; border-radius: 5px;\" href=\"https:\/\/poolsparadise.fr\/?page_id=240\">DEMANDEZ UN PRIX<\/a><\/p>\n","protected":false},"excerpt":{"rendered":"<p><strong><em>Produit homologu\u00e9 par le minist\u00e8re de la sant\u00e9 pour l\u2019ajustement de l\u2019\u00e9quilibre des eaux des piscines publiques.<\/em><\/strong><\/p>\n<p><strong>CARACT\u00c9RISTIQUES<\/strong><\/p>\n<ul class=\"specs-list\">\n<li><strong>Haute Puret\u00e9 :<\/strong> Sel ultra pur (99,9%), sans additifs et sans r\u00e9sidus.<\/li>\n<li><strong>Protection :<\/strong> Pr\u00e9serve les cellules d\u2019\u00e9lectrolyseurs pour une long\u00e9vit\u00e9 accrue.<\/li>\n<li><strong>Confort :<\/strong> Assure le confort et la s\u00e9curit\u00e9 de baignade.<\/li>\n<li><strong>Polyvalence :<\/strong> Adapt\u00e9 \u00e0 tous types de bassins, d\u2019appareils et \u00e0 un usage alimentaire.<\/li>\n<\/ul>\n<div class=\"norm-section\">\n<p>&nbsp;<\/p>\n<p><strong>CONFORME AUX NORMES :<\/strong><\/p>\n<ul>\n<li><strong>NF EN 14805 Type 1 :<\/strong> Traitement de l\u2019eau.<\/li>\n<li><strong>NF EN 16401 Qualit\u00e9 A :<\/strong> \u00c9lectrolyse au sel.<\/li>\n<li><strong>NF EN 973 Qualit\u00e9 A :<\/strong> Adoucisseur.<\/li>\n<\/ul>\n<\/div>\n<p><span class=\"highlight-text\"><br \/>\nLa forme coussinet des pastilles Premium garantit une dissolution optimale et contribue \u00e0 un usage performant des adoucisseurs.<\/span><\/p>\n<p><a style=\"display: inline-block; font-family: 'Montserrat', sans-serif; color: #1c4389; text-decoration: none; font-weight: bold; border: 2px solid #1c4389; padding: 10px 20px; border-radius: 5px;\" href=\"https:\/\/poolsparadise.fr\/?page_id=240\">DEMANDEZ UN PRIX<\/a><\/p>\n","protected":false},"featured_media":1732,"comment_status":"closed","ping_status":"closed","template":"","meta":[],"product_brand":[],"product_cat":[21],"product_tag":[],"class_list":{"0":"post-1731","1":"product","2":"type-product","3":"status-publish","4":"has-post-thumbnail","6":"product_cat-non-classe","8":"first","9":"instock","10":"shipping-taxable","11":"product-type-simple"},"yoast_head":"<!-- This site is optimized with the Yoast SEO plugin v26.8 - https:\/\/yoast.com\/product\/yoast-seo-wordpress\/ -->\n<title>Sac de sel en pastille (25 KG) - Pools Paradise<\/title>\n<meta name=\"robots\" content=\"index, follow, max-snippet:-1, max-image-preview:large, max-video-preview:-1\" \/>\n<link rel=\"canonical\" href=\"https:\/\/poolsparadise.fr\/?product=sac-de-sel-en-pastille-25-kg\" \/>\n<meta property=\"og:locale\" content=\"fr_FR\" \/>\n<meta property=\"og:type\" content=\"article\" \/>\n<meta property=\"og:title\" content=\"Sac de sel en pastille (25 KG) - Pools Paradise\" \/>\n<meta property=\"og:description\" content=\"Produit homologu\u00e9 par le minist\u00e8re de la sant\u00e9 pour l\u2019ajustement de l\u2019\u00e9quilibre des eaux des piscines publiques.  CARACT\u00c9RISTIQUES   Haute Puret\u00e9 : Sel ultra pur (99,9%), sans additifs et sans r\u00e9sidus.  Protection : Pr\u00e9serve les cellules d\u2019\u00e9lectrolyseurs pour une long\u00e9vit\u00e9 accrue.  Confort : Assure le confort et la s\u00e9curit\u00e9 de baignade.  Polyvalence : Adapt\u00e9 \u00e0 tous types de bassins, d\u2019appareils et \u00e0 un usage alimentaire.    &nbsp;  CONFORME AUX NORMES :   NF EN 14805 Type 1 : Traitement de l\u2019eau.  NF EN 16401 Qualit\u00e9 A : \u00c9lectrolyse au sel.  NF EN 973 Qualit\u00e9 A : Adoucisseur.    La forme coussinet des pastilles Premium garantit une dissolution optimale et contribue \u00e0 un usage performant des adoucisseurs.  DEMANDEZ UN PRIX\" \/>\n<meta property=\"og:url\" content=\"https:\/\/poolsparadise.fr\/?product=sac-de-sel-en-pastille-25-kg\" \/>\n<meta property=\"og:site_name\" content=\"Pools Paradise\" \/>\n<meta property=\"article:modified_time\" content=\"2026-02-25T08:50:01+00:00\" \/>\n<meta property=\"og:image\" content=\"http:\/\/poolsparadise.fr\/wp-content\/uploads\/2026\/02\/1-1.png\" \/>\n\t<meta property=\"og:image:width\" content=\"940\" \/>\n\t<meta property=\"og:image:height\" content=\"788\" \/>\n\t<meta property=\"og:image:type\" content=\"image\/png\" \/>\n<meta name=\"twitter:card\" content=\"summary_large_image\" \/>\n<meta name=\"twitter:label1\" content=\"Dur\u00e9e de lecture estim\u00e9e\" \/>\n\t<meta name=\"twitter:data1\" content=\"2 minutes\" \/>\n<script type=\"application\/ld+json\" class=\"yoast-schema-graph\">{\"@context\":\"https:\/\/schema.org\",\"@graph\":[{\"@type\":\"WebPage\",\"@id\":\"https:\/\/poolsparadise.fr\/?product=sac-de-sel-en-pastille-25-kg\",\"url\":\"https:\/\/poolsparadise.fr\/?product=sac-de-sel-en-pastille-25-kg\",\"name\":\"Sac de sel en pastille (25 KG) - Pools Paradise\",\"isPartOf\":{\"@id\":\"https:\/\/poolsparadise.fr\/#website\"},\"primaryImageOfPage\":{\"@id\":\"https:\/\/poolsparadise.fr\/?product=sac-de-sel-en-pastille-25-kg#primaryimage\"},\"image\":{\"@id\":\"https:\/\/poolsparadise.fr\/?product=sac-de-sel-en-pastille-25-kg#primaryimage\"},\"thumbnailUrl\":\"https:\/\/poolsparadise.fr\/wp-content\/uploads\/2026\/02\/1-1.png\",\"datePublished\":\"2026-02-25T08:47:16+00:00\",\"dateModified\":\"2026-02-25T08:50:01+00:00\",\"breadcrumb\":{\"@id\":\"https:\/\/poolsparadise.fr\/?product=sac-de-sel-en-pastille-25-kg#breadcrumb\"},\"inLanguage\":\"fr-FR\",\"potentialAction\":[{\"@type\":\"ReadAction\",\"target\":[\"https:\/\/poolsparadise.fr\/?product=sac-de-sel-en-pastille-25-kg\"]}]},{\"@type\":\"ImageObject\",\"inLanguage\":\"fr-FR\",\"@id\":\"https:\/\/poolsparadise.fr\/?product=sac-de-sel-en-pastille-25-kg#primaryimage\",\"url\":\"https:\/\/poolsparadise.fr\/wp-content\/uploads\/2026\/02\/1-1.png\",\"contentUrl\":\"https:\/\/poolsparadise.fr\/wp-content\/uploads\/2026\/02\/1-1.png\",\"width\":940,\"height\":788},{\"@type\":\"BreadcrumbList\",\"@id\":\"https:\/\/poolsparadise.fr\/?product=sac-de-sel-en-pastille-25-kg#breadcrumb\",\"itemListElement\":[{\"@type\":\"ListItem\",\"position\":1,\"name\":\"Accueil\",\"item\":\"https:\/\/poolsparadise.fr\/\"},{\"@type\":\"ListItem\",\"position\":2,\"name\":\"Produits\",\"item\":\"https:\/\/poolsparadise.fr\/?post_type=product\"},{\"@type\":\"ListItem\",\"position\":3,\"name\":\"Sac de sel en pastille (25 KG)\"}]},{\"@type\":\"WebSite\",\"@id\":\"https:\/\/poolsparadise.fr\/#website\",\"url\":\"https:\/\/poolsparadise.fr\/\",\"name\":\"Pools Paradise\",\"description\":\"\",\"publisher\":{\"@id\":\"https:\/\/poolsparadise.fr\/#organization\"},\"potentialAction\":[{\"@type\":\"SearchAction\",\"target\":{\"@type\":\"EntryPoint\",\"urlTemplate\":\"https:\/\/poolsparadise.fr\/?s={search_term_string}\"},\"query-input\":{\"@type\":\"PropertyValueSpecification\",\"valueRequired\":true,\"valueName\":\"search_term_string\"}}],\"inLanguage\":\"fr-FR\"},{\"@type\":\"Organization\",\"@id\":\"https:\/\/poolsparadise.fr\/#organization\",\"name\":\"Pools Paradise\",\"url\":\"https:\/\/poolsparadise.fr\/\",\"logo\":{\"@type\":\"ImageObject\",\"inLanguage\":\"fr-FR\",\"@id\":\"https:\/\/poolsparadise.fr\/#\/schema\/logo\/image\/\",\"url\":\"https:\/\/poolsparadise.fr\/wp-content\/uploads\/2026\/01\/LOGO-HD-TRANSPARENCE-1536x1262-1.png\",\"contentUrl\":\"https:\/\/poolsparadise.fr\/wp-content\/uploads\/2026\/01\/LOGO-HD-TRANSPARENCE-1536x1262-1.png\",\"width\":1536,\"height\":1262,\"caption\":\"Pools Paradise\"},\"image\":{\"@id\":\"https:\/\/poolsparadise.fr\/#\/schema\/logo\/image\/\"}}]}<\/script>\n<!-- \/ Yoast SEO plugin. -->","yoast_head_json":{"title":"Sac de sel en pastille (25 KG) - Pools Paradise","robots":{"index":"index","follow":"follow","max-snippet":"max-snippet:-1","max-image-preview":"max-image-preview:large","max-video-preview":"max-video-preview:-1"},"canonical":"https:\/\/poolsparadise.fr\/?product=sac-de-sel-en-pastille-25-kg","og_locale":"fr_FR","og_type":"article","og_title":"Sac de sel en pastille (25 KG) - Pools Paradise","og_description":"Produit homologu\u00e9 par le minist\u00e8re de la sant\u00e9 pour l\u2019ajustement de l\u2019\u00e9quilibre des eaux des piscines publiques.  CARACT\u00c9RISTIQUES   Haute Puret\u00e9 : Sel ultra pur (99,9%), sans additifs et sans r\u00e9sidus.  Protection : Pr\u00e9serve les cellules d\u2019\u00e9lectrolyseurs pour une long\u00e9vit\u00e9 accrue.  Confort : Assure le confort et la s\u00e9curit\u00e9 de baignade.  Polyvalence : Adapt\u00e9 \u00e0 tous types de bassins, d\u2019appareils et \u00e0 un usage alimentaire.    &nbsp;  CONFORME AUX NORMES :   NF EN 14805 Type 1 : Traitement de l\u2019eau.  NF EN 16401 Qualit\u00e9 A : \u00c9lectrolyse au sel.  NF EN 973 Qualit\u00e9 A : Adoucisseur.    La forme coussinet des pastilles Premium garantit une dissolution optimale et contribue \u00e0 un usage performant des adoucisseurs.  DEMANDEZ UN PRIX","og_url":"https:\/\/poolsparadise.fr\/?product=sac-de-sel-en-pastille-25-kg","og_site_name":"Pools Paradise","article_modified_time":"2026-02-25T08:50:01+00:00","og_image":[{"width":940,"height":788,"url":"http:\/\/poolsparadise.fr\/wp-content\/uploads\/2026\/02\/1-1.png","type":"image\/png"}],"twitter_card":"summary_large_image","twitter_misc":{"Dur\u00e9e de lecture estim\u00e9e":"2 minutes"},"schema":{"@context":"https:\/\/schema.org","@graph":[{"@type":"WebPage","@id":"https:\/\/poolsparadise.fr\/?product=sac-de-sel-en-pastille-25-kg","url":"https:\/\/poolsparadise.fr\/?product=sac-de-sel-en-pastille-25-kg","name":"Sac de sel en pastille (25 KG) - Pools Paradise","isPartOf":{"@id":"https:\/\/poolsparadise.fr\/#website"},"primaryImageOfPage":{"@id":"https:\/\/poolsparadise.fr\/?product=sac-de-sel-en-pastille-25-kg#primaryimage"},"image":{"@id":"https:\/\/poolsparadise.fr\/?product=sac-de-sel-en-pastille-25-kg#primaryimage"},"thumbnailUrl":"https:\/\/poolsparadise.fr\/wp-content\/uploads\/2026\/02\/1-1.png","datePublished":"2026-02-25T08:47:16+00:00","dateModified":"2026-02-25T08:50:01+00:00","breadcrumb":{"@id":"https:\/\/poolsparadise.fr\/?product=sac-de-sel-en-pastille-25-kg#breadcrumb"},"inLanguage":"fr-FR","potentialAction":[{"@type":"ReadAction","target":["https:\/\/poolsparadise.fr\/?product=sac-de-sel-en-pastille-25-kg"]}]},{"@type":"ImageObject","inLanguage":"fr-FR","@id":"https:\/\/poolsparadise.fr\/?product=sac-de-sel-en-pastille-25-kg#primaryimage","url":"https:\/\/poolsparadise.fr\/wp-content\/uploads\/2026\/02\/1-1.png","contentUrl":"https:\/\/poolsparadise.fr\/wp-content\/uploads\/2026\/02\/1-1.png","width":940,"height":788},{"@type":"BreadcrumbList","@id":"https:\/\/poolsparadise.fr\/?product=sac-de-sel-en-pastille-25-kg#breadcrumb","itemListElement":[{"@type":"ListItem","position":1,"name":"Accueil","item":"https:\/\/poolsparadise.fr\/"},{"@type":"ListItem","position":2,"name":"Produits","item":"https:\/\/poolsparadise.fr\/?post_type=product"},{"@type":"ListItem","position":3,"name":"Sac de sel en pastille (25 KG)"}]},{"@type":"WebSite","@id":"https:\/\/poolsparadise.fr\/#website","url":"https:\/\/poolsparadise.fr\/","name":"Pools Paradise","description":"","publisher":{"@id":"https:\/\/poolsparadise.fr\/#organization"},"potentialAction":[{"@type":"SearchAction","target":{"@type":"EntryPoint","urlTemplate":"https:\/\/poolsparadise.fr\/?s={search_term_string}"},"query-input":{"@type":"PropertyValueSpecification","valueRequired":true,"valueName":"search_term_string"}}],"inLanguage":"fr-FR"},{"@type":"Organization","@id":"https:\/\/poolsparadise.fr\/#organization","name":"Pools Paradise","url":"https:\/\/poolsparadise.fr\/","logo":{"@type":"ImageObject","inLanguage":"fr-FR","@id":"https:\/\/poolsparadise.fr\/#\/schema\/logo\/image\/","url":"https:\/\/poolsparadise.fr\/wp-content\/uploads\/2026\/01\/LOGO-HD-TRANSPARENCE-1536x1262-1.png","contentUrl":"https:\/\/poolsparadise.fr\/wp-content\/uploads\/2026\/01\/LOGO-HD-TRANSPARENCE-1536x1262-1.png","width":1536,"height":1262,"caption":"Pools Paradise"},"image":{"@id":"https:\/\/poolsparadise.fr\/#\/schema\/logo\/image\/"}}]}},"_links":{"self":[{"href":"https:\/\/poolsparadise.fr\/index.php?rest_route=\/wp\/v2\/product\/1731","targetHints":{"allow":["GET"]}}],"collection":[{"href":"https:\/\/poolsparadise.fr\/index.php?rest_route=\/wp\/v2\/product"}],"about":[{"href":"https:\/\/poolsparadise.fr\/index.php?rest_route=\/wp\/v2\/types\/product"}],"replies":[{"embeddable":true,"href":"https:\/\/poolsparadise.fr\/index.php?rest_route=%2Fwp%2Fv2%2Fcomments&post=1731"}],"wp:featuredmedia":[{"embeddable":true,"href":"https:\/\/poolsparadise.fr\/index.php?rest_route=\/wp\/v2\/media\/1732"}],"wp:attachment":[{"href":"https:\/\/poolsparadise.fr\/index.php?rest_route=%2Fwp%2Fv2%2Fmedia&parent=1731"}],"wp:term":[{"taxonomy":"product_brand","embeddable":true,"href":"https:\/\/poolsparadise.fr\/index.php?rest_route=%2Fwp%2Fv2%2Fproduct_brand&post=1731"},{"taxonomy":"product_cat","embeddable":true,"href":"https:\/\/poolsparadise.fr\/index.php?rest_route=%2Fwp%2Fv2%2Fproduct_cat&post=1731"},{"taxonomy":"product_tag","embeddable":true,"href":"https:\/\/poolsparadise.fr\/index.php?rest_route=%2Fwp%2Fv2%2Fproduct_tag&post=1731"}],"curies":[{"name":"wp","href":"https:\/\/api.w.org\/{rel}","templated":true}]}}