{"id":1216,"date":"2026-02-18T14:15:47","date_gmt":"2026-02-18T13:15:47","guid":{"rendered":"https:\/\/poolsparadise.fr\/?post_type=product&#038;p=1216"},"modified":"2026-02-24T16:45:41","modified_gmt":"2026-02-24T15:45:41","slug":"stick-de-chlore-non-stabilise","status":"publish","type":"product","link":"https:\/\/poolsparadise.fr\/?product=stick-de-chlore-non-stabilise","title":{"rendered":"Stick de chlore non stabilis\u00e9"},"content":{"rendered":"<div style=\"font-family: 'Montserrat', sans-serif; color: #000000; line-height: 1.6;\">\n<p style=\"color: #000000; margin-bottom: 10px;\"><strong>MODE D\u2019EMPLOI \/ DOSAGE<\/strong><\/p>\n<p>Le stick est con\u00e7u pour une diffusion r\u00e9guli\u00e8re du chlore actif.<\/p>\n<ul style=\"margin-bottom: 20px;\">\n<li style=\"margin-bottom: 8px;\"><b>Application :<\/b> Placer le stick (avec son film plastique si mentionn\u00e9, ou directement selon le mod\u00e8le) <b>uniquement dans le skimmer<\/b>.<\/li>\n<li style=\"margin-bottom: 8px;\"><b>Dosage standard :<\/b> <b>1 stick de 300g<\/b> pour <b>30 m\u00b3<\/b> d&rsquo;eau.<\/li>\n<li style=\"margin-bottom: 8px;\"><b>Fr\u00e9quence :<\/b> Tous les <b>5 \u00e0 7 jours<\/b> (selon l&rsquo;ensoleillement et la fr\u00e9quentation).<\/li>\n<li style=\"margin-bottom: 8px;\"><b>Contr\u00f4le :<\/b> V\u00e9rifier r\u00e9guli\u00e8rement le taux de chlore et le maintenir entre <b>1,5 et 2,5 mg\/L (ppm)<\/b>.<\/li>\n<\/ul>\n<p style=\"background-color: #fff3f3; padding: 10px; border-left: 5px solid #ff0000;\"><b style=\"color: #cc0000;\">ATTENTION &#8211; RISQUE D&rsquo;EXPLOSION :<\/b> Ne m\u00e9langez <b>jamais<\/b> ce produit avec des chlores dits \u00ab\u00a0stabilis\u00e9s\u00a0\u00bb (galets de chlore classiques ou chlore choc organique). Videz et rincez soigneusement le skimmer de tout r\u00e9sidu avant d&rsquo;utiliser ce stick.<\/p>\n<p style=\"color: #000000; margin-top: 25px;\"><strong>CONDITIONNEMENT<\/strong><\/p>\n<ul>\n<li>Seau de 4,8 kg (Palette de 100).<\/li>\n<\/ul>\n<p style=\"color: #000000; margin-top: 25px;\"><strong>COMPOSITION<\/strong><\/p>\n<ul style=\"margin-bottom: 20px;\">\n<li style=\"margin-bottom: 8px;\"><b>Principe actif :<\/b> Hypochlorite de Calcium.<\/li>\n<li style=\"margin-bottom: 8px;\"><b>Concentration :<\/b> <b>70 % de chlore actif<\/b> minimum.<\/li>\n<li style=\"margin-bottom: 8px;\"><b>Usage :<\/b> Biocide TP2 (Piscines), TP4 (Surfaces alimentaires) et TP5 (Eau potable).<\/li>\n<li style=\"margin-bottom: 8px;\"><b>Homologation :<\/b> AMM n\u00b0FR-2022-0094.<\/li>\n<\/ul>\n<p>&nbsp;<\/p>\n<p><b>SECURITE :<\/b><\/p>\n<p>Utilisez les Biocides avec pr\u00e9cautions. Avant toute utilisation, lisez l\u2019\u00e9tiquette et les informations concernant le produit.<\/p>\n<p><b><i>D\u00e9pos\u00e9 au centre antipoison de Toulouse T\u00e9l : 05.61.49.33.33<\/i><\/b><\/p>\n<p><b>Mention d\u2019avertissement : <\/b>Danger !<\/p>\n<p><b>Mentions de danger :<\/b> Peut aggraver un incendie ; comburant. Nocif en cas d\u2019ingestion. Provoque une s\u00e9v\u00e8re irritation des yeux. Peut irriter les voies respiratoires. Tr\u00e8s toxique pour les organismes aquatiques, entra\u00eene des effets n\u00e9fastes \u00e0 long terme. Au contact d\u2019un acide, d\u00e9gage un gaz toxique.<\/p>\n<p><b>Conseils de prudence :<\/b> Tenir hors de port\u00e9e des enfants. Tenir\/stocker \u00e0 l\u2019\u00e9cart des v\u00eatements\/mati\u00e8res combustibles. \u00c9viter de respirer les poussi\u00e8res\/fum\u00e9es\/gaz\/brouillards\/vapeurs\/a\u00e9rosols. \u00c9viter le rejet dans l\u2019environnement. Porter des gants de protection et un \u00e9quipement de protection des yeux.<\/p>\n<p><b>EN CAS D\u2019INGESTION :<\/b> appeler un CENTRE ANTIPOISON ou un m\u00e9decin en cas de malaise.<\/p>\n<p><b>EN CAS D\u2019INHALATION :<\/b> transporter la victime \u00e0 l\u2019ext\u00e9rieur et la maintenir au repos dans une position o\u00f9 elle peut confortablement respirer.<\/p>\n<p><b>EN CAS DE CONTACT AVEC LES YEUX :<\/b> rincer avec pr\u00e9caution \u00e0 l\u2019eau pendant plusieurs minutes. Enlever les lentilles de contact si la victime en porte et si elles peuvent \u00eatre facilement enlev\u00e9es. Continuer \u00e0 rincer.<\/p>\n<p>Pour le grand public : \u00c9liminer l\u2019emballage vide et\/ou les produits non utilis\u00e9s conform\u00e9ment aux prescriptions du r\u00e8glement municipal d\u2019\u00e9limination de ces d\u00e9chets, par exemple par apport en d\u00e9chetterie.<\/p>\n<p><strong>ATTENTION !<\/strong> Ne pas mettre en contact avec d\u2019autres produits, des gaz dangereux (chlore) peuvent se lib\u00e9rer.<\/p>\n<p>&nbsp;<\/p>\n<p><a style=\"display: inline-block; font-family: 'Montserrat', sans-serif; color: #1c4389; text-decoration: none; font-weight: bold; border: 2px solid #1c4389; padding: 10px 20px; border-radius: 5px;\" href=\"https:\/\/poolsparadise.fr\/?page_id=240\">DEMANDEZ UN PRIX<\/a><\/p>\n<\/div>\n","protected":false},"excerpt":{"rendered":"<div style=\"font-family: 'Montserrat', sans-serif; color: #000000; line-height: 1.6;\">\n<p><em><strong>Produit homologu\u00e9 par le minist\u00e8re de la sant\u00e9 pour la d\u00e9sinfection des eaux des piscines publiques<\/strong><\/em><\/p>\n<p><strong>Caract\u00e9ristiques<\/strong> :<\/p>\n<ul style=\"margin-bottom: 20px;\">\n<li style=\"margin-bottom: 8px;\">Sticks de 300g film\u00e9s \u00e0 dissolution lente.<\/li>\n<li style=\"margin-bottom: 8px;\">Haute teneur en chlore actif : 70 % minimum.<\/li>\n<li style=\"margin-bottom: 8px;\">Compatible avec tous les syst\u00e8mes de filtration.<\/li>\n<li style=\"margin-bottom: 8px;\"><strong>Action sans stabilisant :<\/strong> Id\u00e9al pour \u00e9viter la saturation de l&rsquo;eau en acide cyanurique.<\/li>\n<\/ul>\n<p><a style=\"display: inline-block; font-family: 'Montserrat', sans-serif; color: #1c4389; text-decoration: none; font-weight: bold; border: 2px solid #1c4389; padding: 10px 20px; border-radius: 5px;\" href=\"https:\/\/poolsparadise.fr\/?page_id=240\">DEMANDEZ UN PRIX<\/a><\/p>\n<\/div>\n","protected":false},"featured_media":1538,"comment_status":"closed","ping_status":"closed","template":"","meta":[],"product_brand":[],"product_cat":[21],"product_tag":[],"class_list":{"0":"post-1216","1":"product","2":"type-product","3":"status-publish","4":"has-post-thumbnail","6":"product_cat-non-classe","8":"first","9":"instock","10":"shipping-taxable","11":"product-type-simple"},"yoast_head":"<!-- This site is optimized with the Yoast SEO plugin v26.8 - https:\/\/yoast.com\/product\/yoast-seo-wordpress\/ -->\n<title>Stick de chlore non stabilis\u00e9 - Pools Paradise<\/title>\n<meta name=\"robots\" content=\"index, follow, max-snippet:-1, max-image-preview:large, max-video-preview:-1\" \/>\n<link rel=\"canonical\" href=\"https:\/\/poolsparadise.fr\/?product=stick-de-chlore-non-stabilise\" \/>\n<meta property=\"og:locale\" content=\"fr_FR\" \/>\n<meta property=\"og:type\" content=\"article\" \/>\n<meta property=\"og:title\" content=\"Stick de chlore non stabilis\u00e9 - Pools Paradise\" \/>\n<meta property=\"og:description\" content=\"Produit homologu\u00e9 par le minist\u00e8re de la sant\u00e9 pour la d\u00e9sinfection des eaux des piscines publiques  Caract\u00e9ristiques :   Sticks de 300g film\u00e9s \u00e0 dissolution lente.  Haute teneur en chlore actif : 70 % minimum.  Compatible avec tous les syst\u00e8mes de filtration.  Action sans stabilisant : Id\u00e9al pour \u00e9viter la saturation de l&#039;eau en acide cyanurique.  DEMANDEZ UN PRIX\" \/>\n<meta property=\"og:url\" content=\"https:\/\/poolsparadise.fr\/?product=stick-de-chlore-non-stabilise\" \/>\n<meta property=\"og:site_name\" content=\"Pools Paradise\" \/>\n<meta property=\"article:modified_time\" content=\"2026-02-24T15:45:41+00:00\" \/>\n<meta property=\"og:image\" content=\"http:\/\/poolsparadise.fr\/wp-content\/uploads\/2026\/02\/1.png\" \/>\n\t<meta property=\"og:image:width\" content=\"940\" \/>\n\t<meta property=\"og:image:height\" content=\"788\" \/>\n\t<meta property=\"og:image:type\" content=\"image\/png\" \/>\n<meta name=\"twitter:card\" content=\"summary_large_image\" \/>\n<meta name=\"twitter:label1\" content=\"Dur\u00e9e de lecture estim\u00e9e\" \/>\n\t<meta name=\"twitter:data1\" content=\"3 minutes\" \/>\n<script type=\"application\/ld+json\" class=\"yoast-schema-graph\">{\"@context\":\"https:\/\/schema.org\",\"@graph\":[{\"@type\":\"WebPage\",\"@id\":\"https:\/\/poolsparadise.fr\/?product=stick-de-chlore-non-stabilise\",\"url\":\"https:\/\/poolsparadise.fr\/?product=stick-de-chlore-non-stabilise\",\"name\":\"Stick de chlore non stabilis\u00e9 - Pools Paradise\",\"isPartOf\":{\"@id\":\"https:\/\/poolsparadise.fr\/#website\"},\"primaryImageOfPage\":{\"@id\":\"https:\/\/poolsparadise.fr\/?product=stick-de-chlore-non-stabilise#primaryimage\"},\"image\":{\"@id\":\"https:\/\/poolsparadise.fr\/?product=stick-de-chlore-non-stabilise#primaryimage\"},\"thumbnailUrl\":\"https:\/\/poolsparadise.fr\/wp-content\/uploads\/2026\/02\/1.png\",\"datePublished\":\"2026-02-18T13:15:47+00:00\",\"dateModified\":\"2026-02-24T15:45:41+00:00\",\"breadcrumb\":{\"@id\":\"https:\/\/poolsparadise.fr\/?product=stick-de-chlore-non-stabilise#breadcrumb\"},\"inLanguage\":\"fr-FR\",\"potentialAction\":[{\"@type\":\"ReadAction\",\"target\":[\"https:\/\/poolsparadise.fr\/?product=stick-de-chlore-non-stabilise\"]}]},{\"@type\":\"ImageObject\",\"inLanguage\":\"fr-FR\",\"@id\":\"https:\/\/poolsparadise.fr\/?product=stick-de-chlore-non-stabilise#primaryimage\",\"url\":\"https:\/\/poolsparadise.fr\/wp-content\/uploads\/2026\/02\/1.png\",\"contentUrl\":\"https:\/\/poolsparadise.fr\/wp-content\/uploads\/2026\/02\/1.png\",\"width\":940,\"height\":788},{\"@type\":\"BreadcrumbList\",\"@id\":\"https:\/\/poolsparadise.fr\/?product=stick-de-chlore-non-stabilise#breadcrumb\",\"itemListElement\":[{\"@type\":\"ListItem\",\"position\":1,\"name\":\"Accueil\",\"item\":\"https:\/\/poolsparadise.fr\/\"},{\"@type\":\"ListItem\",\"position\":2,\"name\":\"Produits\",\"item\":\"https:\/\/poolsparadise.fr\/?post_type=product\"},{\"@type\":\"ListItem\",\"position\":3,\"name\":\"Stick de chlore non stabilis\u00e9\"}]},{\"@type\":\"WebSite\",\"@id\":\"https:\/\/poolsparadise.fr\/#website\",\"url\":\"https:\/\/poolsparadise.fr\/\",\"name\":\"Pools Paradise\",\"description\":\"\",\"publisher\":{\"@id\":\"https:\/\/poolsparadise.fr\/#organization\"},\"potentialAction\":[{\"@type\":\"SearchAction\",\"target\":{\"@type\":\"EntryPoint\",\"urlTemplate\":\"https:\/\/poolsparadise.fr\/?s={search_term_string}\"},\"query-input\":{\"@type\":\"PropertyValueSpecification\",\"valueRequired\":true,\"valueName\":\"search_term_string\"}}],\"inLanguage\":\"fr-FR\"},{\"@type\":\"Organization\",\"@id\":\"https:\/\/poolsparadise.fr\/#organization\",\"name\":\"Pools Paradise\",\"url\":\"https:\/\/poolsparadise.fr\/\",\"logo\":{\"@type\":\"ImageObject\",\"inLanguage\":\"fr-FR\",\"@id\":\"https:\/\/poolsparadise.fr\/#\/schema\/logo\/image\/\",\"url\":\"https:\/\/poolsparadise.fr\/wp-content\/uploads\/2026\/01\/LOGO-HD-TRANSPARENCE-1536x1262-1.png\",\"contentUrl\":\"https:\/\/poolsparadise.fr\/wp-content\/uploads\/2026\/01\/LOGO-HD-TRANSPARENCE-1536x1262-1.png\",\"width\":1536,\"height\":1262,\"caption\":\"Pools Paradise\"},\"image\":{\"@id\":\"https:\/\/poolsparadise.fr\/#\/schema\/logo\/image\/\"}}]}<\/script>\n<!-- \/ Yoast SEO plugin. -->","yoast_head_json":{"title":"Stick de chlore non stabilis\u00e9 - Pools Paradise","robots":{"index":"index","follow":"follow","max-snippet":"max-snippet:-1","max-image-preview":"max-image-preview:large","max-video-preview":"max-video-preview:-1"},"canonical":"https:\/\/poolsparadise.fr\/?product=stick-de-chlore-non-stabilise","og_locale":"fr_FR","og_type":"article","og_title":"Stick de chlore non stabilis\u00e9 - Pools Paradise","og_description":"Produit homologu\u00e9 par le minist\u00e8re de la sant\u00e9 pour la d\u00e9sinfection des eaux des piscines publiques  Caract\u00e9ristiques :   Sticks de 300g film\u00e9s \u00e0 dissolution lente.  Haute teneur en chlore actif : 70 % minimum.  Compatible avec tous les syst\u00e8mes de filtration.  Action sans stabilisant : Id\u00e9al pour \u00e9viter la saturation de l'eau en acide cyanurique.  DEMANDEZ UN PRIX","og_url":"https:\/\/poolsparadise.fr\/?product=stick-de-chlore-non-stabilise","og_site_name":"Pools Paradise","article_modified_time":"2026-02-24T15:45:41+00:00","og_image":[{"width":940,"height":788,"url":"http:\/\/poolsparadise.fr\/wp-content\/uploads\/2026\/02\/1.png","type":"image\/png"}],"twitter_card":"summary_large_image","twitter_misc":{"Dur\u00e9e de lecture estim\u00e9e":"3 minutes"},"schema":{"@context":"https:\/\/schema.org","@graph":[{"@type":"WebPage","@id":"https:\/\/poolsparadise.fr\/?product=stick-de-chlore-non-stabilise","url":"https:\/\/poolsparadise.fr\/?product=stick-de-chlore-non-stabilise","name":"Stick de chlore non stabilis\u00e9 - Pools Paradise","isPartOf":{"@id":"https:\/\/poolsparadise.fr\/#website"},"primaryImageOfPage":{"@id":"https:\/\/poolsparadise.fr\/?product=stick-de-chlore-non-stabilise#primaryimage"},"image":{"@id":"https:\/\/poolsparadise.fr\/?product=stick-de-chlore-non-stabilise#primaryimage"},"thumbnailUrl":"https:\/\/poolsparadise.fr\/wp-content\/uploads\/2026\/02\/1.png","datePublished":"2026-02-18T13:15:47+00:00","dateModified":"2026-02-24T15:45:41+00:00","breadcrumb":{"@id":"https:\/\/poolsparadise.fr\/?product=stick-de-chlore-non-stabilise#breadcrumb"},"inLanguage":"fr-FR","potentialAction":[{"@type":"ReadAction","target":["https:\/\/poolsparadise.fr\/?product=stick-de-chlore-non-stabilise"]}]},{"@type":"ImageObject","inLanguage":"fr-FR","@id":"https:\/\/poolsparadise.fr\/?product=stick-de-chlore-non-stabilise#primaryimage","url":"https:\/\/poolsparadise.fr\/wp-content\/uploads\/2026\/02\/1.png","contentUrl":"https:\/\/poolsparadise.fr\/wp-content\/uploads\/2026\/02\/1.png","width":940,"height":788},{"@type":"BreadcrumbList","@id":"https:\/\/poolsparadise.fr\/?product=stick-de-chlore-non-stabilise#breadcrumb","itemListElement":[{"@type":"ListItem","position":1,"name":"Accueil","item":"https:\/\/poolsparadise.fr\/"},{"@type":"ListItem","position":2,"name":"Produits","item":"https:\/\/poolsparadise.fr\/?post_type=product"},{"@type":"ListItem","position":3,"name":"Stick de chlore non stabilis\u00e9"}]},{"@type":"WebSite","@id":"https:\/\/poolsparadise.fr\/#website","url":"https:\/\/poolsparadise.fr\/","name":"Pools Paradise","description":"","publisher":{"@id":"https:\/\/poolsparadise.fr\/#organization"},"potentialAction":[{"@type":"SearchAction","target":{"@type":"EntryPoint","urlTemplate":"https:\/\/poolsparadise.fr\/?s={search_term_string}"},"query-input":{"@type":"PropertyValueSpecification","valueRequired":true,"valueName":"search_term_string"}}],"inLanguage":"fr-FR"},{"@type":"Organization","@id":"https:\/\/poolsparadise.fr\/#organization","name":"Pools Paradise","url":"https:\/\/poolsparadise.fr\/","logo":{"@type":"ImageObject","inLanguage":"fr-FR","@id":"https:\/\/poolsparadise.fr\/#\/schema\/logo\/image\/","url":"https:\/\/poolsparadise.fr\/wp-content\/uploads\/2026\/01\/LOGO-HD-TRANSPARENCE-1536x1262-1.png","contentUrl":"https:\/\/poolsparadise.fr\/wp-content\/uploads\/2026\/01\/LOGO-HD-TRANSPARENCE-1536x1262-1.png","width":1536,"height":1262,"caption":"Pools Paradise"},"image":{"@id":"https:\/\/poolsparadise.fr\/#\/schema\/logo\/image\/"}}]}},"_links":{"self":[{"href":"https:\/\/poolsparadise.fr\/index.php?rest_route=\/wp\/v2\/product\/1216","targetHints":{"allow":["GET"]}}],"collection":[{"href":"https:\/\/poolsparadise.fr\/index.php?rest_route=\/wp\/v2\/product"}],"about":[{"href":"https:\/\/poolsparadise.fr\/index.php?rest_route=\/wp\/v2\/types\/product"}],"replies":[{"embeddable":true,"href":"https:\/\/poolsparadise.fr\/index.php?rest_route=%2Fwp%2Fv2%2Fcomments&post=1216"}],"wp:featuredmedia":[{"embeddable":true,"href":"https:\/\/poolsparadise.fr\/index.php?rest_route=\/wp\/v2\/media\/1538"}],"wp:attachment":[{"href":"https:\/\/poolsparadise.fr\/index.php?rest_route=%2Fwp%2Fv2%2Fmedia&parent=1216"}],"wp:term":[{"taxonomy":"product_brand","embeddable":true,"href":"https:\/\/poolsparadise.fr\/index.php?rest_route=%2Fwp%2Fv2%2Fproduct_brand&post=1216"},{"taxonomy":"product_cat","embeddable":true,"href":"https:\/\/poolsparadise.fr\/index.php?rest_route=%2Fwp%2Fv2%2Fproduct_cat&post=1216"},{"taxonomy":"product_tag","embeddable":true,"href":"https:\/\/poolsparadise.fr\/index.php?rest_route=%2Fwp%2Fv2%2Fproduct_tag&post=1216"}],"curies":[{"name":"wp","href":"https:\/\/api.w.org\/{rel}","templated":true}]}}