{"id":1157,"date":"2026-02-17T13:31:54","date_gmt":"2026-02-17T12:31:54","guid":{"rendered":"https:\/\/poolsparadise.fr\/?post_type=product&#038;p=1157"},"modified":"2026-02-25T11:22:02","modified_gmt":"2026-02-25T10:22:02","slug":"seau-de-chlore","status":"publish","type":"product","link":"https:\/\/poolsparadise.fr\/?product=seau-de-chlore","title":{"rendered":"Galet de chlore stabilis\u00e9"},"content":{"rendered":"<div style=\"font-family: 'Montserrat', sans-serif; color: #000000; line-height: 1.6;\">\n<p><b>MODE D\u2019EMPLOI \/ DOSAGE :<\/b><\/p>\n<p>Les galets de 250g \u00e0 action lente maintiennent en permanence le taux de chlore id\u00e9al de l\u2019eau de votre piscine.<\/p>\n<p><strong>Avant le traitement<\/strong>, \u00f4ter tout produit des skimmers ou du stockeur.<\/p>\n<ul style=\"list-style-type: none; padding-left: 0;\">\n<li style=\"margin-bottom: 10px;\">\u2022 1 galet de 250g pour 20\/30 m\u00b3 d\u2019eau pour 5 \u00e0 8 jours selon les conditions climatiques, l\u2019exposition au soleil et la fr\u00e9quentation du bassin.<\/li>\n<li style=\"margin-bottom: 10px;\">\u2022 V\u00e9rifier hebdomadairement votre taux de chlore et le maintenir entre 1,5 et 2,5 mg\/L (ppm).<\/li>\n<\/ul>\n<p>Pour une utilisation avec un dissolveur flottant :<\/p>\n<ul>\n<li>Avant la baignade, le placer dans un seau rempli d\u2019eau propre et le mettre en s\u00e9curit\u00e9 pour \u00e9viter tout contact accidentel.<\/li>\n<li>Apr\u00e8s la baignade, transf\u00e9rer le dissolveur flottant et le contenu du seau dans le bassin en \u00e9vitant toute projection.<\/li>\n<\/ul>\n<p>&nbsp;<\/p>\n<p><b>CONDITIONNEMENT :<\/b><\/p>\n<p>Seau 5 kg : palette de 80<\/p>\n<p>&nbsp;<\/p>\n<p><b>COMPOSITION :<\/b><\/p>\n<p>98 % Acide Trichloroisocyanurique, 90 % de chlore actif minimum<br \/>\nCE : 201-782-8. Biocide TP2 &#8211; TP5<\/p>\n<p>&nbsp;<\/p>\n<p><b>SECURITE :<\/b><\/p>\n<p>Utilisez les Biocides avec pr\u00e9cautions. Avant toute utilisation, lisez l&rsquo;\u00e9tiquette et les informations concernant le produit.<\/p>\n<p><b><i>D\u00e9pos\u00e9 au centre antipoison de Toulouse T\u00e9l : 05.61.49.33.33<\/i><\/b><\/p>\n<p><b>Mention d\u2019avertissement : <\/b>Danger !<\/p>\n<p><b>Mentions de danger :<\/b> Peut aggraver un incendie ; comburant. Nocif en cas d&rsquo;ingestion. Provoque une s\u00e9v\u00e8re irritation des yeux. Peut irriter les voies respiratoires. Tr\u00e8s toxique pour les organismes aquatiques, entra\u00eene des effets n\u00e9fastes \u00e0 long terme. Au contact d&rsquo;un acide, d\u00e9gage un gaz toxique.<\/p>\n<p><b>Conseils de prudence :<\/b><br \/>\nTenir hors de port\u00e9e des enfants. Tenir\/stocker \u00e0 l\u2019\u00e9cart des v\u00eatements\/mati\u00e8res combustibles. \u00c9viter de respirer les poussi\u00e8res\/fum\u00e9es\/gaz\/brouillards\/vapeurs\/a\u00e9rosols. \u00c9viter le rejet dans l\u2019environnement. Porter des gants de protection et un \u00e9quipement de protection des yeux.<\/p>\n<p><b>EN CAS D\u2019INGESTION :<\/b> appeler un CENTRE ANTIPOISON ou un m\u00e9decin en cas de malaise.<\/p>\n<p><b>EN CAS D\u2019INHALATION :<\/b> transporter la victime \u00e0 l\u2019ext\u00e9rieur et la maintenir au repos dans une position o\u00f9 elle peut confortablement respirer.<\/p>\n<p><b>EN CAS DE CONTACT AVEC LES YEUX :<\/b> rincer avec pr\u00e9caution \u00e0 l\u2019eau pendant plusieurs minutes. Enlever les lentilles de contact si la victime en porte et si elles peuvent \u00eatre facilement enlev\u00e9es. Continuer \u00e0 rincer.<\/p>\n<p>Pour le grand public : \u00c9liminer l\u2019emballage vide et\/ou les produits non utilis\u00e9s conform\u00e9ment aux prescriptions du r\u00e8glement municipal d\u2019\u00e9limination de ces d\u00e9chets, par exemple par apport en d\u00e9chetterie.<\/p>\n<p><strong>ATTENTION !<\/strong> Ne pas mettre en contact avec d&rsquo;autres produits, des gaz dangereux (chlore) peuvent se lib\u00e9rer.<\/p>\n<p>&nbsp;<\/p>\n<p><a style=\"display: inline-block; font-family: 'Montserrat', sans-serif; color: #1c4389; text-decoration: none; font-weight: bold; border: 2px solid #1c4389; padding: 10px 20px; border-radius: 5px;\" href=\"https:\/\/poolsparadise.fr\/?page_id=240\">DEMANDEZ UN PRIX<\/a><\/p>\n<\/div>\n","protected":false},"excerpt":{"rendered":"<div style=\"font-family: 'Montserrat', sans-serif; color: #000000; line-height: 1.6;\">\n<p><b><i>Produit homologu\u00e9 par le minist\u00e8re de la sant\u00e9 pour la d\u00e9sinfection des eaux des piscines publiques<\/i><\/b><\/p>\n<p><strong>Caract\u00e9ristiques : <\/strong><\/p>\n<ul style=\"margin-bottom: 20px;\">\n<li style=\"margin-bottom: 8px;\">Galets de 250g \u00e0 dissolution lente.<\/li>\n<li style=\"margin-bottom: 8px;\">Haute teneur en ATCC : 90% de chlore actif minimum.<\/li>\n<li style=\"margin-bottom: 8px;\">Compatible avec tous les syst\u00e8mes de filtration.<\/li>\n<li style=\"margin-bottom: 8px;\">Mettre directement dans le skimmer, ou dans un surchloreur en fonctionnement.<\/li>\n<\/ul>\n<p><a style=\"display: inline-block; font-family: 'Montserrat', sans-serif; color: #1c4389; text-decoration: none; font-weight: bold; border: 2px solid #1c4389; padding: 10px 20px; border-radius: 5px;\" href=\"https:\/\/poolsparadise.fr\/?page_id=240\">DEMANDEZ UN PRIX<\/a><\/p>\n<\/div>\n","protected":false},"featured_media":1539,"comment_status":"closed","ping_status":"closed","template":"","meta":[],"product_brand":[],"product_cat":[21],"product_tag":[],"class_list":{"0":"post-1157","1":"product","2":"type-product","3":"status-publish","4":"has-post-thumbnail","6":"product_cat-non-classe","8":"first","9":"instock","10":"virtual","11":"product-type-simple"},"yoast_head":"<!-- This site is optimized with the Yoast SEO plugin v26.8 - https:\/\/yoast.com\/product\/yoast-seo-wordpress\/ -->\n<title>Galet de chlore stabilis\u00e9 - Pools Paradise<\/title>\n<meta name=\"robots\" content=\"index, follow, max-snippet:-1, max-image-preview:large, max-video-preview:-1\" \/>\n<link rel=\"canonical\" href=\"https:\/\/poolsparadise.fr\/?product=seau-de-chlore\" \/>\n<meta property=\"og:locale\" content=\"fr_FR\" \/>\n<meta property=\"og:type\" content=\"article\" \/>\n<meta property=\"og:title\" content=\"Galet de chlore stabilis\u00e9 - Pools Paradise\" \/>\n<meta property=\"og:description\" content=\"Produit homologu\u00e9 par le minist\u00e8re de la sant\u00e9 pour la d\u00e9sinfection des eaux des piscines publiques  Caract\u00e9ristiques :    Galets de 250g \u00e0 dissolution lente.  Haute teneur en ATCC : 90% de chlore actif minimum.  Compatible avec tous les syst\u00e8mes de filtration.  Mettre directement dans le skimmer, ou dans un surchloreur en fonctionnement.  DEMANDEZ UN PRIX\" \/>\n<meta property=\"og:url\" content=\"https:\/\/poolsparadise.fr\/?product=seau-de-chlore\" \/>\n<meta property=\"og:site_name\" content=\"Pools Paradise\" \/>\n<meta property=\"article:modified_time\" content=\"2026-02-25T10:22:02+00:00\" \/>\n<meta property=\"og:image\" content=\"http:\/\/poolsparadise.fr\/wp-content\/uploads\/2026\/02\/2.png\" \/>\n\t<meta property=\"og:image:width\" content=\"940\" \/>\n\t<meta property=\"og:image:height\" content=\"788\" \/>\n\t<meta property=\"og:image:type\" content=\"image\/png\" \/>\n<meta name=\"twitter:card\" content=\"summary_large_image\" \/>\n<meta name=\"twitter:label1\" content=\"Dur\u00e9e de lecture estim\u00e9e\" \/>\n\t<meta name=\"twitter:data1\" content=\"3 minutes\" \/>\n<script type=\"application\/ld+json\" class=\"yoast-schema-graph\">{\"@context\":\"https:\/\/schema.org\",\"@graph\":[{\"@type\":\"WebPage\",\"@id\":\"https:\/\/poolsparadise.fr\/?product=seau-de-chlore\",\"url\":\"https:\/\/poolsparadise.fr\/?product=seau-de-chlore\",\"name\":\"Galet de chlore stabilis\u00e9 - Pools Paradise\",\"isPartOf\":{\"@id\":\"https:\/\/poolsparadise.fr\/#website\"},\"primaryImageOfPage\":{\"@id\":\"https:\/\/poolsparadise.fr\/?product=seau-de-chlore#primaryimage\"},\"image\":{\"@id\":\"https:\/\/poolsparadise.fr\/?product=seau-de-chlore#primaryimage\"},\"thumbnailUrl\":\"https:\/\/poolsparadise.fr\/wp-content\/uploads\/2026\/02\/2.png\",\"datePublished\":\"2026-02-17T12:31:54+00:00\",\"dateModified\":\"2026-02-25T10:22:02+00:00\",\"breadcrumb\":{\"@id\":\"https:\/\/poolsparadise.fr\/?product=seau-de-chlore#breadcrumb\"},\"inLanguage\":\"fr-FR\",\"potentialAction\":[{\"@type\":\"ReadAction\",\"target\":[\"https:\/\/poolsparadise.fr\/?product=seau-de-chlore\"]}]},{\"@type\":\"ImageObject\",\"inLanguage\":\"fr-FR\",\"@id\":\"https:\/\/poolsparadise.fr\/?product=seau-de-chlore#primaryimage\",\"url\":\"https:\/\/poolsparadise.fr\/wp-content\/uploads\/2026\/02\/2.png\",\"contentUrl\":\"https:\/\/poolsparadise.fr\/wp-content\/uploads\/2026\/02\/2.png\",\"width\":940,\"height\":788},{\"@type\":\"BreadcrumbList\",\"@id\":\"https:\/\/poolsparadise.fr\/?product=seau-de-chlore#breadcrumb\",\"itemListElement\":[{\"@type\":\"ListItem\",\"position\":1,\"name\":\"Accueil\",\"item\":\"https:\/\/poolsparadise.fr\/\"},{\"@type\":\"ListItem\",\"position\":2,\"name\":\"Produits\",\"item\":\"https:\/\/poolsparadise.fr\/?post_type=product\"},{\"@type\":\"ListItem\",\"position\":3,\"name\":\"Galet de chlore stabilis\u00e9\"}]},{\"@type\":\"WebSite\",\"@id\":\"https:\/\/poolsparadise.fr\/#website\",\"url\":\"https:\/\/poolsparadise.fr\/\",\"name\":\"Pools Paradise\",\"description\":\"\",\"publisher\":{\"@id\":\"https:\/\/poolsparadise.fr\/#organization\"},\"potentialAction\":[{\"@type\":\"SearchAction\",\"target\":{\"@type\":\"EntryPoint\",\"urlTemplate\":\"https:\/\/poolsparadise.fr\/?s={search_term_string}\"},\"query-input\":{\"@type\":\"PropertyValueSpecification\",\"valueRequired\":true,\"valueName\":\"search_term_string\"}}],\"inLanguage\":\"fr-FR\"},{\"@type\":\"Organization\",\"@id\":\"https:\/\/poolsparadise.fr\/#organization\",\"name\":\"Pools Paradise\",\"url\":\"https:\/\/poolsparadise.fr\/\",\"logo\":{\"@type\":\"ImageObject\",\"inLanguage\":\"fr-FR\",\"@id\":\"https:\/\/poolsparadise.fr\/#\/schema\/logo\/image\/\",\"url\":\"https:\/\/poolsparadise.fr\/wp-content\/uploads\/2026\/01\/LOGO-HD-TRANSPARENCE-1536x1262-1.png\",\"contentUrl\":\"https:\/\/poolsparadise.fr\/wp-content\/uploads\/2026\/01\/LOGO-HD-TRANSPARENCE-1536x1262-1.png\",\"width\":1536,\"height\":1262,\"caption\":\"Pools Paradise\"},\"image\":{\"@id\":\"https:\/\/poolsparadise.fr\/#\/schema\/logo\/image\/\"}}]}<\/script>\n<!-- \/ Yoast SEO plugin. -->","yoast_head_json":{"title":"Galet de chlore stabilis\u00e9 - Pools Paradise","robots":{"index":"index","follow":"follow","max-snippet":"max-snippet:-1","max-image-preview":"max-image-preview:large","max-video-preview":"max-video-preview:-1"},"canonical":"https:\/\/poolsparadise.fr\/?product=seau-de-chlore","og_locale":"fr_FR","og_type":"article","og_title":"Galet de chlore stabilis\u00e9 - Pools Paradise","og_description":"Produit homologu\u00e9 par le minist\u00e8re de la sant\u00e9 pour la d\u00e9sinfection des eaux des piscines publiques  Caract\u00e9ristiques :    Galets de 250g \u00e0 dissolution lente.  Haute teneur en ATCC : 90% de chlore actif minimum.  Compatible avec tous les syst\u00e8mes de filtration.  Mettre directement dans le skimmer, ou dans un surchloreur en fonctionnement.  DEMANDEZ UN PRIX","og_url":"https:\/\/poolsparadise.fr\/?product=seau-de-chlore","og_site_name":"Pools Paradise","article_modified_time":"2026-02-25T10:22:02+00:00","og_image":[{"width":940,"height":788,"url":"http:\/\/poolsparadise.fr\/wp-content\/uploads\/2026\/02\/2.png","type":"image\/png"}],"twitter_card":"summary_large_image","twitter_misc":{"Dur\u00e9e de lecture estim\u00e9e":"3 minutes"},"schema":{"@context":"https:\/\/schema.org","@graph":[{"@type":"WebPage","@id":"https:\/\/poolsparadise.fr\/?product=seau-de-chlore","url":"https:\/\/poolsparadise.fr\/?product=seau-de-chlore","name":"Galet de chlore stabilis\u00e9 - Pools Paradise","isPartOf":{"@id":"https:\/\/poolsparadise.fr\/#website"},"primaryImageOfPage":{"@id":"https:\/\/poolsparadise.fr\/?product=seau-de-chlore#primaryimage"},"image":{"@id":"https:\/\/poolsparadise.fr\/?product=seau-de-chlore#primaryimage"},"thumbnailUrl":"https:\/\/poolsparadise.fr\/wp-content\/uploads\/2026\/02\/2.png","datePublished":"2026-02-17T12:31:54+00:00","dateModified":"2026-02-25T10:22:02+00:00","breadcrumb":{"@id":"https:\/\/poolsparadise.fr\/?product=seau-de-chlore#breadcrumb"},"inLanguage":"fr-FR","potentialAction":[{"@type":"ReadAction","target":["https:\/\/poolsparadise.fr\/?product=seau-de-chlore"]}]},{"@type":"ImageObject","inLanguage":"fr-FR","@id":"https:\/\/poolsparadise.fr\/?product=seau-de-chlore#primaryimage","url":"https:\/\/poolsparadise.fr\/wp-content\/uploads\/2026\/02\/2.png","contentUrl":"https:\/\/poolsparadise.fr\/wp-content\/uploads\/2026\/02\/2.png","width":940,"height":788},{"@type":"BreadcrumbList","@id":"https:\/\/poolsparadise.fr\/?product=seau-de-chlore#breadcrumb","itemListElement":[{"@type":"ListItem","position":1,"name":"Accueil","item":"https:\/\/poolsparadise.fr\/"},{"@type":"ListItem","position":2,"name":"Produits","item":"https:\/\/poolsparadise.fr\/?post_type=product"},{"@type":"ListItem","position":3,"name":"Galet de chlore stabilis\u00e9"}]},{"@type":"WebSite","@id":"https:\/\/poolsparadise.fr\/#website","url":"https:\/\/poolsparadise.fr\/","name":"Pools Paradise","description":"","publisher":{"@id":"https:\/\/poolsparadise.fr\/#organization"},"potentialAction":[{"@type":"SearchAction","target":{"@type":"EntryPoint","urlTemplate":"https:\/\/poolsparadise.fr\/?s={search_term_string}"},"query-input":{"@type":"PropertyValueSpecification","valueRequired":true,"valueName":"search_term_string"}}],"inLanguage":"fr-FR"},{"@type":"Organization","@id":"https:\/\/poolsparadise.fr\/#organization","name":"Pools Paradise","url":"https:\/\/poolsparadise.fr\/","logo":{"@type":"ImageObject","inLanguage":"fr-FR","@id":"https:\/\/poolsparadise.fr\/#\/schema\/logo\/image\/","url":"https:\/\/poolsparadise.fr\/wp-content\/uploads\/2026\/01\/LOGO-HD-TRANSPARENCE-1536x1262-1.png","contentUrl":"https:\/\/poolsparadise.fr\/wp-content\/uploads\/2026\/01\/LOGO-HD-TRANSPARENCE-1536x1262-1.png","width":1536,"height":1262,"caption":"Pools Paradise"},"image":{"@id":"https:\/\/poolsparadise.fr\/#\/schema\/logo\/image\/"}}]}},"_links":{"self":[{"href":"https:\/\/poolsparadise.fr\/index.php?rest_route=\/wp\/v2\/product\/1157","targetHints":{"allow":["GET"]}}],"collection":[{"href":"https:\/\/poolsparadise.fr\/index.php?rest_route=\/wp\/v2\/product"}],"about":[{"href":"https:\/\/poolsparadise.fr\/index.php?rest_route=\/wp\/v2\/types\/product"}],"replies":[{"embeddable":true,"href":"https:\/\/poolsparadise.fr\/index.php?rest_route=%2Fwp%2Fv2%2Fcomments&post=1157"}],"wp:featuredmedia":[{"embeddable":true,"href":"https:\/\/poolsparadise.fr\/index.php?rest_route=\/wp\/v2\/media\/1539"}],"wp:attachment":[{"href":"https:\/\/poolsparadise.fr\/index.php?rest_route=%2Fwp%2Fv2%2Fmedia&parent=1157"}],"wp:term":[{"taxonomy":"product_brand","embeddable":true,"href":"https:\/\/poolsparadise.fr\/index.php?rest_route=%2Fwp%2Fv2%2Fproduct_brand&post=1157"},{"taxonomy":"product_cat","embeddable":true,"href":"https:\/\/poolsparadise.fr\/index.php?rest_route=%2Fwp%2Fv2%2Fproduct_cat&post=1157"},{"taxonomy":"product_tag","embeddable":true,"href":"https:\/\/poolsparadise.fr\/index.php?rest_route=%2Fwp%2Fv2%2Fproduct_tag&post=1157"}],"curies":[{"name":"wp","href":"https:\/\/api.w.org\/{rel}","templated":true}]}}