{"id":24,"date":"2021-03-12T23:33:00","date_gmt":"2021-03-12T22:33:00","guid":{"rendered":"http:\/\/poolsparadise.fr\/?page_id=24"},"modified":"2026-02-24T10:18:04","modified_gmt":"2026-02-24T09:18:04","slug":"nos-prestations","status":"publish","type":"page","link":"https:\/\/poolsparadise.fr\/?page_id=24","title":{"rendered":"Vente et Installation"},"content":{"rendered":"\t\t<div data-elementor-type=\"wp-page\" data-elementor-id=\"24\" class=\"elementor elementor-24\">\n\t\t\t\t<div class=\"elementor-element elementor-element-ffafd7a e-con-full e-flex e-con e-parent\" data-id=\"ffafd7a\" data-element_type=\"container\" data-settings=\"{&quot;background_background&quot;:&quot;classic&quot;}\">\n\t\t\t\t<div class=\"elementor-element elementor-element-d66be9d elementor-widget__width-inherit elementor-widget elementor-widget-heading\" data-id=\"d66be9d\" data-element_type=\"widget\" data-widget_type=\"heading.default\">\n\t\t\t\t\t<h2 class=\"elementor-heading-title elementor-size-default\">Vente &amp; installation de piscines et \u00e9quipements<\/h2>\t\t\t\t<\/div>\n\t\t\t\t<\/div>\n\t\t<div class=\"elementor-element elementor-element-ff2f81e e-flex e-con-boxed e-con e-parent\" data-id=\"ff2f81e\" data-element_type=\"container\">\n\t\t\t\t\t<div class=\"e-con-inner\">\n\t\t\t\t<div class=\"elementor-element elementor-element-f8e93e0 elementor-widget elementor-widget-spacer\" data-id=\"f8e93e0\" data-element_type=\"widget\" data-widget_type=\"spacer.default\">\n\t\t\t\t\t\t\t<div class=\"elementor-spacer\">\n\t\t\t<div class=\"elementor-spacer-inner\"><\/div>\n\t\t<\/div>\n\t\t\t\t\t\t<\/div>\n\t\t\t\t\t<\/div>\n\t\t\t\t<\/div>\n\t\t<div class=\"elementor-element elementor-element-2807561 e-flex e-con-boxed e-con e-parent\" data-id=\"2807561\" data-element_type=\"container\" data-settings=\"{&quot;background_background&quot;:&quot;classic&quot;,&quot;shape_divider_bottom&quot;:&quot;wave-brush&quot;}\">\n\t\t\t\t\t<div class=\"e-con-inner\">\n\t\t\t\t<div class=\"elementor-shape elementor-shape-bottom\" aria-hidden=\"true\" data-negative=\"false\">\n\t\t\t<svg xmlns=\"http:\/\/www.w3.org\/2000\/svg\" viewBox=\"0 0 283.5 27.8\" preserveAspectRatio=\"none\">\n\t<path class=\"elementor-shape-fill\" d=\"M283.5,9.7c0,0-7.3,4.3-14,4.6c-6.8,0.3-12.6,0-20.9-1.5c-11.3-2-33.1-10.1-44.7-5.7\ts-12.1,4.6-18,7.4c-6.6,3.2-20,9.6-36.6,9.3C131.6,23.5,99.5,7.2,86.3,8c-1.4,0.1-6.6,0.8-10.5,2c-3.8,1.2-9.4,3.8-17,4.7\tc-3.2,0.4-8.3,1.1-14.2,0.9c-1.5-0.1-6.3-0.4-12-1.6c-5.7-1.2-11-3.1-15.8-3.7C6.5,9.2,0,10.8,0,10.8V0h283.5V9.7z M260.8,11.3\tc-0.7-1-2-0.4-4.3-0.4c-2.3,0-6.1-1.2-5.8-1.1c0.3,0.1,3.1,1.5,6,1.9C259.7,12.2,261.4,12.3,260.8,11.3z M242.4,8.6\tc0,0-2.4-0.2-5.6-0.9c-3.2-0.8-10.3-2.8-15.1-3.5c-8.2-1.1-15.8,0-15.1,0.1c0.8,0.1,9.6-0.6,17.6,1.1c3.3,0.7,9.3,2.2,12.4,2.7\tC239.9,8.7,242.4,8.6,242.4,8.6z M185.2,8.5c1.7-0.7-13.3,4.7-18.5,6.1c-2.1,0.6-6.2,1.6-10,2c-3.9,0.4-8.9,0.4-8.8,0.5\tc0,0.2,5.8,0.8,11.2,0c5.4-0.8,5.2-1.1,7.6-1.6C170.5,14.7,183.5,9.2,185.2,8.5z M199.1,6.9c0.2,0-0.8-0.4-4.8,1.1\tc-4,1.5-6.7,3.5-6.9,3.7c-0.2,0.1,3.5-1.8,6.6-3C197,7.5,199,6.9,199.1,6.9z M283,6c-0.1,0.1-1.9,1.1-4.8,2.5s-6.9,2.8-6.7,2.7\tc0.2,0,3.5-0.6,7.4-2.5C282.8,6.8,283.1,5.9,283,6z M31.3,11.6c0.1-0.2-1.9-0.2-4.5-1.2s-5.4-1.6-7.8-2C15,7.6,7.3,8.5,7.7,8.6\tC8,8.7,15.9,8.3,20.2,9.3c2.2,0.5,2.4,0.5,5.7,1.6S31.2,11.9,31.3,11.6z M73,9.2c0.4-0.1,3.5-1.6,8.4-2.6c4.9-1.1,8.9-0.5,8.9-0.8\tc0-0.3-1-0.9-6.2-0.3S72.6,9.3,73,9.2z M71.6,6.7C71.8,6.8,75,5.4,77.3,5c2.3-0.3,1.9-0.5,1.9-0.6c0-0.1-1.1-0.2-2.7,0.2\tC74.8,5.1,71.4,6.6,71.6,6.7z M93.6,4.4c0.1,0.2,3.5,0.8,5.6,1.8c2.1,1,1.8,0.6,1.9,0.5c0.1-0.1-0.8-0.8-2.4-1.3\tC97.1,4.8,93.5,4.2,93.6,4.4z M65.4,11.1c-0.1,0.3,0.3,0.5,1.9-0.2s2.6-1.3,2.2-1.2s-0.9,0.4-2.5,0.8C65.3,10.9,65.5,10.8,65.4,11.1\tz M34.5,12.4c-0.2,0,2.1,0.8,3.3,0.9c1.2,0.1,2,0.1,2-0.2c0-0.3-0.1-0.5-1.6-0.4C36.6,12.8,34.7,12.4,34.5,12.4z M152.2,21.1\tc-0.1,0.1-2.4-0.3-7.5-0.3c-5,0-13.6-2.4-17.2-3.5c-3.6-1.1,10,3.9,16.5,4.1C150.5,21.6,152.3,21,152.2,21.1z\"\/>\n\t<path class=\"elementor-shape-fill\" d=\"M269.6,18c-0.1-0.1-4.6,0.3-7.2,0c-7.3-0.7-17-3.2-16.6-2.9c0.4,0.3,13.7,3.1,17,3.3\tC267.7,18.8,269.7,18,269.6,18z\"\/>\n\t<path class=\"elementor-shape-fill\" d=\"M227.4,9.8c-0.2-0.1-4.5-1-9.5-1.2c-5-0.2-12.7,0.6-12.3,0.5c0.3-0.1,5.9-1.8,13.3-1.2\tS227.6,9.9,227.4,9.8z\"\/>\n\t<path class=\"elementor-shape-fill\" d=\"M204.5,13.4c-0.1-0.1,2-1,3.2-1.1c1.2-0.1,2,0,2,0.3c0,0.3-0.1,0.5-1.6,0.4\tC206.4,12.9,204.6,13.5,204.5,13.4z\"\/>\n\t<path class=\"elementor-shape-fill\" d=\"M201,10.6c0-0.1-4.4,1.2-6.3,2.2c-1.9,0.9-6.2,3.1-6.1,3.1c0.1,0.1,4.2-1.6,6.3-2.6\tS201,10.7,201,10.6z\"\/>\n\t<path class=\"elementor-shape-fill\" d=\"M154.5,26.7c-0.1-0.1-4.6,0.3-7.2,0c-7.3-0.7-17-3.2-16.6-2.9c0.4,0.3,13.7,3.1,17,3.3\tC152.6,27.5,154.6,26.8,154.5,26.7z\"\/>\n\t<path class=\"elementor-shape-fill\" d=\"M41.9,19.3c0,0,1.2-0.3,2.9-0.1c1.7,0.2,5.8,0.9,8.2,0.7c4.2-0.4,7.4-2.7,7-2.6\tc-0.4,0-4.3,2.2-8.6,1.9c-1.8-0.1-5.1-0.5-6.7-0.4S41.9,19.3,41.9,19.3z\"\/>\n\t<path class=\"elementor-shape-fill\" d=\"M75.5,12.6c0.2,0.1,2-0.8,4.3-1.1c2.3-0.2,2.1-0.3,2.1-0.5c0-0.1-1.8-0.4-3.4,0\tC76.9,11.5,75.3,12.5,75.5,12.6z\"\/>\n\t<path class=\"elementor-shape-fill\" d=\"M15.6,13.2c0-0.1,4.3,0,6.7,0.5c2.4,0.5,5,1.9,5,2c0,0.1-2.7-0.8-5.1-1.4\tC19.9,13.7,15.7,13.3,15.6,13.2z\"\/>\n<\/svg>\t\t<\/div>\n\t\t<div class=\"elementor-element elementor-element-17f9618 e-con-full e-flex e-con e-child\" data-id=\"17f9618\" data-element_type=\"container\">\n\t\t\t\t<div class=\"elementor-element elementor-element-20d8fff elementor-widget-mobile__width-inherit elementor-widget elementor-widget-text-editor\" data-id=\"20d8fff\" data-element_type=\"widget\" data-widget_type=\"text-editor.default\">\n\t\t\t\t\t\t\t\t\tNous vous accompagnons dans le choix, l\u2019<span style=\"color: #fac140; font-weight: 600;\">achat et l\u2019installation<\/span> de votre piscine et de ses \u00e9quipements.\n<br> <br> De l\u2019\u00e9tude de votre projet jusqu\u2019\u00e0 la mise en service, nous vous proposons des\n<span style=\"color: #fac140; font-weight: 600;\">solutions fiables<\/span>, <span style=\"color: #fac140; font-weight: 600;\">adapt\u00e9es \u00e0 votre terrain<\/span>, \u00e0\n<span style=\"color: #fac140; font-weight: 600;\">vos besoins<\/span> et \u00e0\n<span style=\"color: #fac140; font-weight: 600;\">votre budget<\/span>.\t\t\t\t\t\t\t\t<\/div>\n\t\t\t\t<div class=\"elementor-element elementor-element-d097c96 elementor-widget elementor-widget-button\" data-id=\"d097c96\" data-element_type=\"widget\" data-widget_type=\"button.default\">\n\t\t\t\t\t\t\t\t\t\t<a class=\"elementor-button elementor-button-link elementor-size-sm\" href=\"https:\/\/poolsparadise.fr\/?page_id=240\">\n\t\t\t\t\t\t<span class=\"elementor-button-content-wrapper\">\n\t\t\t\t\t\t\t\t\t<span class=\"elementor-button-text\">Parlons de votre projet<\/span>\n\t\t\t\t\t<\/span>\n\t\t\t\t\t<\/a>\n\t\t\t\t\t\t\t\t<\/div>\n\t\t\t\t<\/div>\n\t\t\t\t\t<\/div>\n\t\t\t\t<\/div>\n\t\t<div class=\"elementor-element elementor-element-1fa5999 e-flex e-con-boxed e-con e-parent\" data-id=\"1fa5999\" data-element_type=\"container\">\n\t\t\t\t\t<div class=\"e-con-inner\">\n\t\t<div class=\"elementor-element elementor-element-e02e7dd e-con-full e-flex e-con e-child\" data-id=\"e02e7dd\" data-element_type=\"container\">\n\t\t\t\t<div class=\"elementor-element elementor-element-5aa86d7 elementor-widget elementor-widget-heading\" data-id=\"5aa86d7\" data-element_type=\"widget\" data-widget_type=\"heading.default\">\n\t\t\t\t\t<h2 class=\"elementor-heading-title elementor-size-default\">Pose de piscines coque<\/h2>\t\t\t\t<\/div>\n\t\t\t\t<div class=\"elementor-element elementor-element-9e82d9c elementor-widget elementor-widget-text-editor\" data-id=\"9e82d9c\" data-element_type=\"widget\" data-widget_type=\"text-editor.default\">\n\t\t\t\t\t\t\t\t\t<p class=\"p1\">Nous assurons l\u2019installation compl\u00e8te de votre piscine coque, de la pr\u00e9paration du terrain jusqu\u2019\u00e0 sa mise en service, pour un r\u00e9sultat fiable, durable et pr\u00eat \u00e0 profiter.<\/p>\t\t\t\t\t\t\t\t<\/div>\n\t\t\t\t<div class=\"elementor-element elementor-element-a8f74fd elementor-align-center elementor-widget elementor-widget-button\" data-id=\"a8f74fd\" data-element_type=\"widget\" data-widget_type=\"button.default\">\n\t\t\t\t\t\t\t\t\t\t<a class=\"elementor-button elementor-button-link elementor-size-sm\" href=\"https:\/\/poolsparadise.fr\/?page_id=1290\">\n\t\t\t\t\t\t<span class=\"elementor-button-content-wrapper\">\n\t\t\t\t\t\t\t\t\t<span class=\"elementor-button-text\">T\u00e9l\u00e9chargez le catalogue <\/span>\n\t\t\t\t\t<\/span>\n\t\t\t\t\t<\/a>\n\t\t\t\t\t\t\t\t<\/div>\n\t\t\t\t<\/div>\n\t\t\t\t\t<\/div>\n\t\t\t\t<\/div>\n\t\t<div class=\"elementor-element elementor-element-7062f8c e-flex e-con-boxed e-con e-parent\" data-id=\"7062f8c\" data-element_type=\"container\" data-settings=\"{&quot;background_background&quot;:&quot;classic&quot;}\">\n\t\t\t\t\t<div class=\"e-con-inner\">\n\t\t\t\t\t<\/div>\n\t\t\t\t<\/div>\n\t\t<div class=\"elementor-element elementor-element-a0081cd e-flex e-con-boxed e-con e-parent\" data-id=\"a0081cd\" data-element_type=\"container\" data-settings=\"{&quot;background_background&quot;:&quot;classic&quot;}\">\n\t\t\t\t\t<div class=\"e-con-inner\">\n\t\t<div class=\"elementor-element elementor-element-c2181cc e-con-full e-flex e-con e-child\" data-id=\"c2181cc\" data-element_type=\"container\">\n\t\t\t\t<div class=\"elementor-element elementor-element-31d164c elementor-widget elementor-widget-heading\" data-id=\"31d164c\" data-element_type=\"widget\" data-widget_type=\"heading.default\">\n\t\t\t\t\t<h2 class=\"elementor-heading-title elementor-size-default\">Syst\u00e8mes de s\u00e9curit\u00e9 pour piscine<\/h2>\t\t\t\t<\/div>\n\t\t\t\t<div class=\"elementor-element elementor-element-771d5d9 elementor-widget elementor-widget-text-editor\" data-id=\"771d5d9\" data-element_type=\"widget\" data-widget_type=\"text-editor.default\">\n\t\t\t\t\t\t\t\t\t<p class=\"p1\">Nous vous proposons et installons des solutions adapt\u00e9es pour s\u00e9curiser votre bassin, telles que les abris de piscine, b\u00e2ches \u00e0 barres, volets roulants (\u00e9lectriques ou solaires), ainsi que les barri\u00e8res et alarmes conformes aux normes en vigueur.<\/p>\t\t\t\t\t\t\t\t<\/div>\n\t\t\t\t<div class=\"elementor-element elementor-element-1a37aed elementor-align-center elementor-widget elementor-widget-button\" data-id=\"1a37aed\" data-element_type=\"widget\" data-widget_type=\"button.default\">\n\t\t\t\t\t\t\t\t\t\t<a class=\"elementor-button elementor-button-link elementor-size-sm\" href=\"https:\/\/poolsparadise.fr\/?page_id=240\">\n\t\t\t\t\t\t<span class=\"elementor-button-content-wrapper\">\n\t\t\t\t\t\t\t\t\t<span class=\"elementor-button-text\">Demandez un devis <\/span>\n\t\t\t\t\t<\/span>\n\t\t\t\t\t<\/a>\n\t\t\t\t\t\t\t\t<\/div>\n\t\t\t\t<\/div>\n\t\t\t\t\t<\/div>\n\t\t\t\t<\/div>\n\t\t<div class=\"elementor-element elementor-element-9f57c7e e-flex e-con-boxed e-con e-parent\" data-id=\"9f57c7e\" data-element_type=\"container\" data-settings=\"{&quot;background_background&quot;:&quot;classic&quot;}\">\n\t\t\t\t\t<div class=\"e-con-inner\">\n\t\t\t\t\t<\/div>\n\t\t\t\t<\/div>\n\t\t<div class=\"elementor-element elementor-element-4b0ec1a e-flex e-con-boxed e-con e-parent\" data-id=\"4b0ec1a\" data-element_type=\"container\">\n\t\t\t\t\t<div class=\"e-con-inner\">\n\t\t<div class=\"elementor-element elementor-element-f23ad99 e-con-full e-flex e-con e-child\" data-id=\"f23ad99\" data-element_type=\"container\">\n\t\t\t\t<div class=\"elementor-element elementor-element-2461942 elementor-widget elementor-widget-heading\" data-id=\"2461942\" data-element_type=\"widget\" data-widget_type=\"heading.default\">\n\t\t\t\t\t<h2 class=\"elementor-heading-title elementor-size-default\">\u00c9quipements techniques piscine<\/h2>\t\t\t\t<\/div>\n\t\t\t\t<div class=\"elementor-element elementor-element-dc8a85b elementor-widget elementor-widget-text-editor\" data-id=\"dc8a85b\" data-element_type=\"widget\" data-widget_type=\"text-editor.default\">\n\t\t\t\t\t\t\t\t\t<p class=\"p1\">Nous proposons et installons des \u00e9quipements performants pour faciliter l\u2019utilisation et l\u2019entretien de votre piscine, tels que les appareils de r\u00e9gulation automatique, les pompes \u00e0 chaleur et les robots de nettoyage.<\/p>\t\t\t\t\t\t\t\t<\/div>\n\t\t\t\t<div class=\"elementor-element elementor-element-cd91435 elementor-align-center elementor-mobile-align-center elementor-widget elementor-widget-button\" data-id=\"cd91435\" data-element_type=\"widget\" data-widget_type=\"button.default\">\n\t\t\t\t\t\t\t\t\t\t<a class=\"elementor-button elementor-button-link elementor-size-sm\" href=\"https:\/\/poolsparadise.fr\/?page_id=240\">\n\t\t\t\t\t\t<span class=\"elementor-button-content-wrapper\">\n\t\t\t\t\t\t\t\t\t<span class=\"elementor-button-text\">Nous contacter pour un \u00e9quipement<\/span>\n\t\t\t\t\t<\/span>\n\t\t\t\t\t<\/a>\n\t\t\t\t\t\t\t\t<\/div>\n\t\t\t\t<\/div>\n\t\t\t\t\t<\/div>\n\t\t\t\t<\/div>\n\t\t<div class=\"elementor-element elementor-element-9337b4b e-flex e-con-boxed e-con e-parent\" data-id=\"9337b4b\" data-element_type=\"container\" data-settings=\"{&quot;background_background&quot;:&quot;classic&quot;}\">\n\t\t\t\t\t<div class=\"e-con-inner\">\n\t\t\t\t\t<\/div>\n\t\t\t\t<\/div>\n\t\t\t\t<\/div>\n\t\t","protected":false},"excerpt":{"rendered":"<p>Vente &amp; installation de piscines et \u00e9quipements Nous vous accompagnons dans le choix, l\u2019achat et l\u2019installation de votre piscine et de ses \u00e9quipements. De l\u2019\u00e9tude de votre projet jusqu\u2019\u00e0 la mise en service, nous vous proposons des solutions fiables, adapt\u00e9es \u00e0 votre terrain, \u00e0 vos besoins et \u00e0 votre budget. Parlons de votre projet Pose [&hellip;]<\/p>\n","protected":false},"author":1,"featured_media":0,"parent":18,"menu_order":0,"comment_status":"closed","ping_status":"closed","template":"","meta":{"footnotes":""},"class_list":["post-24","page","type-page","status-publish","hentry"],"yoast_head":"<!-- This site is optimized with the Yoast SEO plugin v26.8 - https:\/\/yoast.com\/product\/yoast-seo-wordpress\/ -->\n<title>Vente et Installation - Pools Paradise<\/title>\n<meta name=\"robots\" content=\"index, follow, max-snippet:-1, max-image-preview:large, max-video-preview:-1\" \/>\n<link rel=\"canonical\" href=\"https:\/\/poolsparadise.fr\/?page_id=24\" \/>\n<meta property=\"og:locale\" content=\"fr_FR\" \/>\n<meta property=\"og:type\" content=\"article\" \/>\n<meta property=\"og:title\" content=\"Vente et Installation - Pools Paradise\" \/>\n<meta property=\"og:description\" content=\"Vente &amp; installation de piscines et \u00e9quipements Nous vous accompagnons dans le choix, l\u2019achat et l\u2019installation de votre piscine et de ses \u00e9quipements. De l\u2019\u00e9tude de votre projet jusqu\u2019\u00e0 la mise en service, nous vous proposons des solutions fiables, adapt\u00e9es \u00e0 votre terrain, \u00e0 vos besoins et \u00e0 votre budget. Parlons de votre projet Pose [&hellip;]\" \/>\n<meta property=\"og:url\" content=\"https:\/\/poolsparadise.fr\/?page_id=24\" \/>\n<meta property=\"og:site_name\" content=\"Pools Paradise\" \/>\n<meta property=\"article:modified_time\" content=\"2026-02-24T09:18:04+00:00\" \/>\n<meta name=\"twitter:card\" content=\"summary_large_image\" \/>\n<meta name=\"twitter:label1\" content=\"Dur\u00e9e de lecture estim\u00e9e\" \/>\n\t<meta name=\"twitter:data1\" content=\"1 minute\" \/>\n<script type=\"application\/ld+json\" class=\"yoast-schema-graph\">{\"@context\":\"https:\/\/schema.org\",\"@graph\":[{\"@type\":\"WebPage\",\"@id\":\"https:\/\/poolsparadise.fr\/?page_id=24\",\"url\":\"https:\/\/poolsparadise.fr\/?page_id=24\",\"name\":\"Vente et Installation - Pools Paradise\",\"isPartOf\":{\"@id\":\"https:\/\/poolsparadise.fr\/#website\"},\"datePublished\":\"2021-03-12T22:33:00+00:00\",\"dateModified\":\"2026-02-24T09:18:04+00:00\",\"breadcrumb\":{\"@id\":\"https:\/\/poolsparadise.fr\/?page_id=24#breadcrumb\"},\"inLanguage\":\"fr-FR\",\"potentialAction\":[{\"@type\":\"ReadAction\",\"target\":[\"https:\/\/poolsparadise.fr\/?page_id=24\"]}]},{\"@type\":\"BreadcrumbList\",\"@id\":\"https:\/\/poolsparadise.fr\/?page_id=24#breadcrumb\",\"itemListElement\":[{\"@type\":\"ListItem\",\"position\":1,\"name\":\"Accueil\",\"item\":\"https:\/\/poolsparadise.fr\/\"},{\"@type\":\"ListItem\",\"position\":2,\"name\":\"D\u00c9COUVREZ-NOUS\",\"item\":\"https:\/\/poolsparadise.fr\/\"},{\"@type\":\"ListItem\",\"position\":3,\"name\":\"Vente et Installation\"}]},{\"@type\":\"WebSite\",\"@id\":\"https:\/\/poolsparadise.fr\/#website\",\"url\":\"https:\/\/poolsparadise.fr\/\",\"name\":\"Pools Paradise\",\"description\":\"\",\"publisher\":{\"@id\":\"https:\/\/poolsparadise.fr\/#organization\"},\"potentialAction\":[{\"@type\":\"SearchAction\",\"target\":{\"@type\":\"EntryPoint\",\"urlTemplate\":\"https:\/\/poolsparadise.fr\/?s={search_term_string}\"},\"query-input\":{\"@type\":\"PropertyValueSpecification\",\"valueRequired\":true,\"valueName\":\"search_term_string\"}}],\"inLanguage\":\"fr-FR\"},{\"@type\":\"Organization\",\"@id\":\"https:\/\/poolsparadise.fr\/#organization\",\"name\":\"Pools Paradise\",\"url\":\"https:\/\/poolsparadise.fr\/\",\"logo\":{\"@type\":\"ImageObject\",\"inLanguage\":\"fr-FR\",\"@id\":\"https:\/\/poolsparadise.fr\/#\/schema\/logo\/image\/\",\"url\":\"https:\/\/poolsparadise.fr\/wp-content\/uploads\/2026\/01\/LOGO-HD-TRANSPARENCE-1536x1262-1.png\",\"contentUrl\":\"https:\/\/poolsparadise.fr\/wp-content\/uploads\/2026\/01\/LOGO-HD-TRANSPARENCE-1536x1262-1.png\",\"width\":1536,\"height\":1262,\"caption\":\"Pools Paradise\"},\"image\":{\"@id\":\"https:\/\/poolsparadise.fr\/#\/schema\/logo\/image\/\"}}]}<\/script>\n<!-- \/ Yoast SEO plugin. -->","yoast_head_json":{"title":"Vente et Installation - Pools Paradise","robots":{"index":"index","follow":"follow","max-snippet":"max-snippet:-1","max-image-preview":"max-image-preview:large","max-video-preview":"max-video-preview:-1"},"canonical":"https:\/\/poolsparadise.fr\/?page_id=24","og_locale":"fr_FR","og_type":"article","og_title":"Vente et Installation - Pools Paradise","og_description":"Vente &amp; installation de piscines et \u00e9quipements Nous vous accompagnons dans le choix, l\u2019achat et l\u2019installation de votre piscine et de ses \u00e9quipements. De l\u2019\u00e9tude de votre projet jusqu\u2019\u00e0 la mise en service, nous vous proposons des solutions fiables, adapt\u00e9es \u00e0 votre terrain, \u00e0 vos besoins et \u00e0 votre budget. Parlons de votre projet Pose [&hellip;]","og_url":"https:\/\/poolsparadise.fr\/?page_id=24","og_site_name":"Pools Paradise","article_modified_time":"2026-02-24T09:18:04+00:00","twitter_card":"summary_large_image","twitter_misc":{"Dur\u00e9e de lecture estim\u00e9e":"1 minute"},"schema":{"@context":"https:\/\/schema.org","@graph":[{"@type":"WebPage","@id":"https:\/\/poolsparadise.fr\/?page_id=24","url":"https:\/\/poolsparadise.fr\/?page_id=24","name":"Vente et Installation - Pools Paradise","isPartOf":{"@id":"https:\/\/poolsparadise.fr\/#website"},"datePublished":"2021-03-12T22:33:00+00:00","dateModified":"2026-02-24T09:18:04+00:00","breadcrumb":{"@id":"https:\/\/poolsparadise.fr\/?page_id=24#breadcrumb"},"inLanguage":"fr-FR","potentialAction":[{"@type":"ReadAction","target":["https:\/\/poolsparadise.fr\/?page_id=24"]}]},{"@type":"BreadcrumbList","@id":"https:\/\/poolsparadise.fr\/?page_id=24#breadcrumb","itemListElement":[{"@type":"ListItem","position":1,"name":"Accueil","item":"https:\/\/poolsparadise.fr\/"},{"@type":"ListItem","position":2,"name":"D\u00c9COUVREZ-NOUS","item":"https:\/\/poolsparadise.fr\/"},{"@type":"ListItem","position":3,"name":"Vente et Installation"}]},{"@type":"WebSite","@id":"https:\/\/poolsparadise.fr\/#website","url":"https:\/\/poolsparadise.fr\/","name":"Pools Paradise","description":"","publisher":{"@id":"https:\/\/poolsparadise.fr\/#organization"},"potentialAction":[{"@type":"SearchAction","target":{"@type":"EntryPoint","urlTemplate":"https:\/\/poolsparadise.fr\/?s={search_term_string}"},"query-input":{"@type":"PropertyValueSpecification","valueRequired":true,"valueName":"search_term_string"}}],"inLanguage":"fr-FR"},{"@type":"Organization","@id":"https:\/\/poolsparadise.fr\/#organization","name":"Pools Paradise","url":"https:\/\/poolsparadise.fr\/","logo":{"@type":"ImageObject","inLanguage":"fr-FR","@id":"https:\/\/poolsparadise.fr\/#\/schema\/logo\/image\/","url":"https:\/\/poolsparadise.fr\/wp-content\/uploads\/2026\/01\/LOGO-HD-TRANSPARENCE-1536x1262-1.png","contentUrl":"https:\/\/poolsparadise.fr\/wp-content\/uploads\/2026\/01\/LOGO-HD-TRANSPARENCE-1536x1262-1.png","width":1536,"height":1262,"caption":"Pools Paradise"},"image":{"@id":"https:\/\/poolsparadise.fr\/#\/schema\/logo\/image\/"}}]}},"_links":{"self":[{"href":"https:\/\/poolsparadise.fr\/index.php?rest_route=\/wp\/v2\/pages\/24","targetHints":{"allow":["GET"]}}],"collection":[{"href":"https:\/\/poolsparadise.fr\/index.php?rest_route=\/wp\/v2\/pages"}],"about":[{"href":"https:\/\/poolsparadise.fr\/index.php?rest_route=\/wp\/v2\/types\/page"}],"author":[{"embeddable":true,"href":"https:\/\/poolsparadise.fr\/index.php?rest_route=\/wp\/v2\/users\/1"}],"replies":[{"embeddable":true,"href":"https:\/\/poolsparadise.fr\/index.php?rest_route=%2Fwp%2Fv2%2Fcomments&post=24"}],"version-history":[{"count":154,"href":"https:\/\/poolsparadise.fr\/index.php?rest_route=\/wp\/v2\/pages\/24\/revisions"}],"predecessor-version":[{"id":1511,"href":"https:\/\/poolsparadise.fr\/index.php?rest_route=\/wp\/v2\/pages\/24\/revisions\/1511"}],"up":[{"embeddable":true,"href":"https:\/\/poolsparadise.fr\/index.php?rest_route=\/wp\/v2\/pages\/18"}],"wp:attachment":[{"href":"https:\/\/poolsparadise.fr\/index.php?rest_route=%2Fwp%2Fv2%2Fmedia&parent=24"}],"curies":[{"name":"wp","href":"https:\/\/api.w.org\/{rel}","templated":true}]}}