{"id":19,"date":"2021-02-16T13:43:02","date_gmt":"2021-02-16T12:43:02","guid":{"rendered":"http:\/\/poolsparadise.fr\/?page_id=19"},"modified":"2026-03-02T10:50:47","modified_gmt":"2026-03-02T09:50:47","slug":"__trashed","status":"publish","type":"page","link":"https:\/\/poolsparadise.fr\/?page_id=19","title":{"rendered":"\u00c0 propos de"},"content":{"rendered":"\t\t<div data-elementor-type=\"wp-page\" data-elementor-id=\"19\" class=\"elementor elementor-19\">\n\t\t\t\t<div class=\"elementor-element elementor-element-b6fc407 e-flex e-con-boxed e-con e-parent\" data-id=\"b6fc407\" data-element_type=\"container\" data-settings=\"{&quot;background_background&quot;:&quot;classic&quot;,&quot;shape_divider_bottom&quot;:&quot;wave-brush&quot;}\">\n\t\t\t\t\t<div class=\"e-con-inner\">\n\t\t\t\t<div class=\"elementor-shape elementor-shape-bottom\" aria-hidden=\"true\" data-negative=\"false\">\n\t\t\t<svg xmlns=\"http:\/\/www.w3.org\/2000\/svg\" viewBox=\"0 0 283.5 27.8\" preserveAspectRatio=\"none\">\n\t<path class=\"elementor-shape-fill\" d=\"M283.5,9.7c0,0-7.3,4.3-14,4.6c-6.8,0.3-12.6,0-20.9-1.5c-11.3-2-33.1-10.1-44.7-5.7\ts-12.1,4.6-18,7.4c-6.6,3.2-20,9.6-36.6,9.3C131.6,23.5,99.5,7.2,86.3,8c-1.4,0.1-6.6,0.8-10.5,2c-3.8,1.2-9.4,3.8-17,4.7\tc-3.2,0.4-8.3,1.1-14.2,0.9c-1.5-0.1-6.3-0.4-12-1.6c-5.7-1.2-11-3.1-15.8-3.7C6.5,9.2,0,10.8,0,10.8V0h283.5V9.7z M260.8,11.3\tc-0.7-1-2-0.4-4.3-0.4c-2.3,0-6.1-1.2-5.8-1.1c0.3,0.1,3.1,1.5,6,1.9C259.7,12.2,261.4,12.3,260.8,11.3z M242.4,8.6\tc0,0-2.4-0.2-5.6-0.9c-3.2-0.8-10.3-2.8-15.1-3.5c-8.2-1.1-15.8,0-15.1,0.1c0.8,0.1,9.6-0.6,17.6,1.1c3.3,0.7,9.3,2.2,12.4,2.7\tC239.9,8.7,242.4,8.6,242.4,8.6z M185.2,8.5c1.7-0.7-13.3,4.7-18.5,6.1c-2.1,0.6-6.2,1.6-10,2c-3.9,0.4-8.9,0.4-8.8,0.5\tc0,0.2,5.8,0.8,11.2,0c5.4-0.8,5.2-1.1,7.6-1.6C170.5,14.7,183.5,9.2,185.2,8.5z M199.1,6.9c0.2,0-0.8-0.4-4.8,1.1\tc-4,1.5-6.7,3.5-6.9,3.7c-0.2,0.1,3.5-1.8,6.6-3C197,7.5,199,6.9,199.1,6.9z M283,6c-0.1,0.1-1.9,1.1-4.8,2.5s-6.9,2.8-6.7,2.7\tc0.2,0,3.5-0.6,7.4-2.5C282.8,6.8,283.1,5.9,283,6z M31.3,11.6c0.1-0.2-1.9-0.2-4.5-1.2s-5.4-1.6-7.8-2C15,7.6,7.3,8.5,7.7,8.6\tC8,8.7,15.9,8.3,20.2,9.3c2.2,0.5,2.4,0.5,5.7,1.6S31.2,11.9,31.3,11.6z M73,9.2c0.4-0.1,3.5-1.6,8.4-2.6c4.9-1.1,8.9-0.5,8.9-0.8\tc0-0.3-1-0.9-6.2-0.3S72.6,9.3,73,9.2z M71.6,6.7C71.8,6.8,75,5.4,77.3,5c2.3-0.3,1.9-0.5,1.9-0.6c0-0.1-1.1-0.2-2.7,0.2\tC74.8,5.1,71.4,6.6,71.6,6.7z M93.6,4.4c0.1,0.2,3.5,0.8,5.6,1.8c2.1,1,1.8,0.6,1.9,0.5c0.1-0.1-0.8-0.8-2.4-1.3\tC97.1,4.8,93.5,4.2,93.6,4.4z M65.4,11.1c-0.1,0.3,0.3,0.5,1.9-0.2s2.6-1.3,2.2-1.2s-0.9,0.4-2.5,0.8C65.3,10.9,65.5,10.8,65.4,11.1\tz M34.5,12.4c-0.2,0,2.1,0.8,3.3,0.9c1.2,0.1,2,0.1,2-0.2c0-0.3-0.1-0.5-1.6-0.4C36.6,12.8,34.7,12.4,34.5,12.4z M152.2,21.1\tc-0.1,0.1-2.4-0.3-7.5-0.3c-5,0-13.6-2.4-17.2-3.5c-3.6-1.1,10,3.9,16.5,4.1C150.5,21.6,152.3,21,152.2,21.1z\"\/>\n\t<path class=\"elementor-shape-fill\" d=\"M269.6,18c-0.1-0.1-4.6,0.3-7.2,0c-7.3-0.7-17-3.2-16.6-2.9c0.4,0.3,13.7,3.1,17,3.3\tC267.7,18.8,269.7,18,269.6,18z\"\/>\n\t<path class=\"elementor-shape-fill\" d=\"M227.4,9.8c-0.2-0.1-4.5-1-9.5-1.2c-5-0.2-12.7,0.6-12.3,0.5c0.3-0.1,5.9-1.8,13.3-1.2\tS227.6,9.9,227.4,9.8z\"\/>\n\t<path class=\"elementor-shape-fill\" d=\"M204.5,13.4c-0.1-0.1,2-1,3.2-1.1c1.2-0.1,2,0,2,0.3c0,0.3-0.1,0.5-1.6,0.4\tC206.4,12.9,204.6,13.5,204.5,13.4z\"\/>\n\t<path class=\"elementor-shape-fill\" d=\"M201,10.6c0-0.1-4.4,1.2-6.3,2.2c-1.9,0.9-6.2,3.1-6.1,3.1c0.1,0.1,4.2-1.6,6.3-2.6\tS201,10.7,201,10.6z\"\/>\n\t<path class=\"elementor-shape-fill\" d=\"M154.5,26.7c-0.1-0.1-4.6,0.3-7.2,0c-7.3-0.7-17-3.2-16.6-2.9c0.4,0.3,13.7,3.1,17,3.3\tC152.6,27.5,154.6,26.8,154.5,26.7z\"\/>\n\t<path class=\"elementor-shape-fill\" d=\"M41.9,19.3c0,0,1.2-0.3,2.9-0.1c1.7,0.2,5.8,0.9,8.2,0.7c4.2-0.4,7.4-2.7,7-2.6\tc-0.4,0-4.3,2.2-8.6,1.9c-1.8-0.1-5.1-0.5-6.7-0.4S41.9,19.3,41.9,19.3z\"\/>\n\t<path class=\"elementor-shape-fill\" d=\"M75.5,12.6c0.2,0.1,2-0.8,4.3-1.1c2.3-0.2,2.1-0.3,2.1-0.5c0-0.1-1.8-0.4-3.4,0\tC76.9,11.5,75.3,12.5,75.5,12.6z\"\/>\n\t<path class=\"elementor-shape-fill\" d=\"M15.6,13.2c0-0.1,4.3,0,6.7,0.5c2.4,0.5,5,1.9,5,2c0,0.1-2.7-0.8-5.1-1.4\tC19.9,13.7,15.7,13.3,15.6,13.2z\"\/>\n<\/svg>\t\t<\/div>\n\t\t\t\t<div class=\"elementor-element elementor-element-d0b381f elementor-widget elementor-widget-heading\" data-id=\"d0b381f\" data-element_type=\"widget\" data-widget_type=\"heading.default\">\n\t\t\t\t\t<h2 class=\"elementor-heading-title elementor-size-default\">Notre histoire <\/h2>\t\t\t\t<\/div>\n\t\t\t\t<div class=\"elementor-element elementor-element-026fccd elementor-widget elementor-widget-text-editor\" data-id=\"026fccd\" data-element_type=\"widget\" data-widget_type=\"text-editor.default\">\n\t\t\t\t\t\t\t\t\t<p>Parce qu&rsquo;avant d&rsquo;\u00eatre une installation technique, votre piscine est le miroir de vos plus beaux \u00e9t\u00e9s.<\/p>\t\t\t\t\t\t\t\t<\/div>\n\t\t\t\t\t<\/div>\n\t\t\t\t<\/div>\n\t\t<div class=\"elementor-element elementor-element-b88ceff e-flex e-con-boxed e-con e-parent\" data-id=\"b88ceff\" data-element_type=\"container\">\n\t\t\t\t\t<div class=\"e-con-inner\">\n\t\t<div class=\"elementor-element elementor-element-bd7d84b e-con-full e-flex e-con e-child\" data-id=\"bd7d84b\" data-element_type=\"container\">\n\t\t\t\t<div class=\"elementor-element elementor-element-fdf9951 elementor-widget elementor-widget-image\" data-id=\"fdf9951\" data-element_type=\"widget\" data-widget_type=\"image.default\">\n\t\t\t\t\t\t\t\t\t\t\t\t\t\t\t<img fetchpriority=\"high\" decoding=\"async\" width=\"800\" height=\"534\" src=\"https:\/\/poolsparadise.fr\/wp-content\/uploads\/2021\/03\/pool-3247933_1920-1024x683.jpg\" class=\"attachment-large size-large wp-image-122\" alt=\"\" srcset=\"https:\/\/poolsparadise.fr\/wp-content\/uploads\/2021\/03\/pool-3247933_1920-1024x683.jpg 1024w, https:\/\/poolsparadise.fr\/wp-content\/uploads\/2021\/03\/pool-3247933_1920-600x400.jpg 600w, https:\/\/poolsparadise.fr\/wp-content\/uploads\/2021\/03\/pool-3247933_1920-300x200.jpg 300w, https:\/\/poolsparadise.fr\/wp-content\/uploads\/2021\/03\/pool-3247933_1920-768x512.jpg 768w, https:\/\/poolsparadise.fr\/wp-content\/uploads\/2021\/03\/pool-3247933_1920-1536x1024.jpg 1536w, https:\/\/poolsparadise.fr\/wp-content\/uploads\/2021\/03\/pool-3247933_1920-1200x800.jpg 1200w, https:\/\/poolsparadise.fr\/wp-content\/uploads\/2021\/03\/pool-3247933_1920.jpg 1920w\" sizes=\"(max-width: 800px) 100vw, 800px\" \/>\t\t\t\t\t\t\t\t\t\t\t\t\t\t\t<\/div>\n\t\t\t\t<\/div>\n\t\t<div class=\"elementor-element elementor-element-0616922 e-con-full e-flex e-con e-child\" data-id=\"0616922\" data-element_type=\"container\">\n\t\t\t\t<div class=\"elementor-element elementor-element-0a963f4 elementor-widget elementor-widget-heading\" data-id=\"0a963f4\" data-element_type=\"widget\" data-widget_type=\"heading.default\">\n\t\t\t\t\t<h2 class=\"elementor-heading-title elementor-size-default\">Mon savoir-faire au service de votre s\u00e9r\u00e9nit\u00e9<\/h2>\t\t\t\t<\/div>\n\t\t\t\t<div class=\"elementor-element elementor-element-36ce3cb elementor-widget elementor-widget-text-editor\" data-id=\"36ce3cb\" data-element_type=\"widget\" data-widget_type=\"text-editor.default\">\n\t\t\t\t\t\t\t\t\t<p>La piscine est un \u00e9quilibre entre technique et plaisir.<\/p><p>Mon r\u00f4le est de ma\u00eetriser la m\u00e9canique et la chimie de votre bassin pour que vous n&rsquo;ayez qu&rsquo;une seule chose \u00e0 faire : en profiter.<\/p><p>Douze ans d&rsquo;exp\u00e9rience au bord de l&rsquo;eau m&rsquo;ont appris qu&rsquo;un projet r\u00e9ussi est avant tout un projet durable.<\/p>\t\t\t\t\t\t\t\t<\/div>\n\t\t\t\t<\/div>\n\t\t\t\t\t<\/div>\n\t\t\t\t<\/div>\n\t\t<div class=\"elementor-element elementor-element-f6818cb e-flex e-con-boxed e-con e-parent\" data-id=\"f6818cb\" data-element_type=\"container\" data-settings=\"{&quot;background_background&quot;:&quot;classic&quot;}\">\n\t\t\t\t\t<div class=\"e-con-inner\">\n\t\t<div class=\"elementor-element elementor-element-db978f5 e-con-full e-flex e-con e-child\" data-id=\"db978f5\" data-element_type=\"container\">\n\t\t\t\t<div class=\"elementor-element elementor-element-12cda94 elementor-widget elementor-widget-html\" data-id=\"12cda94\" data-element_type=\"widget\" data-widget_type=\"html.default\">\n\t\t\t\t\t<div class=\"aquatic-stat\">\n    <span class=\"water-number\">12 <\/span>\n    <p class=\"water-sub\">ans dans l'univers de la piscine<\/p>\n<\/div>\n\n<style>\n\/* Conteneur principal *\/\n.aquatic-stat {\n    text-align: center;\n    padding: 60px 0;\n    perspective: 100px;\n}\n\n\/* Le chiffre qui semble \u00eatre sous l'eau *\/\n.water-number {\n    display: block;\n    font-family: 'Montserrat', sans-serif;\n    font-weight: 60px00;\n    font-size: 70px;\n    color: #fff ;\n    opacity: 0;\n    filter: blur(10px); \/* Effet d'eau trouble *\/\n    transform: scale(0.8) translateY(50px);\n    transition: all 1.2s cubic-bezier(0.22, 1, 0.36, 1); \/* Mouvement fluide *\/\n}\n\n\/* Le texte sous le chiffre *\/\n.water-sub {\n    font-family: 'Montserrat', sans-serif;\n    color: #fff;\n    font-size: 18px;\n    letter-spacing: 2px;\n    text-transform: uppercase;\n    opacity: 0;\n    transition: opacity 1s ease 0.5s;\n}\n\n\/* L'animation quand on arrive au scroll : l'eau devient claire *\/\n.aquatic-stat.is-visible .water-number {\n    opacity: 1;\n    filter: blur(0);\n    transform: scale(1) translateY(0);\n}\n\n.aquatic-stat.is-visible .water-sub {\n    opacity: 1;\n}\n<\/style>\n\n<script>\ndocument.addEventListener('scroll', function() {\n    const section = document.querySelector('.aquatic-stat');\n    const rect = section.getBoundingClientRect();\n    \n    \/\/ D\u00e9clenchement d\u00e8s que le haut du bloc touche le bas de l'\u00e9cran\n    if (rect.top < window.innerHeight - 100) {\n        section.classList.add('is-visible');\n    }\n});\n<\/script>\t\t\t\t<\/div>\n\t\t\t\t<\/div>\n\t\t<div class=\"elementor-element elementor-element-8c396e5 e-con-full e-flex e-con e-child\" data-id=\"8c396e5\" data-element_type=\"container\">\n\t\t\t\t<div class=\"elementor-element elementor-element-6a44f94 elementor-widget elementor-widget-html\" data-id=\"6a44f94\" data-element_type=\"widget\" data-widget_type=\"html.default\">\n\t\t\t\t\t<div class=\"aquatic-stat-7\">\n    <span class=\"water-number-7\">7<\/span>\n    <p class=\"water-sub-7\">ans de confiance \u00e0 vos c\u00f4t\u00e9s<\/p>\n<\/div>\n\n<style>\n\/* Conteneur principal *\/\n.aquatic-stat-7 {\n    text-align: center;\n    padding: 60px 0;\n    perspective: 100px;\n}\n\n\/* Le chiffre 7 : taille 70 et effet aquatique *\/\n.water-number-7 {\n    display: block;\n    font-family: 'Montserrat', sans-serif;\n    font-weight: 7000;\n    font-size: 70px; \/* Taille demand\u00e9e *\/\n    color: #fff;\n    opacity: 0;\n    filter: blur(10px);\n    transform: scale(0.8) translateY(10px);\n    transition: all 1.2s cubic-bezier(0.22, 1, 0.36, 1);\n}\n\n\/* Le texte : taille 14 *\/\n.water-sub-7 {\n    font-family: 'Montserrat', sans-serif;\n    color: #fff;\n    font-size: 18px; \/* Taille demand\u00e9e *\/\n    letter-spacing: 2px;\n    text-transform: uppercase;\n    opacity: 0;\n    margin-top: 5px;\n    transition: opacity 1s ease 0.5s;\n}\n\n\/* Animation au scroll *\/\n.aquatic-stat-7.is-visible .water-number-7 {\n    opacity: 1;\n    filter: blur(0);\n    transform: scale(1) translateY(0);\n}\n\n.aquatic-stat-7.is-visible .water-sub-7 {\n    opacity: 1;\n}\n<\/style>\n\n<script>\ndocument.addEventListener('scroll', function() {\n    const section7 = document.querySelector('.aquatic-stat-7');\n    if (section7) {\n        const rect7 = section7.getBoundingClientRect();\n        if (rect7.top < window.innerHeight - 50) {\n            section7.classList.add('is-visible');\n        }\n    }\n});\n<\/script>\t\t\t\t<\/div>\n\t\t\t\t<\/div>\n\t\t<div class=\"elementor-element elementor-element-71e6f69 e-con-full e-flex e-con e-child\" data-id=\"71e6f69\" data-element_type=\"container\">\n\t\t\t\t<div class=\"elementor-element elementor-element-d45d150 elementor-widget elementor-widget-html\" data-id=\"d45d150\" data-element_type=\"widget\" data-widget_type=\"html.default\">\n\t\t\t\t\t<div class=\"aquatic-stat-34-white\">\n    <span class=\"water-number-34-white\">34<\/span>\n    <p class=\"water-sub-34-white\">Bas\u00e9 \u00e0 Bessan<\/p>\n<\/div>\n\n<style>\n\/* Conteneur principal *\/\n.aquatic-stat-34-white {\n    text-align: center;\n    padding: 60px 0;\n    perspective: 1000px;\n}\n\n\/* Le chiffre 34 : Blanc, Taille 70 et FIN (300) *\/\n.water-number-34-white {\n    display: block;\n    font-family: 'Montserrat', sans-serif;\n    font-weight: 400; \/* Plus fin *\/\n    font-size: 70px; \n    color: #ffffff; \/* Blanc *\/\n    opacity: 0;\n    filter: blur(15px);\n    transform: scale(0.8) translateY(30px);\n    transition: all 1.2s cubic-bezier(0.22, 1, 0.36, 1);\n}\n\n\/* Le texte : Blanc, Taille 14 *\/\n.water-sub-34-white {\n    font-family: 'Montserrat', sans-serif;\n    color: #ffffff; \/* Blanc *\/\n    font-size: 18px;\n    letter-spacing: 2px;\n    text-transform: uppercase;\n    opacity: 0;\n    margin-top: 5px;\n    transition: opacity 1s ease 0.5s;\n}\n\n\/* Animation au scroll *\/\n.aquatic-stat-34-white.is-visible .water-number-34-white {\n    opacity: 1;\n    filter: blur(0);\n    transform: scale(1) translateY(0);\n}\n\n.aquatic-stat-34-white.is-visible .water-sub-34-white {\n    opacity: 1;\n}\n<\/style>\n\n<script>\ndocument.addEventListener('scroll', function() {\n    const section34w = document.querySelector('.aquatic-stat-34-white');\n    if (section34w) {\n        const rect34w = section34w.getBoundingClientRect();\n        if (rect34w.top < window.innerHeight - 50) {\n            section34w.classList.add('is-visible');\n        }\n    }\n});\n<\/script>\t\t\t\t<\/div>\n\t\t\t\t<\/div>\n\t\t\t\t\t<\/div>\n\t\t\t\t<\/div>\n\t\t<div class=\"elementor-element elementor-element-8a3c06b e-flex e-con-boxed e-con e-parent\" data-id=\"8a3c06b\" data-element_type=\"container\" data-settings=\"{&quot;background_background&quot;:&quot;classic&quot;}\">\n\t\t\t\t\t<div class=\"e-con-inner\">\n\t\t\t\t<div class=\"elementor-element elementor-element-f6fc741 elementor-widget__width-inherit elementor-widget elementor-widget-text-editor\" data-id=\"f6fc741\" data-element_type=\"widget\" data-widget_type=\"text-editor.default\">\n\t\t\t\t\t\t\t\t\t<p data-path-to-node=\"7\"><b data-path-to-node=\"7\" data-index-in-node=\"0\">Passionn\u00e9 par l\u2019univers de la piscine depuis plus de douze ans<\/b>, S\u00e9bastien a acquis au fil des ann\u00e9es une solide exp\u00e9rience et un v\u00e9ritable savoir-faire dans la construction, la r\u00e9novation et l\u2019entretien de piscines.<\/p><p data-path-to-node=\"8\">Il y a sept ans, il a fond\u00e9 <b data-path-to-node=\"8\" data-index-in-node=\"28\">Pools Paradise<\/b> avec une ambition claire : proposer \u00e0 ses clients des prestations de qualit\u00e9, un accompagnement personnalis\u00e9 et des r\u00e9alisations durables, adapt\u00e9es \u00e0 leurs envies comme \u00e0 leur budget.<\/p><p data-path-to-node=\"9\">Install\u00e9 \u00e0 <b data-path-to-node=\"9\" data-index-in-node=\"11\">Bessan<\/b>, il intervient avec s\u00e9rieux et professionnalisme pour concr\u00e9tiser vos projets et faire de votre piscine un v\u00e9ritable espace de d\u00e9tente et de plaisir.<\/p>\t\t\t\t\t\t\t\t<\/div>\n\t\t\t\t\t<\/div>\n\t\t\t\t<\/div>\n\t\t\t\t<\/div>\n\t\t","protected":false},"excerpt":{"rendered":"<p>Notre histoire Parce qu&rsquo;avant d&rsquo;\u00eatre une installation technique, votre piscine est le miroir de vos plus beaux \u00e9t\u00e9s. Mon savoir-faire au service de votre s\u00e9r\u00e9nit\u00e9 La piscine est un \u00e9quilibre entre technique et plaisir. Mon r\u00f4le est de ma\u00eetriser la m\u00e9canique et la chimie de votre bassin pour que vous n&rsquo;ayez qu&rsquo;une seule chose \u00e0 [&hellip;]<\/p>\n","protected":false},"author":1,"featured_media":0,"parent":0,"menu_order":0,"comment_status":"closed","ping_status":"closed","template":"","meta":{"footnotes":""},"class_list":["post-19","page","type-page","status-publish","hentry"],"yoast_head":"<!-- This site is optimized with the Yoast SEO plugin v26.8 - https:\/\/yoast.com\/product\/yoast-seo-wordpress\/ -->\n<title>D\u00e9couvrez Pools Paradise : Votre Expert en Piscines Coques<\/title>\n<meta name=\"description\" content=\"D\u00e9couvrez Pools Paradise, le sp\u00e9cialiste de la piscine coque haute qualit\u00e9. Installation rapide, garantie d\u00e9cennale et devis gratuit.\" \/>\n<meta name=\"robots\" content=\"index, follow, max-snippet:-1, max-image-preview:large, max-video-preview:-1\" \/>\n<link rel=\"canonical\" href=\"https:\/\/poolsparadise.fr\/?page_id=19\" \/>\n<meta property=\"og:locale\" content=\"fr_FR\" \/>\n<meta property=\"og:type\" content=\"article\" \/>\n<meta property=\"og:title\" content=\"D\u00e9couvrez Pools Paradise : Votre Expert en Piscines Coques\" \/>\n<meta property=\"og:description\" content=\"D\u00e9couvrez Pools Paradise, le sp\u00e9cialiste de la piscine coque haute qualit\u00e9. Installation rapide, garantie d\u00e9cennale et devis gratuit.\" \/>\n<meta property=\"og:url\" content=\"https:\/\/poolsparadise.fr\/?page_id=19\" \/>\n<meta property=\"og:site_name\" content=\"Pools Paradise\" \/>\n<meta property=\"article:modified_time\" content=\"2026-03-02T09:50:47+00:00\" \/>\n<meta property=\"og:image\" content=\"http:\/\/poolsparadise.fr\/wp-content\/uploads\/2021\/03\/pool-3247933_1920-1024x683.jpg\" \/>\n<meta name=\"twitter:card\" content=\"summary_large_image\" \/>\n<meta name=\"twitter:label1\" content=\"Dur\u00e9e de lecture estim\u00e9e\" \/>\n\t<meta name=\"twitter:data1\" content=\"2 minutes\" \/>\n<script type=\"application\/ld+json\" class=\"yoast-schema-graph\">{\"@context\":\"https:\/\/schema.org\",\"@graph\":[{\"@type\":\"WebPage\",\"@id\":\"https:\/\/poolsparadise.fr\/?page_id=19\",\"url\":\"https:\/\/poolsparadise.fr\/?page_id=19\",\"name\":\"D\u00e9couvrez Pools Paradise : Votre Expert en Piscines Coques\",\"isPartOf\":{\"@id\":\"https:\/\/poolsparadise.fr\/#website\"},\"primaryImageOfPage\":{\"@id\":\"https:\/\/poolsparadise.fr\/?page_id=19#primaryimage\"},\"image\":{\"@id\":\"https:\/\/poolsparadise.fr\/?page_id=19#primaryimage\"},\"thumbnailUrl\":\"http:\/\/poolsparadise.fr\/wp-content\/uploads\/2021\/03\/pool-3247933_1920-1024x683.jpg\",\"datePublished\":\"2021-02-16T12:43:02+00:00\",\"dateModified\":\"2026-03-02T09:50:47+00:00\",\"description\":\"D\u00e9couvrez Pools Paradise, le sp\u00e9cialiste de la piscine coque haute qualit\u00e9. Installation rapide, garantie d\u00e9cennale et devis gratuit.\",\"breadcrumb\":{\"@id\":\"https:\/\/poolsparadise.fr\/?page_id=19#breadcrumb\"},\"inLanguage\":\"fr-FR\",\"potentialAction\":[{\"@type\":\"ReadAction\",\"target\":[\"https:\/\/poolsparadise.fr\/?page_id=19\"]}]},{\"@type\":\"ImageObject\",\"inLanguage\":\"fr-FR\",\"@id\":\"https:\/\/poolsparadise.fr\/?page_id=19#primaryimage\",\"url\":\"http:\/\/poolsparadise.fr\/wp-content\/uploads\/2021\/03\/pool-3247933_1920-1024x683.jpg\",\"contentUrl\":\"http:\/\/poolsparadise.fr\/wp-content\/uploads\/2021\/03\/pool-3247933_1920-1024x683.jpg\"},{\"@type\":\"BreadcrumbList\",\"@id\":\"https:\/\/poolsparadise.fr\/?page_id=19#breadcrumb\",\"itemListElement\":[{\"@type\":\"ListItem\",\"position\":1,\"name\":\"Accueil\",\"item\":\"https:\/\/poolsparadise.fr\/\"},{\"@type\":\"ListItem\",\"position\":2,\"name\":\"\u00c0 propos de\"}]},{\"@type\":\"WebSite\",\"@id\":\"https:\/\/poolsparadise.fr\/#website\",\"url\":\"https:\/\/poolsparadise.fr\/\",\"name\":\"Pools Paradise\",\"description\":\"\",\"publisher\":{\"@id\":\"https:\/\/poolsparadise.fr\/#organization\"},\"potentialAction\":[{\"@type\":\"SearchAction\",\"target\":{\"@type\":\"EntryPoint\",\"urlTemplate\":\"https:\/\/poolsparadise.fr\/?s={search_term_string}\"},\"query-input\":{\"@type\":\"PropertyValueSpecification\",\"valueRequired\":true,\"valueName\":\"search_term_string\"}}],\"inLanguage\":\"fr-FR\"},{\"@type\":\"Organization\",\"@id\":\"https:\/\/poolsparadise.fr\/#organization\",\"name\":\"Pools Paradise\",\"url\":\"https:\/\/poolsparadise.fr\/\",\"logo\":{\"@type\":\"ImageObject\",\"inLanguage\":\"fr-FR\",\"@id\":\"https:\/\/poolsparadise.fr\/#\/schema\/logo\/image\/\",\"url\":\"https:\/\/poolsparadise.fr\/wp-content\/uploads\/2026\/01\/LOGO-HD-TRANSPARENCE-1536x1262-1.png\",\"contentUrl\":\"https:\/\/poolsparadise.fr\/wp-content\/uploads\/2026\/01\/LOGO-HD-TRANSPARENCE-1536x1262-1.png\",\"width\":1536,\"height\":1262,\"caption\":\"Pools Paradise\"},\"image\":{\"@id\":\"https:\/\/poolsparadise.fr\/#\/schema\/logo\/image\/\"}}]}<\/script>\n<!-- \/ Yoast SEO plugin. -->","yoast_head_json":{"title":"D\u00e9couvrez Pools Paradise : Votre Expert en Piscines Coques","description":"D\u00e9couvrez Pools Paradise, le sp\u00e9cialiste de la piscine coque haute qualit\u00e9. Installation rapide, garantie d\u00e9cennale et devis gratuit.","robots":{"index":"index","follow":"follow","max-snippet":"max-snippet:-1","max-image-preview":"max-image-preview:large","max-video-preview":"max-video-preview:-1"},"canonical":"https:\/\/poolsparadise.fr\/?page_id=19","og_locale":"fr_FR","og_type":"article","og_title":"D\u00e9couvrez Pools Paradise : Votre Expert en Piscines Coques","og_description":"D\u00e9couvrez Pools Paradise, le sp\u00e9cialiste de la piscine coque haute qualit\u00e9. Installation rapide, garantie d\u00e9cennale et devis gratuit.","og_url":"https:\/\/poolsparadise.fr\/?page_id=19","og_site_name":"Pools Paradise","article_modified_time":"2026-03-02T09:50:47+00:00","og_image":[{"url":"http:\/\/poolsparadise.fr\/wp-content\/uploads\/2021\/03\/pool-3247933_1920-1024x683.jpg","type":"","width":"","height":""}],"twitter_card":"summary_large_image","twitter_misc":{"Dur\u00e9e de lecture estim\u00e9e":"2 minutes"},"schema":{"@context":"https:\/\/schema.org","@graph":[{"@type":"WebPage","@id":"https:\/\/poolsparadise.fr\/?page_id=19","url":"https:\/\/poolsparadise.fr\/?page_id=19","name":"D\u00e9couvrez Pools Paradise : Votre Expert en Piscines Coques","isPartOf":{"@id":"https:\/\/poolsparadise.fr\/#website"},"primaryImageOfPage":{"@id":"https:\/\/poolsparadise.fr\/?page_id=19#primaryimage"},"image":{"@id":"https:\/\/poolsparadise.fr\/?page_id=19#primaryimage"},"thumbnailUrl":"http:\/\/poolsparadise.fr\/wp-content\/uploads\/2021\/03\/pool-3247933_1920-1024x683.jpg","datePublished":"2021-02-16T12:43:02+00:00","dateModified":"2026-03-02T09:50:47+00:00","description":"D\u00e9couvrez Pools Paradise, le sp\u00e9cialiste de la piscine coque haute qualit\u00e9. Installation rapide, garantie d\u00e9cennale et devis gratuit.","breadcrumb":{"@id":"https:\/\/poolsparadise.fr\/?page_id=19#breadcrumb"},"inLanguage":"fr-FR","potentialAction":[{"@type":"ReadAction","target":["https:\/\/poolsparadise.fr\/?page_id=19"]}]},{"@type":"ImageObject","inLanguage":"fr-FR","@id":"https:\/\/poolsparadise.fr\/?page_id=19#primaryimage","url":"http:\/\/poolsparadise.fr\/wp-content\/uploads\/2021\/03\/pool-3247933_1920-1024x683.jpg","contentUrl":"http:\/\/poolsparadise.fr\/wp-content\/uploads\/2021\/03\/pool-3247933_1920-1024x683.jpg"},{"@type":"BreadcrumbList","@id":"https:\/\/poolsparadise.fr\/?page_id=19#breadcrumb","itemListElement":[{"@type":"ListItem","position":1,"name":"Accueil","item":"https:\/\/poolsparadise.fr\/"},{"@type":"ListItem","position":2,"name":"\u00c0 propos de"}]},{"@type":"WebSite","@id":"https:\/\/poolsparadise.fr\/#website","url":"https:\/\/poolsparadise.fr\/","name":"Pools Paradise","description":"","publisher":{"@id":"https:\/\/poolsparadise.fr\/#organization"},"potentialAction":[{"@type":"SearchAction","target":{"@type":"EntryPoint","urlTemplate":"https:\/\/poolsparadise.fr\/?s={search_term_string}"},"query-input":{"@type":"PropertyValueSpecification","valueRequired":true,"valueName":"search_term_string"}}],"inLanguage":"fr-FR"},{"@type":"Organization","@id":"https:\/\/poolsparadise.fr\/#organization","name":"Pools Paradise","url":"https:\/\/poolsparadise.fr\/","logo":{"@type":"ImageObject","inLanguage":"fr-FR","@id":"https:\/\/poolsparadise.fr\/#\/schema\/logo\/image\/","url":"https:\/\/poolsparadise.fr\/wp-content\/uploads\/2026\/01\/LOGO-HD-TRANSPARENCE-1536x1262-1.png","contentUrl":"https:\/\/poolsparadise.fr\/wp-content\/uploads\/2026\/01\/LOGO-HD-TRANSPARENCE-1536x1262-1.png","width":1536,"height":1262,"caption":"Pools Paradise"},"image":{"@id":"https:\/\/poolsparadise.fr\/#\/schema\/logo\/image\/"}}]}},"_links":{"self":[{"href":"https:\/\/poolsparadise.fr\/index.php?rest_route=\/wp\/v2\/pages\/19","targetHints":{"allow":["GET"]}}],"collection":[{"href":"https:\/\/poolsparadise.fr\/index.php?rest_route=\/wp\/v2\/pages"}],"about":[{"href":"https:\/\/poolsparadise.fr\/index.php?rest_route=\/wp\/v2\/types\/page"}],"author":[{"embeddable":true,"href":"https:\/\/poolsparadise.fr\/index.php?rest_route=\/wp\/v2\/users\/1"}],"replies":[{"embeddable":true,"href":"https:\/\/poolsparadise.fr\/index.php?rest_route=%2Fwp%2Fv2%2Fcomments&post=19"}],"version-history":[{"count":88,"href":"https:\/\/poolsparadise.fr\/index.php?rest_route=\/wp\/v2\/pages\/19\/revisions"}],"predecessor-version":[{"id":1954,"href":"https:\/\/poolsparadise.fr\/index.php?rest_route=\/wp\/v2\/pages\/19\/revisions\/1954"}],"wp:attachment":[{"href":"https:\/\/poolsparadise.fr\/index.php?rest_route=%2Fwp%2Fv2%2Fmedia&parent=19"}],"curies":[{"name":"wp","href":"https:\/\/api.w.org\/{rel}","templated":true}]}}