{"id":1840,"date":"2026-02-25T14:33:39","date_gmt":"2026-02-25T13:33:39","guid":{"rendered":"https:\/\/poolsparadise.fr\/?page_id=1840"},"modified":"2026-02-25T14:35:14","modified_gmt":"2026-02-25T13:35:14","slug":"materiel-filtration","status":"publish","type":"page","link":"https:\/\/poolsparadise.fr\/?page_id=1840","title":{"rendered":"Mat\u00e9riel filtration"},"content":{"rendered":"\t\t<div data-elementor-type=\"wp-page\" data-elementor-id=\"1840\" class=\"elementor elementor-1840\">\n\t\t\t\t<div class=\"elementor-element elementor-element-13cd370 e-flex e-con-boxed e-con e-parent\" data-id=\"13cd370\" data-element_type=\"container\">\n\t\t\t\t\t<div class=\"e-con-inner\">\n\t\t\t\t<div class=\"elementor-element elementor-element-9cbed38 elementor-widget elementor-widget-shortcode\" data-id=\"9cbed38\" data-element_type=\"widget\" data-widget_type=\"shortcode.default\">\n\t\t\t\t\t\t\t<div class=\"elementor-shortcode\"><div class=\"woocommerce columns-4 \"><ul class=\"products columns-4\">\n<li class=\"product type-product post-1804 status-publish first instock product_cat-materiel-filtration has-post-thumbnail shipping-taxable product-type-simple\">\n\t<a href=\"https:\/\/poolsparadise.fr\/?product=electrolyser-calycia\" class=\"woocommerce-LoopProduct-link woocommerce-loop-product__link\"><img fetchpriority=\"high\" decoding=\"async\" width=\"300\" height=\"300\" src=\"https:\/\/poolsparadise.fr\/wp-content\/uploads\/2026\/02\/34-300x300.png\" class=\"attachment-woocommerce_thumbnail size-woocommerce_thumbnail\" alt=\"\u00c9lectrolyser CALYCIA\" srcset=\"https:\/\/poolsparadise.fr\/wp-content\/uploads\/2026\/02\/34-300x300.png 300w, https:\/\/poolsparadise.fr\/wp-content\/uploads\/2026\/02\/34-150x150.png 150w, https:\/\/poolsparadise.fr\/wp-content\/uploads\/2026\/02\/34-100x100.png 100w\" sizes=\"(max-width: 300px) 100vw, 300px\" \/><h2 class=\"woocommerce-loop-product__title\">\u00c9lectrolyser CALYCIA<\/h2>\n<\/a><\/li>\n<li class=\"product type-product post-1802 status-publish instock product_cat-materiel-filtration has-post-thumbnail shipping-taxable product-type-simple\">\n\t<a href=\"https:\/\/poolsparadise.fr\/?product=filtre-a-cartouche-multi-elements\" class=\"woocommerce-LoopProduct-link woocommerce-loop-product__link\"><img decoding=\"async\" width=\"300\" height=\"300\" src=\"https:\/\/poolsparadise.fr\/wp-content\/uploads\/2026\/02\/32-300x300.png\" class=\"attachment-woocommerce_thumbnail size-woocommerce_thumbnail\" alt=\"Filtre \u00e0 cartouche - multi \u00e9l\u00e9ments\" srcset=\"https:\/\/poolsparadise.fr\/wp-content\/uploads\/2026\/02\/32-300x300.png 300w, https:\/\/poolsparadise.fr\/wp-content\/uploads\/2026\/02\/32-150x150.png 150w, https:\/\/poolsparadise.fr\/wp-content\/uploads\/2026\/02\/32-100x100.png 100w\" sizes=\"(max-width: 300px) 100vw, 300px\" \/><h2 class=\"woocommerce-loop-product__title\">Filtre \u00e0 cartouche &#8211; multi \u00e9l\u00e9ments<\/h2>\n<\/a><\/li>\n<li class=\"product type-product post-1800 status-publish instock product_cat-materiel-filtration has-post-thumbnail shipping-taxable product-type-simple\">\n\t<a href=\"https:\/\/poolsparadise.fr\/?product=filtre-a-sable\" class=\"woocommerce-LoopProduct-link woocommerce-loop-product__link\"><img decoding=\"async\" width=\"300\" height=\"300\" src=\"https:\/\/poolsparadise.fr\/wp-content\/uploads\/2026\/02\/31-300x300.png\" class=\"attachment-woocommerce_thumbnail size-woocommerce_thumbnail\" alt=\"Filtre \u00e0 sable\" srcset=\"https:\/\/poolsparadise.fr\/wp-content\/uploads\/2026\/02\/31-300x300.png 300w, https:\/\/poolsparadise.fr\/wp-content\/uploads\/2026\/02\/31-150x150.png 150w, https:\/\/poolsparadise.fr\/wp-content\/uploads\/2026\/02\/31-100x100.png 100w\" sizes=\"(max-width: 300px) 100vw, 300px\" \/><h2 class=\"woocommerce-loop-product__title\">Filtre \u00e0 sable<\/h2>\n<\/a><\/li>\n<li class=\"product type-product post-1798 status-publish last instock product_cat-materiel-filtration has-post-thumbnail shipping-taxable product-type-simple\">\n\t<a href=\"https:\/\/poolsparadise.fr\/?product=pompe-de-filtration-riverpump\" class=\"woocommerce-LoopProduct-link woocommerce-loop-product__link\"><img loading=\"lazy\" decoding=\"async\" width=\"300\" height=\"300\" src=\"https:\/\/poolsparadise.fr\/wp-content\/uploads\/2026\/02\/30-300x300.png\" class=\"attachment-woocommerce_thumbnail size-woocommerce_thumbnail\" alt=\"Pompe de filtration RIVERPUMP\" srcset=\"https:\/\/poolsparadise.fr\/wp-content\/uploads\/2026\/02\/30-300x300.png 300w, https:\/\/poolsparadise.fr\/wp-content\/uploads\/2026\/02\/30-150x150.png 150w, https:\/\/poolsparadise.fr\/wp-content\/uploads\/2026\/02\/30-100x100.png 100w\" sizes=\"(max-width: 300px) 100vw, 300px\" \/><h2 class=\"woocommerce-loop-product__title\">Pompe de filtration RIVERPUMP<\/h2>\n<\/a><\/li>\n<li class=\"product type-product post-1806 status-publish first instock product_cat-materiel-filtration has-post-thumbnail shipping-taxable product-type-simple\">\n\t<a href=\"https:\/\/poolsparadise.fr\/?product=pompe-ph-peristaltique-15l-h\" class=\"woocommerce-LoopProduct-link woocommerce-loop-product__link\"><img loading=\"lazy\" decoding=\"async\" width=\"300\" height=\"300\" src=\"https:\/\/poolsparadise.fr\/wp-content\/uploads\/2026\/02\/33-300x300.png\" class=\"attachment-woocommerce_thumbnail size-woocommerce_thumbnail\" alt=\"Pompe PH p\u00e9ristaltique  1,5L\/H\" srcset=\"https:\/\/poolsparadise.fr\/wp-content\/uploads\/2026\/02\/33-300x300.png 300w, https:\/\/poolsparadise.fr\/wp-content\/uploads\/2026\/02\/33-150x150.png 150w, https:\/\/poolsparadise.fr\/wp-content\/uploads\/2026\/02\/33-100x100.png 100w\" sizes=\"(max-width: 300px) 100vw, 300px\" \/><h2 class=\"woocommerce-loop-product__title\">Pompe PH p\u00e9ristaltique  1,5L\/H<\/h2>\n<\/a><\/li>\n<li class=\"product type-product post-1808 status-publish instock product_cat-materiel-filtration has-post-thumbnail shipping-taxable product-type-simple\">\n\t<a href=\"https:\/\/poolsparadise.fr\/?product=pompe-ph-peristaltique-4l-h\" class=\"woocommerce-LoopProduct-link woocommerce-loop-product__link\"><img loading=\"lazy\" decoding=\"async\" width=\"300\" height=\"300\" src=\"https:\/\/poolsparadise.fr\/wp-content\/uploads\/2026\/02\/35-300x300.png\" class=\"attachment-woocommerce_thumbnail size-woocommerce_thumbnail\" alt=\"Pompe PH p\u00e9ristaltique 4L\/H\" srcset=\"https:\/\/poolsparadise.fr\/wp-content\/uploads\/2026\/02\/35-300x300.png 300w, https:\/\/poolsparadise.fr\/wp-content\/uploads\/2026\/02\/35-150x150.png 150w, https:\/\/poolsparadise.fr\/wp-content\/uploads\/2026\/02\/35-100x100.png 100w\" sizes=\"(max-width: 300px) 100vw, 300px\" \/><h2 class=\"woocommerce-loop-product__title\">Pompe PH p\u00e9ristaltique 4L\/H<\/h2>\n<\/a><\/li>\n<\/ul>\n<\/div><\/div>\n\t\t\t\t\t\t<\/div>\n\t\t\t\t<div class=\"elementor-element elementor-element-44f698f elementor-widget elementor-widget-html\" data-id=\"44f698f\" data-element_type=\"widget\" data-widget_type=\"html.default\">\n\t\t\t\t\t<style>\n\/* Centrer les titres *\/\n.woocommerce-loop-product__title {\n    text-align: center !important;\n    color: #1c4389 !important;\n    font-weight: 600 !important;\n    transition: 0.3s ease;\n}\n\n\/* Couleur au survol *\/\n.woocommerce-loop-product__title:hover {\n    color: #fac140 !important;\n}\n\n\/* Images arrondies *\/\n.woocommerce ul.products li.product img {\n    border-radius: 18px !important;\n}\n<\/style>\t\t\t\t<\/div>\n\t\t\t\t\t<\/div>\n\t\t\t\t<\/div>\n\t\t\t\t<\/div>\n\t\t","protected":false},"excerpt":{"rendered":"","protected":false},"author":1,"featured_media":0,"parent":0,"menu_order":0,"comment_status":"closed","ping_status":"closed","template":"","meta":{"footnotes":""},"class_list":["post-1840","page","type-page","status-publish","hentry"],"yoast_head":"<!-- This site is optimized with the Yoast SEO plugin v26.8 - https:\/\/yoast.com\/product\/yoast-seo-wordpress\/ -->\n<title>Mat\u00e9riel filtration - Pools Paradise<\/title>\n<meta name=\"robots\" content=\"index, follow, max-snippet:-1, max-image-preview:large, max-video-preview:-1\" \/>\n<link rel=\"canonical\" href=\"https:\/\/poolsparadise.fr\/?page_id=1840\" \/>\n<meta property=\"og:locale\" content=\"fr_FR\" \/>\n<meta property=\"og:type\" content=\"article\" \/>\n<meta property=\"og:title\" content=\"Mat\u00e9riel filtration - Pools Paradise\" \/>\n<meta property=\"og:url\" content=\"https:\/\/poolsparadise.fr\/?page_id=1840\" \/>\n<meta property=\"og:site_name\" content=\"Pools Paradise\" \/>\n<meta property=\"article:modified_time\" content=\"2026-02-25T13:35:14+00:00\" \/>\n<meta name=\"twitter:card\" content=\"summary_large_image\" \/>\n<meta name=\"twitter:label1\" content=\"Dur\u00e9e de lecture estim\u00e9e\" \/>\n\t<meta name=\"twitter:data1\" content=\"2 minutes\" \/>\n<script type=\"application\/ld+json\" class=\"yoast-schema-graph\">{\"@context\":\"https:\/\/schema.org\",\"@graph\":[{\"@type\":\"WebPage\",\"@id\":\"https:\/\/poolsparadise.fr\/?page_id=1840\",\"url\":\"https:\/\/poolsparadise.fr\/?page_id=1840\",\"name\":\"Mat\u00e9riel filtration - Pools Paradise\",\"isPartOf\":{\"@id\":\"https:\/\/poolsparadise.fr\/#website\"},\"datePublished\":\"2026-02-25T13:33:39+00:00\",\"dateModified\":\"2026-02-25T13:35:14+00:00\",\"breadcrumb\":{\"@id\":\"https:\/\/poolsparadise.fr\/?page_id=1840#breadcrumb\"},\"inLanguage\":\"fr-FR\",\"potentialAction\":[{\"@type\":\"ReadAction\",\"target\":[\"https:\/\/poolsparadise.fr\/?page_id=1840\"]}]},{\"@type\":\"BreadcrumbList\",\"@id\":\"https:\/\/poolsparadise.fr\/?page_id=1840#breadcrumb\",\"itemListElement\":[{\"@type\":\"ListItem\",\"position\":1,\"name\":\"Accueil\",\"item\":\"https:\/\/poolsparadise.fr\/\"},{\"@type\":\"ListItem\",\"position\":2,\"name\":\"Mat\u00e9riel filtration\"}]},{\"@type\":\"WebSite\",\"@id\":\"https:\/\/poolsparadise.fr\/#website\",\"url\":\"https:\/\/poolsparadise.fr\/\",\"name\":\"Pools Paradise\",\"description\":\"\",\"publisher\":{\"@id\":\"https:\/\/poolsparadise.fr\/#organization\"},\"potentialAction\":[{\"@type\":\"SearchAction\",\"target\":{\"@type\":\"EntryPoint\",\"urlTemplate\":\"https:\/\/poolsparadise.fr\/?s={search_term_string}\"},\"query-input\":{\"@type\":\"PropertyValueSpecification\",\"valueRequired\":true,\"valueName\":\"search_term_string\"}}],\"inLanguage\":\"fr-FR\"},{\"@type\":\"Organization\",\"@id\":\"https:\/\/poolsparadise.fr\/#organization\",\"name\":\"Pools Paradise\",\"url\":\"https:\/\/poolsparadise.fr\/\",\"logo\":{\"@type\":\"ImageObject\",\"inLanguage\":\"fr-FR\",\"@id\":\"https:\/\/poolsparadise.fr\/#\/schema\/logo\/image\/\",\"url\":\"https:\/\/poolsparadise.fr\/wp-content\/uploads\/2026\/01\/LOGO-HD-TRANSPARENCE-1536x1262-1.png\",\"contentUrl\":\"https:\/\/poolsparadise.fr\/wp-content\/uploads\/2026\/01\/LOGO-HD-TRANSPARENCE-1536x1262-1.png\",\"width\":1536,\"height\":1262,\"caption\":\"Pools Paradise\"},\"image\":{\"@id\":\"https:\/\/poolsparadise.fr\/#\/schema\/logo\/image\/\"}}]}<\/script>\n<!-- \/ Yoast SEO plugin. -->","yoast_head_json":{"title":"Mat\u00e9riel filtration - Pools Paradise","robots":{"index":"index","follow":"follow","max-snippet":"max-snippet:-1","max-image-preview":"max-image-preview:large","max-video-preview":"max-video-preview:-1"},"canonical":"https:\/\/poolsparadise.fr\/?page_id=1840","og_locale":"fr_FR","og_type":"article","og_title":"Mat\u00e9riel filtration - Pools Paradise","og_url":"https:\/\/poolsparadise.fr\/?page_id=1840","og_site_name":"Pools Paradise","article_modified_time":"2026-02-25T13:35:14+00:00","twitter_card":"summary_large_image","twitter_misc":{"Dur\u00e9e de lecture estim\u00e9e":"2 minutes"},"schema":{"@context":"https:\/\/schema.org","@graph":[{"@type":"WebPage","@id":"https:\/\/poolsparadise.fr\/?page_id=1840","url":"https:\/\/poolsparadise.fr\/?page_id=1840","name":"Mat\u00e9riel filtration - Pools Paradise","isPartOf":{"@id":"https:\/\/poolsparadise.fr\/#website"},"datePublished":"2026-02-25T13:33:39+00:00","dateModified":"2026-02-25T13:35:14+00:00","breadcrumb":{"@id":"https:\/\/poolsparadise.fr\/?page_id=1840#breadcrumb"},"inLanguage":"fr-FR","potentialAction":[{"@type":"ReadAction","target":["https:\/\/poolsparadise.fr\/?page_id=1840"]}]},{"@type":"BreadcrumbList","@id":"https:\/\/poolsparadise.fr\/?page_id=1840#breadcrumb","itemListElement":[{"@type":"ListItem","position":1,"name":"Accueil","item":"https:\/\/poolsparadise.fr\/"},{"@type":"ListItem","position":2,"name":"Mat\u00e9riel filtration"}]},{"@type":"WebSite","@id":"https:\/\/poolsparadise.fr\/#website","url":"https:\/\/poolsparadise.fr\/","name":"Pools Paradise","description":"","publisher":{"@id":"https:\/\/poolsparadise.fr\/#organization"},"potentialAction":[{"@type":"SearchAction","target":{"@type":"EntryPoint","urlTemplate":"https:\/\/poolsparadise.fr\/?s={search_term_string}"},"query-input":{"@type":"PropertyValueSpecification","valueRequired":true,"valueName":"search_term_string"}}],"inLanguage":"fr-FR"},{"@type":"Organization","@id":"https:\/\/poolsparadise.fr\/#organization","name":"Pools Paradise","url":"https:\/\/poolsparadise.fr\/","logo":{"@type":"ImageObject","inLanguage":"fr-FR","@id":"https:\/\/poolsparadise.fr\/#\/schema\/logo\/image\/","url":"https:\/\/poolsparadise.fr\/wp-content\/uploads\/2026\/01\/LOGO-HD-TRANSPARENCE-1536x1262-1.png","contentUrl":"https:\/\/poolsparadise.fr\/wp-content\/uploads\/2026\/01\/LOGO-HD-TRANSPARENCE-1536x1262-1.png","width":1536,"height":1262,"caption":"Pools Paradise"},"image":{"@id":"https:\/\/poolsparadise.fr\/#\/schema\/logo\/image\/"}}]}},"_links":{"self":[{"href":"https:\/\/poolsparadise.fr\/index.php?rest_route=\/wp\/v2\/pages\/1840","targetHints":{"allow":["GET"]}}],"collection":[{"href":"https:\/\/poolsparadise.fr\/index.php?rest_route=\/wp\/v2\/pages"}],"about":[{"href":"https:\/\/poolsparadise.fr\/index.php?rest_route=\/wp\/v2\/types\/page"}],"author":[{"embeddable":true,"href":"https:\/\/poolsparadise.fr\/index.php?rest_route=\/wp\/v2\/users\/1"}],"replies":[{"embeddable":true,"href":"https:\/\/poolsparadise.fr\/index.php?rest_route=%2Fwp%2Fv2%2Fcomments&post=1840"}],"version-history":[{"count":4,"href":"https:\/\/poolsparadise.fr\/index.php?rest_route=\/wp\/v2\/pages\/1840\/revisions"}],"predecessor-version":[{"id":1845,"href":"https:\/\/poolsparadise.fr\/index.php?rest_route=\/wp\/v2\/pages\/1840\/revisions\/1845"}],"wp:attachment":[{"href":"https:\/\/poolsparadise.fr\/index.php?rest_route=%2Fwp%2Fv2%2Fmedia&parent=1840"}],"curies":[{"name":"wp","href":"https:\/\/api.w.org\/{rel}","templated":true}]}}