{"id":1290,"date":"2026-02-18T15:44:49","date_gmt":"2026-02-18T14:44:49","guid":{"rendered":"https:\/\/poolsparadise.fr\/?page_id=1290"},"modified":"2026-02-25T15:41:33","modified_gmt":"2026-02-25T14:41:33","slug":"catalogue","status":"publish","type":"page","link":"https:\/\/poolsparadise.fr\/?page_id=1290","title":{"rendered":"catalogue"},"content":{"rendered":"\t\t<div data-elementor-type=\"wp-page\" data-elementor-id=\"1290\" class=\"elementor elementor-1290\">\n\t\t\t\t<div class=\"elementor-element elementor-element-9901933 e-flex e-con-boxed e-con e-parent\" data-id=\"9901933\" data-element_type=\"container\">\n\t\t\t\t\t<div class=\"e-con-inner\">\n\t\t\t\t<div class=\"elementor-element elementor-element-f9df70d elementor-widget__width-inherit elementor-widget elementor-widget-heading\" data-id=\"f9df70d\" data-element_type=\"widget\" data-widget_type=\"heading.default\">\n\t\t\t\t\t<h2 class=\"elementor-heading-title elementor-size-default\">D\u00e9couvrez nos mod\u00e8les de piscines<\/h2>\t\t\t\t<\/div>\n\t\t\t\t\t<\/div>\n\t\t\t\t<\/div>\n\t\t<div class=\"elementor-element elementor-element-aafd3af e-flex e-con-boxed e-con e-parent\" data-id=\"aafd3af\" data-element_type=\"container\">\n\t\t\t\t\t<div class=\"e-con-inner\">\n\t\t\t\t<div class=\"elementor-element elementor-element-3e15e61 elementor-widget__width-inherit elementor-widget elementor-widget-text-editor\" data-id=\"3e15e61\" data-element_type=\"widget\" data-widget_type=\"text-editor.default\">\n\t\t\t\t\t\t\t\t\t<p class=\"p1\">D\u00e9couvrez \u00e0 travers nos catalogues une s\u00e9lection de piscines adapt\u00e9es \u00e0 tous les projets et \u00e0 tous les budgets.<\/p><p class=\"p1\">Nous vous accompagnons dans le choix du mod\u00e8le id\u00e9al pour concr\u00e9tiser votre projet en toute s\u00e9r\u00e9nit\u00e9.<\/p>\t\t\t\t\t\t\t\t<\/div>\n\t\t\t\t\t<\/div>\n\t\t\t\t<\/div>\n\t\t<div class=\"elementor-element elementor-element-87a7a12 e-flex e-con-boxed e-con e-parent\" data-id=\"87a7a12\" data-element_type=\"container\" data-settings=\"{&quot;background_background&quot;:&quot;classic&quot;}\">\n\t\t\t\t\t<div class=\"e-con-inner\">\n\t\t<div class=\"elementor-element elementor-element-0d05292 e-con-full e-flex e-con e-child\" data-id=\"0d05292\" data-element_type=\"container\">\n\t\t\t\t<div class=\"elementor-element elementor-element-f51dc00 elementor-widget elementor-widget-image\" data-id=\"f51dc00\" data-element_type=\"widget\" data-widget_type=\"image.default\">\n\t\t\t\t\t\t\t\t\t\t\t\t\t\t\t\t<a href=\"https:\/\/www.revdeau.com\/wp-content\/uploads\/2022\/09\/CATALOGUE-MDP-CERAMIC-REVDEAU.pdf\">\n\t\t\t\t\t\t\t<img fetchpriority=\"high\" decoding=\"async\" width=\"800\" height=\"803\" src=\"https:\/\/poolsparadise.fr\/wp-content\/uploads\/2026\/02\/Capture-decran-2026-02-25-a-15.15.10-e1772029463183.png\" class=\"attachment-large size-large wp-image-1884\" alt=\"\" srcset=\"https:\/\/poolsparadise.fr\/wp-content\/uploads\/2026\/02\/Capture-decran-2026-02-25-a-15.15.10-e1772029463183.png 883w, https:\/\/poolsparadise.fr\/wp-content\/uploads\/2026\/02\/Capture-decran-2026-02-25-a-15.15.10-e1772029463183-300x300.png 300w, https:\/\/poolsparadise.fr\/wp-content\/uploads\/2026\/02\/Capture-decran-2026-02-25-a-15.15.10-e1772029463183-150x150.png 150w, https:\/\/poolsparadise.fr\/wp-content\/uploads\/2026\/02\/Capture-decran-2026-02-25-a-15.15.10-e1772029463183-768x771.png 768w, https:\/\/poolsparadise.fr\/wp-content\/uploads\/2026\/02\/Capture-decran-2026-02-25-a-15.15.10-e1772029463183-600x602.png 600w, https:\/\/poolsparadise.fr\/wp-content\/uploads\/2026\/02\/Capture-decran-2026-02-25-a-15.15.10-e1772029463183-100x100.png 100w\" sizes=\"(max-width: 800px) 100vw, 800px\" \/>\t\t\t\t\t\t\t\t<\/a>\n\t\t\t\t\t\t\t\t\t\t\t\t\t\t\t<\/div>\n\t\t\t\t<\/div>\n\t\t<div class=\"elementor-element elementor-element-0d99c9a e-con-full e-flex e-con e-child\" data-id=\"0d99c9a\" data-element_type=\"container\">\n\t\t\t\t<\/div>\n\t\t<div class=\"elementor-element elementor-element-897a21c e-con-full e-flex e-con e-child\" data-id=\"897a21c\" data-element_type=\"container\">\n\t\t\t\t<div class=\"elementor-element elementor-element-8665a46 elementor-widget elementor-widget-image\" data-id=\"8665a46\" data-element_type=\"widget\" data-widget_type=\"image.default\">\n\t\t\t\t\t\t\t\t\t\t\t\t\t\t\t\t<a href=\"https:\/\/www.piscinesmondepra.com\/wp-content\/uploads\/2026\/01\/FR_MDP_ClientsFinals_v1_2026_-FINAL_compressed-2.pdf\">\n\t\t\t\t\t\t\t<img decoding=\"async\" width=\"727\" height=\"1024\" src=\"https:\/\/poolsparadise.fr\/wp-content\/uploads\/2026\/02\/Capture-decran-2026-02-25-a-15.18.25-727x1024.png\" class=\"attachment-large size-large wp-image-1888\" alt=\"\" srcset=\"https:\/\/poolsparadise.fr\/wp-content\/uploads\/2026\/02\/Capture-decran-2026-02-25-a-15.18.25-727x1024.png 727w, https:\/\/poolsparadise.fr\/wp-content\/uploads\/2026\/02\/Capture-decran-2026-02-25-a-15.18.25-e1772029792221-212x300.png 212w\" sizes=\"(max-width: 727px) 100vw, 727px\" \/>\t\t\t\t\t\t\t\t<\/a>\n\t\t\t\t\t\t\t\t\t\t\t\t\t\t\t<\/div>\n\t\t\t\t<\/div>\n\t\t\t\t\t<\/div>\n\t\t\t\t<\/div>\n\t\t\t\t<\/div>\n\t\t","protected":false},"excerpt":{"rendered":"<p>D\u00e9couvrez nos mod\u00e8les de piscines D\u00e9couvrez \u00e0 travers nos catalogues une s\u00e9lection de piscines adapt\u00e9es \u00e0 tous les projets et \u00e0 tous les budgets. Nous vous accompagnons dans le choix du mod\u00e8le id\u00e9al pour concr\u00e9tiser votre projet en toute s\u00e9r\u00e9nit\u00e9.<\/p>\n","protected":false},"author":1,"featured_media":0,"parent":0,"menu_order":0,"comment_status":"closed","ping_status":"closed","template":"","meta":{"footnotes":""},"class_list":["post-1290","page","type-page","status-publish","hentry"],"yoast_head":"<!-- This site is optimized with the Yoast SEO plugin v26.8 - https:\/\/yoast.com\/product\/yoast-seo-wordpress\/ -->\n<title>catalogue - Pools Paradise<\/title>\n<meta name=\"robots\" content=\"index, follow, max-snippet:-1, max-image-preview:large, max-video-preview:-1\" \/>\n<link rel=\"canonical\" href=\"https:\/\/poolsparadise.fr\/?page_id=1290\" \/>\n<meta property=\"og:locale\" content=\"fr_FR\" \/>\n<meta property=\"og:type\" content=\"article\" \/>\n<meta property=\"og:title\" content=\"catalogue - Pools Paradise\" \/>\n<meta property=\"og:description\" content=\"D\u00e9couvrez nos mod\u00e8les de piscines D\u00e9couvrez \u00e0 travers nos catalogues une s\u00e9lection de piscines adapt\u00e9es \u00e0 tous les projets et \u00e0 tous les budgets. Nous vous accompagnons dans le choix du mod\u00e8le id\u00e9al pour concr\u00e9tiser votre projet en toute s\u00e9r\u00e9nit\u00e9.\" \/>\n<meta property=\"og:url\" content=\"https:\/\/poolsparadise.fr\/?page_id=1290\" \/>\n<meta property=\"og:site_name\" content=\"Pools Paradise\" \/>\n<meta property=\"article:modified_time\" content=\"2026-02-25T14:41:33+00:00\" \/>\n<meta property=\"og:image\" content=\"https:\/\/poolsparadise.fr\/wp-content\/uploads\/2026\/02\/Capture-decran-2026-02-25-a-15.15.10-e1772029463183.png\" \/>\n\t<meta property=\"og:image:width\" content=\"883\" \/>\n\t<meta property=\"og:image:height\" content=\"886\" \/>\n\t<meta property=\"og:image:type\" content=\"image\/png\" \/>\n<meta name=\"twitter:card\" content=\"summary_large_image\" \/>\n<meta name=\"twitter:label1\" content=\"Dur\u00e9e de lecture estim\u00e9e\" \/>\n\t<meta name=\"twitter:data1\" content=\"1 minute\" \/>\n<script type=\"application\/ld+json\" class=\"yoast-schema-graph\">{\"@context\":\"https:\/\/schema.org\",\"@graph\":[{\"@type\":\"WebPage\",\"@id\":\"https:\/\/poolsparadise.fr\/?page_id=1290\",\"url\":\"https:\/\/poolsparadise.fr\/?page_id=1290\",\"name\":\"catalogue - Pools Paradise\",\"isPartOf\":{\"@id\":\"https:\/\/poolsparadise.fr\/#website\"},\"primaryImageOfPage\":{\"@id\":\"https:\/\/poolsparadise.fr\/?page_id=1290#primaryimage\"},\"image\":{\"@id\":\"https:\/\/poolsparadise.fr\/?page_id=1290#primaryimage\"},\"thumbnailUrl\":\"http:\/\/poolsparadise.fr\/wp-content\/uploads\/2026\/02\/Capture-decran-2026-02-25-a-15.15.10-e1772029463183.png\",\"datePublished\":\"2026-02-18T14:44:49+00:00\",\"dateModified\":\"2026-02-25T14:41:33+00:00\",\"breadcrumb\":{\"@id\":\"https:\/\/poolsparadise.fr\/?page_id=1290#breadcrumb\"},\"inLanguage\":\"fr-FR\",\"potentialAction\":[{\"@type\":\"ReadAction\",\"target\":[\"https:\/\/poolsparadise.fr\/?page_id=1290\"]}]},{\"@type\":\"ImageObject\",\"inLanguage\":\"fr-FR\",\"@id\":\"https:\/\/poolsparadise.fr\/?page_id=1290#primaryimage\",\"url\":\"https:\/\/poolsparadise.fr\/wp-content\/uploads\/2026\/02\/Capture-decran-2026-02-25-a-15.15.10-e1772029463183.png\",\"contentUrl\":\"https:\/\/poolsparadise.fr\/wp-content\/uploads\/2026\/02\/Capture-decran-2026-02-25-a-15.15.10-e1772029463183.png\",\"width\":883,\"height\":886},{\"@type\":\"BreadcrumbList\",\"@id\":\"https:\/\/poolsparadise.fr\/?page_id=1290#breadcrumb\",\"itemListElement\":[{\"@type\":\"ListItem\",\"position\":1,\"name\":\"Accueil\",\"item\":\"https:\/\/poolsparadise.fr\/\"},{\"@type\":\"ListItem\",\"position\":2,\"name\":\"catalogue\"}]},{\"@type\":\"WebSite\",\"@id\":\"https:\/\/poolsparadise.fr\/#website\",\"url\":\"https:\/\/poolsparadise.fr\/\",\"name\":\"Pools Paradise\",\"description\":\"\",\"publisher\":{\"@id\":\"https:\/\/poolsparadise.fr\/#organization\"},\"potentialAction\":[{\"@type\":\"SearchAction\",\"target\":{\"@type\":\"EntryPoint\",\"urlTemplate\":\"https:\/\/poolsparadise.fr\/?s={search_term_string}\"},\"query-input\":{\"@type\":\"PropertyValueSpecification\",\"valueRequired\":true,\"valueName\":\"search_term_string\"}}],\"inLanguage\":\"fr-FR\"},{\"@type\":\"Organization\",\"@id\":\"https:\/\/poolsparadise.fr\/#organization\",\"name\":\"Pools Paradise\",\"url\":\"https:\/\/poolsparadise.fr\/\",\"logo\":{\"@type\":\"ImageObject\",\"inLanguage\":\"fr-FR\",\"@id\":\"https:\/\/poolsparadise.fr\/#\/schema\/logo\/image\/\",\"url\":\"https:\/\/poolsparadise.fr\/wp-content\/uploads\/2026\/01\/LOGO-HD-TRANSPARENCE-1536x1262-1.png\",\"contentUrl\":\"https:\/\/poolsparadise.fr\/wp-content\/uploads\/2026\/01\/LOGO-HD-TRANSPARENCE-1536x1262-1.png\",\"width\":1536,\"height\":1262,\"caption\":\"Pools Paradise\"},\"image\":{\"@id\":\"https:\/\/poolsparadise.fr\/#\/schema\/logo\/image\/\"}}]}<\/script>\n<!-- \/ Yoast SEO plugin. -->","yoast_head_json":{"title":"catalogue - Pools Paradise","robots":{"index":"index","follow":"follow","max-snippet":"max-snippet:-1","max-image-preview":"max-image-preview:large","max-video-preview":"max-video-preview:-1"},"canonical":"https:\/\/poolsparadise.fr\/?page_id=1290","og_locale":"fr_FR","og_type":"article","og_title":"catalogue - Pools Paradise","og_description":"D\u00e9couvrez nos mod\u00e8les de piscines D\u00e9couvrez \u00e0 travers nos catalogues une s\u00e9lection de piscines adapt\u00e9es \u00e0 tous les projets et \u00e0 tous les budgets. Nous vous accompagnons dans le choix du mod\u00e8le id\u00e9al pour concr\u00e9tiser votre projet en toute s\u00e9r\u00e9nit\u00e9.","og_url":"https:\/\/poolsparadise.fr\/?page_id=1290","og_site_name":"Pools Paradise","article_modified_time":"2026-02-25T14:41:33+00:00","og_image":[{"width":883,"height":886,"url":"https:\/\/poolsparadise.fr\/wp-content\/uploads\/2026\/02\/Capture-decran-2026-02-25-a-15.15.10-e1772029463183.png","type":"image\/png"}],"twitter_card":"summary_large_image","twitter_misc":{"Dur\u00e9e de lecture estim\u00e9e":"1 minute"},"schema":{"@context":"https:\/\/schema.org","@graph":[{"@type":"WebPage","@id":"https:\/\/poolsparadise.fr\/?page_id=1290","url":"https:\/\/poolsparadise.fr\/?page_id=1290","name":"catalogue - Pools Paradise","isPartOf":{"@id":"https:\/\/poolsparadise.fr\/#website"},"primaryImageOfPage":{"@id":"https:\/\/poolsparadise.fr\/?page_id=1290#primaryimage"},"image":{"@id":"https:\/\/poolsparadise.fr\/?page_id=1290#primaryimage"},"thumbnailUrl":"http:\/\/poolsparadise.fr\/wp-content\/uploads\/2026\/02\/Capture-decran-2026-02-25-a-15.15.10-e1772029463183.png","datePublished":"2026-02-18T14:44:49+00:00","dateModified":"2026-02-25T14:41:33+00:00","breadcrumb":{"@id":"https:\/\/poolsparadise.fr\/?page_id=1290#breadcrumb"},"inLanguage":"fr-FR","potentialAction":[{"@type":"ReadAction","target":["https:\/\/poolsparadise.fr\/?page_id=1290"]}]},{"@type":"ImageObject","inLanguage":"fr-FR","@id":"https:\/\/poolsparadise.fr\/?page_id=1290#primaryimage","url":"https:\/\/poolsparadise.fr\/wp-content\/uploads\/2026\/02\/Capture-decran-2026-02-25-a-15.15.10-e1772029463183.png","contentUrl":"https:\/\/poolsparadise.fr\/wp-content\/uploads\/2026\/02\/Capture-decran-2026-02-25-a-15.15.10-e1772029463183.png","width":883,"height":886},{"@type":"BreadcrumbList","@id":"https:\/\/poolsparadise.fr\/?page_id=1290#breadcrumb","itemListElement":[{"@type":"ListItem","position":1,"name":"Accueil","item":"https:\/\/poolsparadise.fr\/"},{"@type":"ListItem","position":2,"name":"catalogue"}]},{"@type":"WebSite","@id":"https:\/\/poolsparadise.fr\/#website","url":"https:\/\/poolsparadise.fr\/","name":"Pools Paradise","description":"","publisher":{"@id":"https:\/\/poolsparadise.fr\/#organization"},"potentialAction":[{"@type":"SearchAction","target":{"@type":"EntryPoint","urlTemplate":"https:\/\/poolsparadise.fr\/?s={search_term_string}"},"query-input":{"@type":"PropertyValueSpecification","valueRequired":true,"valueName":"search_term_string"}}],"inLanguage":"fr-FR"},{"@type":"Organization","@id":"https:\/\/poolsparadise.fr\/#organization","name":"Pools Paradise","url":"https:\/\/poolsparadise.fr\/","logo":{"@type":"ImageObject","inLanguage":"fr-FR","@id":"https:\/\/poolsparadise.fr\/#\/schema\/logo\/image\/","url":"https:\/\/poolsparadise.fr\/wp-content\/uploads\/2026\/01\/LOGO-HD-TRANSPARENCE-1536x1262-1.png","contentUrl":"https:\/\/poolsparadise.fr\/wp-content\/uploads\/2026\/01\/LOGO-HD-TRANSPARENCE-1536x1262-1.png","width":1536,"height":1262,"caption":"Pools Paradise"},"image":{"@id":"https:\/\/poolsparadise.fr\/#\/schema\/logo\/image\/"}}]}},"_links":{"self":[{"href":"https:\/\/poolsparadise.fr\/index.php?rest_route=\/wp\/v2\/pages\/1290","targetHints":{"allow":["GET"]}}],"collection":[{"href":"https:\/\/poolsparadise.fr\/index.php?rest_route=\/wp\/v2\/pages"}],"about":[{"href":"https:\/\/poolsparadise.fr\/index.php?rest_route=\/wp\/v2\/types\/page"}],"author":[{"embeddable":true,"href":"https:\/\/poolsparadise.fr\/index.php?rest_route=\/wp\/v2\/users\/1"}],"replies":[{"embeddable":true,"href":"https:\/\/poolsparadise.fr\/index.php?rest_route=%2Fwp%2Fv2%2Fcomments&post=1290"}],"version-history":[{"count":58,"href":"https:\/\/poolsparadise.fr\/index.php?rest_route=\/wp\/v2\/pages\/1290\/revisions"}],"predecessor-version":[{"id":1916,"href":"https:\/\/poolsparadise.fr\/index.php?rest_route=\/wp\/v2\/pages\/1290\/revisions\/1916"}],"wp:attachment":[{"href":"https:\/\/poolsparadise.fr\/index.php?rest_route=%2Fwp%2Fv2%2Fmedia&parent=1290"}],"curies":[{"name":"wp","href":"https:\/\/api.w.org\/{rel}","templated":true}]}}